{"id":7821,"date":"2025-05-02T19:29:31","date_gmt":"2025-05-02T19:29:31","guid":{"rendered":"https:\/\/nglgreece.org\/?page_id=7821"},"modified":"2025-05-02T19:29:31","modified_gmt":"2025-05-02T19:29:31","slug":"anakoinwseis-deltia-typoy-twn-eparxiakwn-megalwn-stown-ths-emste","status":"publish","type":"page","link":"https:\/\/nglgreece.org\/pt\/anakoinwseis-deltia-typoy-twn-eparxiakwn-megalwn-stown-ths-emste\/","title":{"rendered":"An\u00fancios e comunicados de imprensa das Grandes Lojas Provinciais do EMSTE"},"content":{"rendered":"<h2>AN\u00daNCIOS E COMUNICADOS DE IMPRENSA DAS PRINCIPAIS A\u00c7\u00d5ES REGIONAIS DA EMSTE<\/h2>\nNesta p\u00e1gina s\u00e3o apresentados todos os <strong>comunicados oficiais<\/strong> e <strong>notas de imprensa<\/strong> emitidos pelas <strong>Grandes Lojas Provinciais<\/strong> da <strong>Grande Loja Nacional da Gr\u00e9cia (GLNG)<\/strong>. O objetivo \u00e9 fornecer informa\u00e7\u00f5es precisas aos Irm\u00e3os e ao p\u00fablico em geral sobre as atividades, iniciativas e desenvolvimentos importantes em n\u00edvel provincial.","protected":false},"excerpt":{"rendered":"","protected":false},"author":1,"featured_media":0,"parent":0,"menu_order":0,"comment_status":"closed","ping_status":"closed","template":"","meta":{"pagelayer_contact_templates":[],"_pagelayer_content":"","footnotes":""},"class_list":["post-7821","page","type-page","status-publish","hentry"],"_links":{"self":[{"href":"https:\/\/nglgreece.org\/pt\/wp-json\/wp\/v2\/pages\/7821","targetHints":{"allow":["GET"]}}],"collection":[{"href":"https:\/\/nglgreece.org\/pt\/wp-json\/wp\/v2\/pages"}],"about":[{"href":"https:\/\/nglgreece.org\/pt\/wp-json\/wp\/v2\/types\/page"}],"author":[{"embeddable":true,"href":"https:\/\/nglgreece.org\/pt\/wp-json\/wp\/v2\/users\/1"}],"replies":[{"embeddable":true,"href":"https:\/\/nglgreece.org\/pt\/wp-json\/wp\/v2\/comments?post=7821"}],"version-history":[{"count":8,"href":"https:\/\/nglgreece.org\/pt\/wp-json\/wp\/v2\/pages\/7821\/revisions"}],"predecessor-version":[{"id":7832,"href":"https:\/\/nglgreece.org\/pt\/wp-json\/wp\/v2\/pages\/7821\/revisions\/7832"}],"wp:attachment":[{"href":"https:\/\/nglgreece.org\/pt\/wp-json\/wp\/v2\/media?parent=7821"}],"curies":[{"name":"wp","href":"https:\/\/api.w.org\/{rel}","templated":true}]}}