{"id":7264,"date":"2025-02-28T16:37:57","date_gmt":"2025-02-28T16:37:57","guid":{"rendered":"https:\/\/nglgreece.org\/?page_id=7264"},"modified":"2025-05-02T19:53:10","modified_gmt":"2025-05-02T19:53:10","slug":"p-g-l-da-grecia-ocidental-peloponeso","status":"publish","type":"page","link":"https:\/\/nglgreece.org\/pt\/p-g-l-da-grecia-ocidental-peloponeso\/","title":{"rendered":"PGL DA GR\u00c9CIA OCIDENTAL E DO PELOPONESO"},"content":{"rendered":"<h2>Bras\u00e3o de armas da Grande Loja Provincial da Gr\u00e9cia Ocidental e do Peloponeso<\/h2>\n\n\n\n\n\n\n\n\n\n\n\n\n\n\n\n\n\n\n\n\n\n\n\n\n\n\n\n\n\n\n\n\n\n\n\n\n\n\n\nA Grande Loja Provincial da Gr\u00e9cia Ocidental e do Peloponeso, sob os ausp\u00edcios da Grande Loja Nacional da Gr\u00e9cia (EMSTE), tem como escudo o conjunto de uma b\u00fassola dourada sobre um gn\u00f4mon dourado, com a letra G dourada ao centro, s\u00edmbolo do Grande Arquiteto do Universo, tudo isso sobre uma roseta poligonal marrom e circundado por dois ramos dourados de oliveira e ac\u00e1cia. O escudo \u00e9 dividido em quatro se\u00e7\u00f5es, alternando as cores branca e azul, e circundado por rosetas douradas e uma \u00e1rvore dourada. No topo do escudo, encontram-se os logotipos &quot;Grande Loja Provincial da Gr\u00e9cia Ocidental e do Peloponeso&quot; em letras pretas sobre pergaminho dourado e &quot;EMSTE&quot; em letras douradas. Sauda\u00e7\u00f5es do Vice-Ministro da Gr\u00e9cia Ocidental e do Peloponeso, Nikolaos Lampiris.\n<p><span style=\"font-size: 16px; color: rgb(89, 89, 89);\">Algumas palavras sobre a Grande Loja Provincial da Gr\u00e9cia Ocidental\u2026\n<br><br>\nO Grande Mestre Provincial, Mui Respeit\u00e1vel Irm\u00e3o Nik\u00f3laos Lamp\u00edris, d\u00e1 as boas-vindas \u00e0 Grande Loja Provincial da Gr\u00e9cia Ocidental e do Peloponeso.<br\/><br\/>\nA Grande Loja Provincial da Gr\u00e9cia Ocidental e do Peloponeso, sob os ausp\u00edcios da GRANDE LOJA NACIONAL DA GR\u00c9CIA (GLNG), foi fundada em 1994, tendo como primeiro Grande Mestre o Mui Respeit\u00e1vel Irm\u00e3o Dimitrios Po\u00fantzas. \u00c9 composta pelas Lojas:\n\t\u2022\tGermano dos Patriarcas de Patras, n\u00ba 1 (Patras)\n\t\u2022\tDione, n\u00ba 32 (Ioannina)\n\t\u2022\tDodoni, n\u00ba 98 (Ioannina)\n\t\u2022\tAc\u00e1cia, n\u00ba 100 (Kalamata)\n\t\u2022\tAlexandre Romas, n\u00ba 101 (Zacinto)\n\n\n<br><br>\nCom sauda\u00e7\u00f5es fraternais,\n<br><strong>\nO Grande Mestre Provincial da Gr\u00e9cia Ocidental e do Peloponeso\n<br>\nM\u2234R\u2234 I\u2234 Nik\u00f3laos Lamp\u00edris<\/span><\/p>\n\n\n\n\n\n\n\n\n\n\n\n<h2>PROGRAMA DE TRABALHOS DA G\u2234L\u2234P\u2234 DA GR\u00c9CIA OCIDENTAL E DO PELOPONESO<\/h2>\n\n\n\n\n\n\n1. ANTIGO MINISTRO PATRAS GERMANOS NO. 1 2. DIONI MINISTRO NO. 32 3. DODONI MINISTRO NO. 98 4. AKAKIA MINISTRO NO. 100 5. ALEXANDROS ROMA MINISTRO NO. 101\n\n\n\n\n\n\n\n\n\n<h2>Lodges Programa de trabalho Ep\u00edlogo Programa de trabalho. Gr\u00e9cia Ocidental e\nPeloponeso<\/h2>\n\n\n\n\n{\"title\":\"\", \"content\":\"<iframe src=\"\\\"https:><\/iframe>&#8220;}","protected":false},"excerpt":{"rendered":"","protected":false},"author":1,"featured_media":0,"parent":0,"menu_order":0,"comment_status":"closed","ping_status":"closed","template":"","meta":{"pagelayer_contact_templates":[],"_pagelayer_content":"","footnotes":""},"class_list":["post-7264","page","type-page","status-publish","hentry"],"_links":{"self":[{"href":"https:\/\/nglgreece.org\/pt\/wp-json\/wp\/v2\/pages\/7264","targetHints":{"allow":["GET"]}}],"collection":[{"href":"https:\/\/nglgreece.org\/pt\/wp-json\/wp\/v2\/pages"}],"about":[{"href":"https:\/\/nglgreece.org\/pt\/wp-json\/wp\/v2\/types\/page"}],"author":[{"embeddable":true,"href":"https:\/\/nglgreece.org\/pt\/wp-json\/wp\/v2\/users\/1"}],"replies":[{"embeddable":true,"href":"https:\/\/nglgreece.org\/pt\/wp-json\/wp\/v2\/comments?post=7264"}],"version-history":[{"count":5,"href":"https:\/\/nglgreece.org\/pt\/wp-json\/wp\/v2\/pages\/7264\/revisions"}],"predecessor-version":[{"id":7841,"href":"https:\/\/nglgreece.org\/pt\/wp-json\/wp\/v2\/pages\/7264\/revisions\/7841"}],"wp:attachment":[{"href":"https:\/\/nglgreece.org\/pt\/wp-json\/wp\/v2\/media?parent=7264"}],"curies":[{"name":"wp","href":"https:\/\/api.w.org\/{rel}","templated":true}]}}