{"id":6901,"date":"2025-01-16T10:44:01","date_gmt":"2025-01-16T10:44:01","guid":{"rendered":"https:\/\/nglgreece.org\/?page_id=6901"},"modified":"2025-09-25T11:08:15","modified_gmt":"2025-09-25T11:08:15","slug":"grande-loja-provincial-de-piraeus-e-das-ilhas-do-arquipelago-do-egeu","status":"publish","type":"page","link":"https:\/\/nglgreece.org\/pt\/grande-loja-provincial-de-piraeus-e-das-ilhas-do-arquipelago-do-egeu\/","title":{"rendered":"P.G.L. OF PIRAEUS AND THE ISLANDS OF THE AEGEAN ARCHIPELAGO"},"content":{"rendered":"<h2>BRAS\u00c3O DA GRANDE LOJA PROVINCIAL DO PIREU E DAS ILHAS DO ARQUIP\u00c9LAGO DO EGEU<\/h2>\n\n\n\n\n\n\n\n\n\n\n\n\n\n\n\n\n\n\n\n\n\n\n\n\n\n\n\n\n\n\n\n\n\n\n\n\n\n\n\nO bras\u00e3o que adorna a entrada principal do Edif\u00edcio Ma\u00e7\u00f4nico do Pireu possui um profundo conte\u00fado ma\u00e7\u00f4nico e filos\u00f3fico.<br\/><br\/>\n\nPoseidon, deus do mar, simboliza a for\u00e7a, o poder e a capacidade de controlar os elementos da natureza. Est\u00e1 associado \u00e0 busca dos mist\u00e9rios do mundo e \u00e0 compreens\u00e3o das leis mais profundas da natureza. Empunhando o tridente (tr\u00eas pontas), reina sobre as \u00e1guas.<br\/>\n<br\/>\nO Esquadro \u00e9 uma ferramenta arquitet\u00f4nica ancestral com a qual se verifica a exatid\u00e3o e se molda a mat\u00e9ria bruta. Para os ma\u00e7ons, \u00e9 o s\u00edmbolo que guia simbolicamente o autocontrole em todos os momentos da vida.<br\/><br\/>\n\nO Compasso, tamb\u00e9m uma ferramenta arquitet\u00f4nica antiga, tra\u00e7a o c\u00edrculo. O c\u00edrculo perfeito, segundo o fil\u00f3sofo Pit\u00e1goras, \u00e9 um s\u00edmbolo divino que representa a perfei\u00e7\u00e3o, a eternidade e a natureza c\u00edclica da vida. O c\u00edrculo n\u00e3o tem in\u00edcio nem fim, simbolizando a uni\u00e3o entre o mundo espiritual e o material, bem como a unidade do universo.<br\/><br\/>\n\u039f \u0398\u03c5\u03c1\u03b5\u03cc\u03c2 \u03c4\u03b7\u03c2 \u0395\u03c0\u03b1\u03c1\u03c7\u03af\u03b1\u03c2 \u03a0\u03b5\u03b9\u03c1\u03b1\u03b9\u03ac \u03ba\u03b1\u03b9 \u039d\u03ae\u03c3\u03c9\u03bd \u0391\u03c1\u03c7\u03b9\u03c0\u03b5\u03bb\u03ac\u03b3\u03bf\u03c5\u03c2 \u0391\u03b9\u03b3\u03b1\u03af\u03bf\u03c5 \u03c3\u03c5\u03bd\u03b4\u03c5\u03ac\u03b6\u03b5\u03b9 \u03c4\u03b7 \u039c\u03c5\u03b8\u03bf\u03bb\u03bf\u03b3\u03af\u03b1 \u03bc\u03b5 \u03c4\u03bf\u03bd \u03a4\u03b5\u03ba\u03c4\u03bf\u03bd\u03b9\u03c3\u03bc\u03cc \u03ba\u03b1\u03b8\u03ce\u03c2 \u03bf \u039c\u03c5\u03b8\u03b9\u03ba\u03cc\u03c2 \u03b8\u03b5\u03cc\u03c2 \u03c0\u03b5\u03c1\u03b9\u03ba\u03bb\u03b5\u03b9\u03cc\u03bc\u03b5\u03bd\u03bf\u03c2 \u03b1\u03c0\u03cc \u03c4\u03bf\u03bd \u0393\u03bd\u03ce\u03bc\u03bf\u03bd\u03b1 \u03ba\u03b1\u03b9 \u03c4\u03bf\u03bd \u0394\u03b9\u03b1\u03b2\u03ae\u03c4\u03b7, \u03c0\u03b1\u03c1\u03b1\u03bb\u03bb\u03b7\u03bb\u03af\u03b6\u03b5\u03c4\u03b1\u03b9 \u03bc\u03b5 \u03c4\u03bf\u03bd \u03bc\u03c5\u03b8\u03b9\u03ba\u03cc \u03b1\u03c1\u03c7\u03b9\u03c4\u03ad\u03ba\u03c4\u03bf\u03bd\u03b1 \u03a7\u03b9\u03c1\u03ac\u03bc \u03c0\u03bf\u03c5 \u03b1\u03bd\u03c4\u03b9\u03c0\u03c1\u03bf\u03c3\u03c9\u03c0\u03b5\u03cd\u03b5\u03b9 \u03c4\u03b7\u03bd \u03b1\u03bd\u03b1\u03b6\u03ae\u03c4\u03b7\u03c3\u03b7 \u03c4\u03b7\u03c2 \u03b1\u03bb\u03ae\u03b8\u03b5\u03b9\u03b1\u03c2 \u03ba\u03b1\u03b9 \u03c4\u03b7\u03c2 \u03c4\u03b5\u03bb\u03b5\u03b9\u03cc\u03c4\u03b7\u03c4\u03b1\u03c2 \u03bc\u03ad\u03c3\u03c9 \u03c4\u03b7\u03c2 \u03b5\u03c1\u03b3\u03b1\u03c3\u03af\u03b1\u03c2 \u03ba\u03b1\u03b9 \u03c4\u03b7\u03c2 \u03b1\u03c6\u03bf\u03c3\u03af\u03c9\u03c3\u03b7\u03c2 \u03c3\u03c4\u03b7\u03bd \u03ba\u03b1\u03c4\u03b1\u03c3\u03ba\u03b5\u03c5\u03ae \u03c4\u03bf\u03c5 \u03b5\u03c3\u03ce\u03c4\u03b5\u03c1\u03bf\u03c5 \u03bd\u03b1\u03bf\u03cd.\n\n\n\n\n\n\n\n\n\n\n\n\u03a7\u0391\u0399\u03a1\u0395\u03a4\u0399\u03a3\u039c\u039f\u03a3 \u0395\u03a0.\u039c\u0394 \u03a0\u0395\u0399\u03a1\u0391\u0399\u03a9\u03a3 \u039a\u0391\u0399 \u039d\u0397\u03a3\u03a9\u039d \u0391\u03a1\u03a7\u0399\u03a0\u0395\u039b\u0391\u0393\u039f\u03a5\u03a3 \u0391\u0399\u0393\u0391\u0399\u039f\u03a5\n\u03a0\u03b1\u03bd\u03b1\u03b3\u03b9\u03ce\u03c4\u03b7\u03c2 \u0392\u03bb\u03ac\u03c7\u03bf\u03c2\n<p><span style=\"font-size: 16px; color: rgb(89, 89, 89);\">\nA Prov\u00edncia do Pireu e das Ilhas do Arquip\u00e9lago do Egeu, como a mais antiga prov\u00edncia da GRANDE LOJA NACIONAL DA GR\u00c9CIA (GLNG), desempenhou um papel decisivo no desenvolvimento e funcionamento da Ordem desde a sua funda\u00e7\u00e3o. Com tr\u00eas Lojas fundadoras e contribui\u00e7\u00e3o cont\u00ednua no apoio aos valores e princ\u00edpios da GLNG, constitui um dos pilares fundamentais para a preserva\u00e7\u00e3o e promo\u00e7\u00e3o da fraternidade.<br\/><br\/>\nAs Lojas Ma\u00e7\u00f4nicas s\u00e3o oficinas espirituais, e a principal responsabilidade de cada Mestre Provincial \u00e9 garantir o bom funcionamento e a opera\u00e7\u00e3o ininterrupta das Lojas sob sua jurisdi\u00e7\u00e3o, concretizando ao mesmo tempo a vis\u00e3o do Gr\u00e3o-Mestre.<br\/><br\/>\nA Prov\u00edncia do Pireu e das Ilhas do Arquip\u00e9lago do Egeu, em constante desenvolvimento, cobre uma ampla regi\u00e3o geogr\u00e1fica, abrangendo no total 17 Lojas Ma\u00e7\u00f4nicas simb\u00f3licas distribu\u00eddas por todo o territ\u00f3rio sob sua jurisdi\u00e7\u00e3o. Entre elas, h\u00e1 uma Loja de l\u00edngua inglesa e uma de l\u00edngua alem\u00e3, bem como uma Loja de pesquisa e uma de finalidade especial. <br\/><br\/>\nEssa diversidade de Lojas e o pluralismo dos rituais de nossos trabalhos oferecem aos nossos membros a possibilidade de participar de v\u00e1rias express\u00f5es da arte ma\u00e7\u00f4nica. <br\/><br\/>\nAl\u00e9m disso, o Edif\u00edcio Ma\u00e7\u00f4nico do Pireu, totalmente renovado e moderno, abriga v\u00e1rias Lojas pertencentes a corpos ma\u00e7\u00f4nicos paralelos \u00e0 GRANDE LOJA NACIONAL DA GR\u00c9CIA. <br\/><br\/>\nCom apre\u00e7o, dou-lhe as boas-vindas a este espa\u00e7o digital em nome da Prov\u00edncia do Pireu e das Ilhas do Arquip\u00e9lago do Egeu, onde os valores ma\u00e7\u00f4nicos encontram a realidade contempor\u00e2nea. \n\n<br><br>\nCom sauda\u00e7\u00f5es fraternais,\n<br><strong>\n\u039f \u0395\u03c0\u03b1\u03c1\u03c7\u03b9\u03b1\u03ba\u03cc\u03c2 \u039c\u03ad\u03b3\u03b1\u03c2 \u0394\u03b9\u03b4\u03ac\u03c3\u03ba\u03b1\u03bb\u03bf\u03c2          \u03a0\u03b5\u03b9\u03c1\u03b1\u03b9\u03ce\u03c2 &#038; \u039d\u03ae\u03c3\u03c9\u03bd \u0391\u03c1\u03c7\u03b9\u03c0\u03b5\u03bb\u03ac\u03b3\u03bf\u03c5\u03c2 \u0391\u03b9\u03b3\u03b1\u03af\u03bf\u03c5\n<br>\nM\u2234R\u2234 Ir\u2234 Panagiotis Vlachos<\/span><\/p>\n\n\n\n\n\n\n\n\n\n\n\n\n\n<h2>\u03a3\u03c4\u03bf\u03ad\u03c2 \u03a5\u03c0\u03bf \u03c4\u03b7\u03bd \u0394\u03b9\u03ba\u03b1\u03b9\u03bf\u03b4\u03bf\u03c3\u03af\u03b1 \u03c4\u03b7\u03c2 \u0395\u03c0.\u039c. \u03a3\u03c4\u03bf\u03ac\u03c2 \u03a0\u03b5\u03b9\u03c1\u03b1\u03b9\u03ce\u03c2 &#038; \u039d\u03ae\u03c3\u03c9\u03bd \u0391\u03c1\u03c7\u03b9\u03c0\u03b5\u03bb\u03ac\u03b3\u03bf\u03c5\u03c2 \u0391\u03b9\u03b3\u03b1\u03af\u03bf\u03c5<\/h2>\n\n\n\n\n\n\n1. \u03a0\u0391\u03a1\u0398\u0395\u039d\u03a9\u039d \u03a5\u03a0\u2019 \u0391\u03a1. 3 (\u0399\u0394\u03a1\u03a5\u03a4\u0399\u039a\u0397 \u03a3\u03a4\u039f\u0391 &#8211; \u0391\u0393\u0393\u039b\u039f\u03a6\u03a9\u039d\u0397)\n\n\n2. \u039c\u0399\u0391\u039f\u03a5\u039b\u0397\u03a3 \u03a5\u03a0\u2019 \u0391\u03a1. 4 (\u0399\u0394\u03a1\u03a5\u03a4\u0399\u039a\u0397 \u03a3\u03a4\u039f\u0391)\n\n\n3. \u03a0\u0399\u03a3\u03a4\u0397\u03a3 \u03a5\u03a0\u2019 \u0391\u03a1. 5 (\u0399\u0394\u03a1\u03a5\u03a4\u0399\u039a\u0397 \u03a3\u03a4\u039f\u0391)\n\n\n4. \u0397\u03a1\u0391\u039a\u039b\u0397\u03a3 \u03a5\u03a0\u2019 \u0391\u03a1. 12\n\n\n5. \u0395\u039c\u03a0\u0395\u0394\u039f\u039a\u039b\u0397\u03a3 \u03a5\u03a0\u2019 \u0391\u03a1. 15\n\n\n6. \u03a6\u0399\u039b\u0399\u039a\u0397 \u0395\u03a4\u0391\u0399\u03a1\u0395\u0399\u0391 \u03a5\u03a0\u2019 \u0391\u03a1. 24\n\n\n7. \u039a\u0391\u039c\u0395\u0399\u03a1\u039f\u03a3 \u03a5\u03a0\u2019 \u0391\u03a1. 28\n\n\n8. \u03a3\u03a9\u039a\u03a1\u0391\u03a4\u0397\u03a3 \u03a5\u03a0\u2019 \u0391\u03a1. 31 (\u0393\u0395\u03a1\u039c\u0391\u039d\u039f\u03a6\u03a9\u039d\u0397)\n\n\n9. \u0392\u03a5\u0396\u0391\u03a3 \u03a5\u03a0\u2019 \u0391\u03a1. 44\n\n\n10. \u0394\u0391\u0399\u0394\u0391\u039b\u039f\u03a3 \u03a5\u03a0\u2019 \u0391\u03a1. 50\n\n\n11. \u0391\u039d\u03a4\/\u03a7\u039f\u03a3 \u03a0\u0391\u039d. \u0392\u039b\u0391\u03a7\u0391\u039a\u039f\u03a3 \u03a5\u03a0\u2019 \u0391\u03a1. 69\n\n\n12. \u0391\u03a0\u039f\u039b\u039b\u03a9\u039d\u0399\u039f\u03a3 \u039f \u03a1\u039f\u0394\u0399\u039f\u03a3 \u03a5\u03a0\u2019 \u0391\u03a1. 80\n\n\n13. \u0398\u0395\u039c\u0399\u03a3\u03a4\u039f\u039a\u039b\u0397\u03a3 \u03a5\u03a0\u2019 \u0391\u03a1. 96\n\n\n14. \u039a\u0391\u0398\u0397\u039a\u039f\u039d \u03a5\u03a0\u2019 \u0391\u03a1. 99\n\n\n15. \u03a0\u039b\u0391\u03a4\u03a9\u039d 1990 \u03a5\u03a0\u2019 \u0391\u03a1. 103\n\n\n16. \u0391\u03a4\u039b\u0391\u039d\u03a4\u0399\u03a3 \u03a5\u03a0&#8217; \u0391\u03a1. 107\n\n\n17. \u03a0\u039f\u03a3\u0395\u0399\u0394\u03a9\u039d\u0399\u0391 (\u0395\u03a1\u0395\u03a5\u039d\u0397\u03a4\u0399\u039a\u0397)\n\n\n18. \u0395\u03a0\u0399\u039c\u0395\u039b\u0397\u03a4\u03a9\u039d (\u0395\u0399\u0394\u0399\u039a\u039f\u03a5 \u03a3\u039a\u039f\u03a0\u039f\u03a5)\n\n\n19. \u0397\u03a6\u0391\u0399\u03a3\u03a4\u0399\u0391 (\u0395\u03a1\u0395\u03a5\u039d\u0397\u03a4\u0399\u039a\u0397) \u03a5\u03a0&#8217; \u0391\u03a1. 112\n\n\n20. \u0394\u0397\u039c\u0397\u03a4\u0397\u03a1 \u03a5\u03a0&#8217; \u0391\u03a1. 113\n\n\n21. \u0393. \u03a3\u039f\u03a5\u03a1\u0397\u03a3 \u03a5\u03a0&#8217; \u0391\u03a1. 114\n\n\n\n\n\n\n\n\n\n<h2>\u03a0\u03c1\u03cc\u03b3\u03c1\u03b1\u03bc\u03bc\u03b1 \u0395\u03c1\u03b3\u03b1\u03c3\u03b9\u03ce\u03bd \u03a3\u03c4\u03bf\u03ce\u03bd \u03c4\u03b7\u03c2 \u0395\u03c0. \u03a0\u03b5\u03b9\u03c1\u03b1\u03b9\u03ce\u03c2 &#038; \u039d\u03ae\u03c3\u03c9\u03bd \u0391\u03c1\u03c7\u03b9\u03c0\u03b5\u03bb\u03ac\u03b3\u03bf\u03c5\u03c2 \u0391\u03b9\u03b3\u03b1\u03af\u03bf\u03c5<\/h2>\n\n\n\n\n\n\n\n\n\n{\"title\":\"\", \"content\":\"<iframe src=\"\\\"https:><\/iframe>&#8220;}","protected":false},"excerpt":{"rendered":"","protected":false},"author":1,"featured_media":0,"parent":0,"menu_order":0,"comment_status":"closed","ping_status":"closed","template":"","meta":{"pagelayer_contact_templates":[],"_pagelayer_content":"","footnotes":""},"class_list":["post-6901","page","type-page","status-publish","hentry"],"_links":{"self":[{"href":"https:\/\/nglgreece.org\/pt\/wp-json\/wp\/v2\/pages\/6901","targetHints":{"allow":["GET"]}}],"collection":[{"href":"https:\/\/nglgreece.org\/pt\/wp-json\/wp\/v2\/pages"}],"about":[{"href":"https:\/\/nglgreece.org\/pt\/wp-json\/wp\/v2\/types\/page"}],"author":[{"embeddable":true,"href":"https:\/\/nglgreece.org\/pt\/wp-json\/wp\/v2\/users\/1"}],"replies":[{"embeddable":true,"href":"https:\/\/nglgreece.org\/pt\/wp-json\/wp\/v2\/comments?post=6901"}],"version-history":[{"count":16,"href":"https:\/\/nglgreece.org\/pt\/wp-json\/wp\/v2\/pages\/6901\/revisions"}],"predecessor-version":[{"id":8340,"href":"https:\/\/nglgreece.org\/pt\/wp-json\/wp\/v2\/pages\/6901\/revisions\/8340"}],"wp:attachment":[{"href":"https:\/\/nglgreece.org\/pt\/wp-json\/wp\/v2\/media?parent=6901"}],"curies":[{"name":"wp","href":"https:\/\/api.w.org\/{rel}","templated":true}]}}