{"id":6641,"date":"2025-01-11T14:10:57","date_gmt":"2025-01-11T14:10:57","guid":{"rendered":"https:\/\/nglgreece.org\/?page_id=6641"},"modified":"2025-02-09T21:23:55","modified_gmt":"2025-02-09T21:23:55","slug":"hfaistia","status":"publish","type":"page","link":"https:\/\/nglgreece.org\/pt\/hfaistia\/","title":{"rendered":"ACONTECIMENTOS"},"content":{"rendered":"<p>Loja. HFAISTIA n.\u00ba 112<\/p>\n\n\n\n\n<p style=\"text-align: right; \"><span style=\"font-size: 20px; color: rgb(255, 255, 255);\"><strong style=\"line-height: 1;\">LOREM CORPORATE CEO<\/strong><\/span><\/p><p style=\"text-align: center;\"><span style=\"color: rgb(255, 255, 255);\">Duis aute irure dolor in reprehenderit in voluptate velit esse cillum dolore eu fugiat nulla pariatur. Excepteur sint occaecat cupidatat non proident, sunt in culpa qui officia deserunt mollit anim id est laborum.<\/span><\/p><p style=\"text-align: left;\"><sign>&nbsp; &nbsp; &nbsp; <span style=\"line-height: 2.0;\">Benn Marshall<\/span><\/sign><\/p>\n\n\n\n\n<h2><strong>ESCUDO<\/strong><\/h2><br>\n\n\n<strong>A Loja Especial de Pesquisa \u201cHFAISTIA\u201d<\/strong> adota um escudo que representa uma composi\u00e7\u00e3o de s\u00edmbolos antigos gregos, mist\u00e9rios e inicia\u00e7\u00e3o, inspirando-se na mitologia, na filosofia e na arte da metalurgia, em combina\u00e7\u00e3o com a tradi\u00e7\u00e3o ma\u00e7\u00f4nica. Seu escudo \u00e9 uma obra de profundo significado simb\u00f3lico, que narra a hist\u00f3ria e o prop\u00f3sito da Loja.<br>\n<br>\n<h6><strong>O Fundo Dourado<\/strong><\/h6><br>\n\nA cor dourada predominante no escudo representa o sol, fonte de vida e luz, remetendo \u00e0 divindade solar Apolo. O ouro, como metal, simboliza a sabedoria divina, a ilumina\u00e7\u00e3o e a transforma\u00e7\u00e3o. Assim como Hefesto, o deus dos metais, molda o metal com o fogo, da mesma forma a \u201cHFAISTIA\u201d aspira a moldar a verdade e o conhecimento atrav\u00e9s do calor da pesquisa e da cria\u00e7\u00e3o.<br><br>\n\n\n\n\n\n<h6><strong>A Bigorna como S\u00edmbolo Central<\/strong><\/h6><br>\n\nA bigorna, elemento central no escudo, representa a principal ferramenta dos primeiros metalurgistas de Hefa\u00edstia, a antiga cidade estreitamente ligada a Hefesto, deus do fogo e da metalurgia. Os primeiros engenheiros da hist\u00f3ria trabalhavam com essas ferramentas, simbolizando a conex\u00e3o da Loja com a criatividade, a inventividade e a ci\u00eancia. A bigorna torna-se a ponte entre a antiguidade e a tecnologia moderna, onde os irm\u00e3os da Loja representam os \u201cnovos metalurgistas\u201d, engenheiros e especialistas em tecnologia.<br><br>\n\n<h6><strong>A Letra Dourada \u201c\u0397\u201d<\/strong><\/h6><br>\n\nA letra \u201c\u0397\u201d, que domina o escudo, carrega m\u00faltiplos significados. Simboliza Hefa\u00edstia, a cidade dedicada a Hefesto, enquanto tamb\u00e9m remete ao sol (Helios), fonte de energia criativa. A letra \u201c\u0397\u201d torna-se o elo entre a terra e o c\u00e9u, tal como Hefesto, que trabalha nas profundezas da terra para forjar armas divinas e s\u00edmbolos de harmonia.<br><br>\n\n<h6><strong>Esquadro e Compasso<\/strong><\/h6><br>\n\nO esquadro e o compasso, s\u00edmbolos cl\u00e1ssicos da ma\u00e7onaria, conferem sua pr\u00f3pria dimens\u00e3o ao escudo. Representam o equil\u00edbrio, a precis\u00e3o, a ordem e a harmonia buscadas pelos pesquisadores da Loja. Simbolizam o m\u00e9todo cient\u00edfico e a busca filos\u00f3fica, ao mesmo tempo em que declaram o compromisso com a constru\u00e7\u00e3o de um mundo melhor.<br>\n\n<h6><strong>Nomea\u00e7\u00e3o<\/strong><\/h6><br>\n\nHefa\u00edstia, como cidade antiga de Lemnos, est\u00e1 intimamente ligada aos Mist\u00e9rios Cab\u00edricos, que honravam o poder criador de Hefesto e a sabedoria primordial da natureza. Os irm\u00e3os da Loja inspiram-se nesses mist\u00e9rios, honrando a tradi\u00e7\u00e3o dos Cabiros, que carregam o conhecimento do fogo e da metalurgia como arte sagrada.<br><br>\n\n<h6><strong>Mensagem do Escudo<\/strong><\/h6><br>\n\nO escudo da \u201cHFAISTIA\u201d \u00e9 mais do que um emblema; \u00e9 uma representa\u00e7\u00e3o da miss\u00e3o da Loja. Com ra\u00edzes nos antigos artes\u00e3os e o olhar voltado para o futuro, a Loja busca unir a sabedoria da antiguidade com a tecnologia contempor\u00e2nea. \u00c9 um convite a todos os irm\u00e3os para participarem deste grande esfor\u00e7o pela ilumina\u00e7\u00e3o, conhecimento e cria\u00e7\u00e3o.\n\n\n\n\n\n\n\n\n<h2>PROP\u00d3SITO DA LOJA ESPECIAL DE PESQUISA \u201cHFAISTIA\u201d<\/h2>\n\n\n\n<strong>A Loja Especial de Pesquisa \u201cHFAISTIA\u201d tem como vis\u00e3o reunir irm\u00e3os com habilidades not\u00e1veis e especializa\u00e7\u00e3o em \u00e1reas relacionadas \u00e0 tecnologia, ci\u00eancias e engenharia, a fim de formar uma comunidade forte e inovadora. Seu prop\u00f3sito \u00e9 oferecer suporte tecnol\u00f3gico \u00e0 Grande Loja Nacional da Gr\u00e9cia (GLNG)\ne preparar o amanh\u00e3 por meio da \u00e9tica, da ci\u00eancia e da fraternidade.<\/strong>\n\n\n\n\n<p>O Lorem Ipsum tem sido o texto fict\u00edcio padr\u00e3o do setor desde os anos 1500.<\/p>\n\n\n\n\n\n\n\n<h2>A MISS\u00c3O<\/h2>\n\nA miss\u00e3o da \u201cHFAISTIA\u201d \u00e9 dupla. Por um lado, aspiramos atrair irm\u00e3os jovens e talentosos que se tornar\u00e3o o futuro da lideran\u00e7a tecnol\u00f3gica da GLNG. Por outro lado, buscamos promover a \u00e9tica e a ci\u00eancia em uma combina\u00e7\u00e3o forte e interligada. Pela primeira vez, a participa\u00e7\u00e3o em uma Loja baseia-se na qualidade moral do candidato e na sua liga\u00e7\u00e3o com a tecnologia e as ci\u00eancias, formando assim uma comunidade que integra \u00e9tica e conhecimento.\n\n<h2>OS VALORES<\/h2>\n\nNa \u201cHFAISTIA\u201d, a \u00e9tica precede tudo. O principal crit\u00e9rio para a admiss\u00e3o de um novo membro \u00e9 a sua integridade moral. No entanto, igualmente importante \u00e9 a sua forma\u00e7\u00e3o tecnol\u00f3gica ou especializa\u00e7\u00e3o em ci\u00eancias e engenharia. Os irm\u00e3os indicados para participa\u00e7\u00e3o na Loja devem combinar amor pelo conhecimento, compet\u00eancia tecnol\u00f3gica e desejo de contribuir com a sociedade e com a GLNG.\n\n\n\n\n\n<h2>A VIS\u00c3O<\/h2>\n\nO M\u2234G\u2234M\u2234, R\u2234Ir\u2234 Ioannis Benetatos destacou e guiou a Grande Loja Nacional da Gr\u00e9cia rumo a um reconhecimento de prest\u00edgio internacional, tornando agora essencial o apoio ao desenvolvimento tecnol\u00f3gico da GLNG. Com a ajuda dos irm\u00e3os fundadores, a \u201cprimeira semente\u201d da HFAISTIA, estabelece-se a base para unir irm\u00e3os que contribuir\u00e3o para o progresso moderno da GLNG. Na \u201cHFAISTIA\u201d, a tecnologia n\u00e3o \u00e9 apenas uma ferramenta, mas um meio de ilumina\u00e7\u00e3o, fraternidade e cria\u00e7\u00e3o.\n\n\n\n\n\n\n<p>O Lorem Ipsum tem sido o texto fict\u00edcio padr\u00e3o do setor desde os anos 1500.<\/p>\n\n\n\n\n<h2>QUEM S\u00c3O OS IRM\u00c3OS DA \u201cHFAISTIA\u201d<\/h2>\n\n\nOs irm\u00e3os que participam da \u201cHFAISTIA\u201d s\u00e3o <strong>INOVADORES<\/strong>&nbsp; com paix\u00e3o pelo conhecimento e pela cria\u00e7\u00e3o. Eles s\u00e3o os \"metal\u00fargicos\" modernos, trabalhando para criar, aprimorar e inspirar. Como os antigos artes\u00e3os de Hef\u00e9stia, nossos irm\u00e3os e irm\u00e3s trabalham com conhecimento, verdade e harmonia em mente.\n\n\n\nO Hephaestia Lodge n\u00e3o \u00e9 apenas uma comunidade; \u00e9 uma vis\u00e3o para o futuro. Ela \u00e9 o elo entre a \u00e9tica e a ci\u00eancia, convidando todos os irm\u00e3os a fazerem parte dessa miss\u00e3o \u00fanica. Impulsionados pela \u00e9tica e pela inova\u00e7\u00e3o, estamos construindo juntos o amanh\u00e3.","protected":false},"excerpt":{"rendered":"","protected":false},"author":1,"featured_media":0,"parent":0,"menu_order":0,"comment_status":"closed","ping_status":"closed","template":"","meta":{"pagelayer_contact_templates":[],"_pagelayer_content":"","footnotes":""},"class_list":["post-6641","page","type-page","status-publish","hentry"],"_links":{"self":[{"href":"https:\/\/nglgreece.org\/pt\/wp-json\/wp\/v2\/pages\/6641","targetHints":{"allow":["GET"]}}],"collection":[{"href":"https:\/\/nglgreece.org\/pt\/wp-json\/wp\/v2\/pages"}],"about":[{"href":"https:\/\/nglgreece.org\/pt\/wp-json\/wp\/v2\/types\/page"}],"author":[{"embeddable":true,"href":"https:\/\/nglgreece.org\/pt\/wp-json\/wp\/v2\/users\/1"}],"replies":[{"embeddable":true,"href":"https:\/\/nglgreece.org\/pt\/wp-json\/wp\/v2\/comments?post=6641"}],"version-history":[{"count":86,"href":"https:\/\/nglgreece.org\/pt\/wp-json\/wp\/v2\/pages\/6641\/revisions"}],"predecessor-version":[{"id":7198,"href":"https:\/\/nglgreece.org\/pt\/wp-json\/wp\/v2\/pages\/6641\/revisions\/7198"}],"wp:attachment":[{"href":"https:\/\/nglgreece.org\/pt\/wp-json\/wp\/v2\/media?parent=6641"}],"curies":[{"name":"wp","href":"https:\/\/api.w.org\/{rel}","templated":true}]}}