{"id":6073,"date":"2024-12-02T20:44:04","date_gmt":"2024-12-02T20:44:04","guid":{"rendered":"https:\/\/nglgreece.org\/?page_id=6073"},"modified":"2025-05-02T21:04:56","modified_gmt":"2025-05-02T21:04:56","slug":"grande-loja-provincial-de-atenas","status":"publish","type":"page","link":"https:\/\/nglgreece.org\/pt\/grande-loja-provincial-de-atenas\/","title":{"rendered":"PGL DE ATENAS"},"content":{"rendered":"<h2>BRAS\u00c3O DA GRANDE LOJA PROVINCIAL DE ATENAS<\/h2>\n\n\n\n\n\n\n\n\n\n\n\n\n\n\n\n\n\n\n\n\n\n\n\n\n\n\n\n\n\n\n\n\n\n\n\n\n\n\n\nO Bras\u00e3o da Grande Loja Provincial de Atenas \u00e9 rico em simbolismos, apresentados em duas partes principais e distintas: \u00e0 esquerda e \u00e0 direita.<br\/><br\/>\nNo lado esquerdo, apresenta os tr\u00eas principais estilos da arquitetura grega antiga. O estilo D\u00f3rico, s\u00edmbolo de for\u00e7a, simplicidade e coragem; o estilo Cor\u00edntio, s\u00edmbolo de perfei\u00e7\u00e3o, beleza e express\u00e3o art\u00edstica; e o estilo J\u00f4nico, s\u00edmbolo de sabedoria, delicadeza e eleg\u00e2ncia \u2014 adornam o lado esquerdo do bras\u00e3o sobre um fundo branco, que por sua vez simboliza a paz, a harmonia e a luz.<br\/><br>\nEntre eles, encontram-se apenas o Esquadro e o Compasso, s\u00edmbolos da Ma\u00e7onaria, com a letra G ao centro de todos, representando o Grande Arquiteto do Universo como centro divino, em cor dourada, a qual simboliza prest\u00edgio, energia divina e otimismo.<br\/><br\/>\nNo lado direito, h\u00e1 uma coruja, antigo s\u00edmbolo de Atenas e de nossa heran\u00e7a cultural, com um ramo de oliveira \u2014 s\u00edmbolo universal da paz.<br\/><br\/>\nO fundo azul representa estabilidade, espiritualidade e liberdade. A coroa de louros que adorna esta se\u00e7\u00e3o final \u00e9 s\u00edmbolo de vit\u00f3ria, honra e eternidade, que s\u00f3 podem ser alcan\u00e7adas atrav\u00e9s de prepara\u00e7\u00e3o adequada e luta.<br\/><br\/>\nPor fim, a cor roxa escolhida \u00e9 um s\u00edmbolo de respeito, espiritualidade e criatividade. Sauda\u00e7\u00f5es da Prefeitura Metropolitana de Atenas, Loukas Domestichos.\n<p><span style=\"font-size: 16px; color: rgb(89, 89, 89);\">Caros Irm\u00e3os,\n<br><br>\nEm nome da Grande Loja Provincial de Atenas, sob os ausp\u00edcios da Grande Loja Nacional da Gr\u00e9cia, e em virtude do meu cargo, envio-vos uma calorosa sauda\u00e7\u00e3o.\n<br><br>\nNosso legado ma\u00e7\u00f4nico \u00e9 inestim\u00e1vel e constitui n\u00e3o apenas um privil\u00e9gio, mas tamb\u00e9m, por consci\u00eancia, nosso dever de preserv\u00e1-lo para transmiti-lo intacto \u00e0s pr\u00f3ximas gera\u00e7\u00f5es.\n<br><br>\nA Grande Loja Provincial de Atenas, como guardi\u00e3 da Constitui\u00e7\u00e3o da Grande Loja Nacional da Gr\u00e9cia, trabalha incansavelmente para o funcionamento ordenado das 31 Lojas Simb\u00f3licas da regi\u00e3o e para a manuten\u00e7\u00e3o das tradi\u00e7\u00f5es ma\u00e7\u00f4nicas.\n<br><br>\nO Grande Secret\u00e1rio Provincial desempenha um papel central na garantia da comunica\u00e7\u00e3o cont\u00ednua com os Secret\u00e1rios das Lojas Simb\u00f3licas, assumindo o papel oficial na transmiss\u00e3o e recep\u00e7\u00e3o de todos os assuntos e a\u00e7\u00f5es ma\u00e7\u00f4nicas.\n<br><br>\nA Assembleia Geral Anual da Grande Loja Provincial \u00e9 o evento mais importante, onde \u00e9 realizado o balan\u00e7o e a avalia\u00e7\u00e3o do trabalho do ano anterior, e com base nisso, s\u00e3o nomeados os Grandes Oficiais.\n<br><br>\nNosso principal objetivo permanece o apoio constante \u00e0 obra do Gr\u00e3o-Mestre da Grande Loja Nacional da Gr\u00e9cia para as Lojas Simb\u00f3licas da regi\u00e3o de Atenas.\n<br><br>\nCom sauda\u00e7\u00f5es fraternais,\n<br><strong>\nO Grande Mestre Provincial de Atenas\n<br>\nM\u2234R\u2234I\u2234 Loukas Domestichos<\/span><\/p>\n\n\n\n\n\n\n\n\n\n\n\n\n\n\n\n\n\n\n\n\n<h2>Lojas sob a jurisdi\u00e7\u00e3o da Ep.M. Lodge of Athens<\/h2>\n\n\n\n\n\n\n1. ACROPOLIS 2 2. HELIOTROPION 8 3. \u00cdSIS 9 4. ATENAS SOFIA 11 5. HERACLETUS 10 6. GARIBALDI 13 7. RENASCIMENTO 17 8. LOCAIS ESTABELECIDOS 18 9. TRIPT\u00d3LEMO 19 10. ATTICA ASTR 21 11. PIT\u00c1GORAS 23 12. ADAMANTIOS KORAIS 42 13. S\u00c3O GEORGE 52 14. ARGO 54 15. LA FRANCE 58 16. HOMERO 59 17. PLUTARCO 62 18. HEL\u00c9NICO. HOTEL 67 19. PLATON 70 20. MEG. EPILETITON 74 21. LORD BYRON 76 22. ESTA\u00c7\u00c3O DE ATENAS 78 23. SAINT JOANNIS 88 24. LOGOS 89 25. ATH. LEFKADITIS 90 26. ISOTIS 1882 \u2013 97 27. FERDINANDOS 102 28. PLATON 103 29. ACROPOLIS 104 30. PROMETEU 105 31. EUROPA 108 32. SPYRIDON NAGOS 111\n\n\n\n\n\n\n\n\n\n<h2>Programa de Trabalho da Loja do Ep. Atenas<\/h2>\n\n\n\n\n{\"title\":\"\", \"content\":\"<iframe style=\"\\\"border:\" 0;\\\" src=\"\\\"https:><\/iframe>&#8220;}","protected":false},"excerpt":{"rendered":"","protected":false},"author":1,"featured_media":0,"parent":0,"menu_order":0,"comment_status":"closed","ping_status":"closed","template":"","meta":{"pagelayer_contact_templates":[],"_pagelayer_content":"","footnotes":""},"class_list":["post-6073","page","type-page","status-publish","hentry"],"_links":{"self":[{"href":"https:\/\/nglgreece.org\/pt\/wp-json\/wp\/v2\/pages\/6073","targetHints":{"allow":["GET"]}}],"collection":[{"href":"https:\/\/nglgreece.org\/pt\/wp-json\/wp\/v2\/pages"}],"about":[{"href":"https:\/\/nglgreece.org\/pt\/wp-json\/wp\/v2\/types\/page"}],"author":[{"embeddable":true,"href":"https:\/\/nglgreece.org\/pt\/wp-json\/wp\/v2\/users\/1"}],"replies":[{"embeddable":true,"href":"https:\/\/nglgreece.org\/pt\/wp-json\/wp\/v2\/comments?post=6073"}],"version-history":[{"count":13,"href":"https:\/\/nglgreece.org\/pt\/wp-json\/wp\/v2\/pages\/6073\/revisions"}],"predecessor-version":[{"id":7846,"href":"https:\/\/nglgreece.org\/pt\/wp-json\/wp\/v2\/pages\/6073\/revisions\/7846"}],"wp:attachment":[{"href":"https:\/\/nglgreece.org\/pt\/wp-json\/wp\/v2\/media?parent=6073"}],"curies":[{"name":"wp","href":"https:\/\/api.w.org\/{rel}","templated":true}]}}