{"id":471,"date":"2024-11-24T19:02:59","date_gmt":"2024-11-24T19:02:59","guid":{"rendered":"https:\/\/nglgreece.org\/?page_id=471"},"modified":"2024-11-24T19:07:00","modified_gmt":"2024-11-24T19:07:00","slug":"perguntas-frequentes","status":"publish","type":"page","link":"https:\/\/nglgreece.org\/pt\/perguntas-frequentes\/","title":{"rendered":"Perguntas frequentes"},"content":{"rendered":"<h2>PERGUNTAS FREQUENTES<\/h2>\n\n\n\n\n\n\n\n\n\n\n\n\n\n\nA Ma\u00e7onaria \u00e9 um sistema filos\u00f3fico antigo e universal que se concentra no cultivo moral e no aprimoramento pessoal. Seus princ\u00edpios s\u00e3o baseados no uso de s\u00edmbolos e tradi\u00e7\u00f5es que promovem o autoconhecimento, a solidariedade e a fraternidade.<br\/><br\/>\n\nN\u00e3o \u00e9 uma religi\u00e3o nem uma organiza\u00e7\u00e3o pol\u00edtica. Em vez disso, \u00e9 uma comunidade de pessoas que acreditam no valor da busca espiritual, do di\u00e1logo e da compreens\u00e3o m\u00fatua. Seu objetivo \u00e9 ajudar seus membros a desenvolver suas virtudes e promover o bem na sociedade.\n<br\/><br\/>\nA Ma\u00e7onaria, por meio de seus ensinamentos, refor\u00e7a a verdade, a justi\u00e7a e a liberdade, ao mesmo tempo em que promove o conceito de fraternidade universal, independentemente de religi\u00e3o, nacionalidade ou classe social.\n\n\n\n\n\n\n\n\n\nO sigilo na Ma\u00e7onaria tem sido frequentemente mal compreendido. Ele n\u00e3o envolve a oculta\u00e7\u00e3o de algum \"conhecimento secreto\", mas protege a natureza privada dos rituais e a natureza vinculativa da experi\u00eancia pessoal de cada membro.<br\/><br\/>\n\nO sigilo funciona como um meio de concentra\u00e7\u00e3o e reflex\u00e3o espiritual. Os rituais da Loja n\u00e3o s\u00e3o apenas atos simb\u00f3licos, mas ferramentas para aprimorar os valores morais e o autoaperfei\u00e7oamento.<br\/><br\/>\n\nAl\u00e9m disso, o sigilo oferece um espa\u00e7o seguro para que os membros desenvolvam suas personalidades sem interfer\u00eancia externa ou cr\u00edticas. \u00c9 importante observar que os princ\u00edpios e valores da Ma\u00e7onaria s\u00e3o conhecidos e est\u00e3o dispon\u00edveis para todos, e muitas das atividades das Lojas Ma\u00e7\u00f4nicas s\u00e3o p\u00fablicas.\n\n\n\n\n\n\n\n\n\nQualquer adulto do sexo masculino que tenha boa reputa\u00e7\u00e3o moral, respeite a vida humana e acredite em um Ser Superior pode se candidatar a membro.<br\/><br\/>\n\nN\u00e3o h\u00e1 discrimina\u00e7\u00e3o com base em religi\u00e3o, etnia ou classe social. Em vez disso, a Ma\u00e7onaria incentiva a diversidade, vendo-a como uma fonte de riqueza e aprendizado.<br\/><br\/>\n\nO processo de associa\u00e7\u00e3o \u00e9 transparente e envolve o envio de uma solicita\u00e7\u00e3o, uma entrevista com os membros da Loja e, se aprovada, a admiss\u00e3o por meio de um processo ritual\u00edstico. Esse processo n\u00e3o tem a inten\u00e7\u00e3o de excluir, mas de garantir que o novo membro compartilhe os valores da Fraternidade.\n\n\n\n\n\n\n\n\n\nA Ma\u00e7onaria trabalha para o aprimoramento moral do indiv\u00edduo e da sociedade. Seu objetivo \u00e9 desenvolver virtudes, cultivar a autoconsci\u00eancia e promover a solidariedade entre as pessoas.<br\/><br\/>\n\nPor meio dos ensinamentos e das a\u00e7\u00f5es simb\u00f3licas, os membros s\u00e3o incentivados a buscar a verdade, enfrentar suas paix\u00f5es e servir ao bem maior. Ao mesmo tempo, promove-se a caridade e a ajuda a outros seres humanos, seja por meio de a\u00e7\u00f5es organizadas ou individualmente.<br\/><br\/>\n\nA participa\u00e7\u00e3o em um c\u00edrculo ma\u00e7\u00f4nico n\u00e3o se limita a reuni\u00f5es e rituais, mas tamb\u00e9m inclui a\u00e7\u00f5es destinadas a melhorar a sociedade, como projetos de caridade e iniciativas educacionais.\n\n\n\n\n\n\n\n\n\nN\u00e3o, a Ma\u00e7onaria n\u00e3o se envolve ou influencia assuntos ou conflitos pol\u00edticos. Ela \u00e9 estritamente neutra e pro\u00edbe qualquer discuss\u00e3o pol\u00edtica ou religiosa durante as reuni\u00f5es.<br\/><br\/>\n\nOs ma\u00e7ons s\u00e3o incentivados a serem cidad\u00e3os ativos, respeitando as leis de seu pa\u00eds e contribuindo positivamente para a sociedade. No entanto, cren\u00e7as pol\u00edticas ou religiosas pessoais permanecem fora da estrutura ma\u00e7\u00f4nica.<br\/><br\/>\n\nO objetivo da Ma\u00e7onaria n\u00e3o \u00e9 mudar as estruturas sociais, mas formar pessoas melhores que, por meio de sua integridade pessoal, poder\u00e3o contribuir para a sociedade.\n\n\n\n\n\n\n\n\n\nA Grande Loja Nacional da Gr\u00e9cia foi reconhecida por muitas Grandes Lojas Regulares em todo o mundo. Por meio desses relacionamentos, a fraternidade e a coopera\u00e7\u00e3o globais s\u00e3o fortalecidas.<br\/><br\/>\n\nEsse reconhecimento \u00e9 baseado na preserva\u00e7\u00e3o dos Princ\u00edpios Can\u00f4nicos e na ades\u00e3o \u00e0s tradi\u00e7\u00f5es ma\u00e7\u00f4nicas internacionais. Essas rela\u00e7\u00f5es permitem a troca de pontos de vista e a participa\u00e7\u00e3o em atividades ma\u00e7\u00f4nicas globais, fortalecendo a posi\u00e7\u00e3o da NMS no movimento ma\u00e7\u00f4nico mundial.\n\n\n\n\n\n\n\n\n\nA hist\u00f3ria da Ma\u00e7onaria est\u00e1 profundamente enraizada nas tradi\u00e7\u00f5es e nos ideais que se desenvolveram ao longo dos s\u00e9culos. As primeiras lojas organizadas surgiram na Inglaterra no s\u00e9culo XVII, embora os elementos simb\u00f3licos da Ma\u00e7onaria derivem dos movimentos das guildas medievais dos construtores.<br\/><br\/>\n\nNa Gr\u00e9cia, a Ma\u00e7onaria est\u00e1 presente desde o s\u00e9culo 18. A primeira loja foi fundada nas Ilhas J\u00f4nicas, e a tradi\u00e7\u00e3o continuou e se expandiu ap\u00f3s a Revolu\u00e7\u00e3o Grega. A Grande Loja Nacional da Gr\u00e9cia foi fundada em 1986 e continua a operar com base nos Princ\u00edpios Can\u00f4nicos da Ma\u00e7onaria Universal.\n\n\n\n\n\n\n\n\n\nN\u00e3o, a Ma\u00e7onaria n\u00e3o \u00e9 uma religi\u00e3o. Embora exija que seus membros acreditem em um Ser Supremo, ela n\u00e3o se envolve em doutrinas ou pr\u00e1ticas religiosas.<br\/><br\/>\n\nPelo contr\u00e1rio, ela respeita todas as religi\u00f5es e reconhece a import\u00e2ncia da espiritualidade para cada indiv\u00edduo. A Ma\u00e7onaria busca atuar como um espa\u00e7o de di\u00e1logo e compreens\u00e3o, reunindo pessoas de diferentes origens culturais e religiosas.\n\n\n\n\n\n\n\n\n\nN\u00e3o, a Ma\u00e7onaria n\u00e3o \u00e9 uma \"sociedade secreta\". \u00c9 uma organiza\u00e7\u00e3o com princ\u00edpios e estruturas espec\u00edficos, conhecidos e acess\u00edveis ao p\u00fablico.<br\/><br\/>\n\nO uso do sigilo diz respeito apenas aos rituais e \u00e0 preserva\u00e7\u00e3o da experi\u00eancia pessoal dos membros. Isso ajuda a garantir a seriedade e o significado espiritual dos ensinamentos ma\u00e7\u00f4nicos.<br\/><br\/>\n\nAl\u00e9m disso, muitas das atividades da Grande Loja Nacional da Gr\u00e9cia, como projetos de caridade, s\u00e3o abertas ao p\u00fablico.\n\n\n\n\n\n\n\n\n\nA Ma\u00e7onaria tem desempenhado um papel importante na forma\u00e7\u00e3o de valores como liberdade, justi\u00e7a e solidariedade. Seus membros s\u00e3o incentivados a participar ativamente da vida social, ajudando seus semelhantes e promovendo o progresso.\n<br\/><br\/>\nA Grande Loja Nacional da Gr\u00e9cia ap\u00f3ia organiza\u00e7\u00f5es de caridade, desenvolve iniciativas culturais e promove o cultivo moral por meio do ensino e da aplica\u00e7\u00e3o pr\u00e1tica de seus valores.\n\n\n\n\n\n\n\n\n\nA participa\u00e7\u00e3o na Ma\u00e7onaria oferece a seus membros a oportunidade de se desenvolverem como indiv\u00edduos e como cidad\u00e3os. Os membros encontram um espa\u00e7o seguro para buscar a verdade, cultivar suas virtudes e construir relacionamentos de confian\u00e7a e coopera\u00e7\u00e3o.<br\/><br\/>\n\nPor meio da participa\u00e7\u00e3o em rituais, discuss\u00f5es e atividades conjuntas, os membros adquirem uma nova perspectiva de vida, aprimoram seu car\u00e1ter e contribuem ativamente para a forma\u00e7\u00e3o de uma sociedade melhor.\n\n\n\n\n\n\n\n\n\nSe quiser saber mais sobre a Ma\u00e7onaria e a Grande Loja Nacional da Gr\u00e9cia, preencha o formul\u00e1rio de contato em nosso site oficial, localizado no menu \"Contato\", ou entre em contato com nossa Secretaria por e-mail: <a href=\"mailto:grand.secretary@nglgreece.gr\">grand.secretary@nglgreece.gr<\/a>. Teremos prazer em responder \u00e0s suas perguntas e fornecer mais informa\u00e7\u00f5es sobre nossos princ\u00edpios e a\u00e7\u00f5es.","protected":false},"excerpt":{"rendered":"","protected":false},"author":1,"featured_media":0,"parent":0,"menu_order":0,"comment_status":"closed","ping_status":"closed","template":"","meta":{"pagelayer_contact_templates":[],"_pagelayer_content":"","footnotes":""},"class_list":["post-471","page","type-page","status-publish","hentry"],"_links":{"self":[{"href":"https:\/\/nglgreece.org\/pt\/wp-json\/wp\/v2\/pages\/471","targetHints":{"allow":["GET"]}}],"collection":[{"href":"https:\/\/nglgreece.org\/pt\/wp-json\/wp\/v2\/pages"}],"about":[{"href":"https:\/\/nglgreece.org\/pt\/wp-json\/wp\/v2\/types\/page"}],"author":[{"embeddable":true,"href":"https:\/\/nglgreece.org\/pt\/wp-json\/wp\/v2\/users\/1"}],"replies":[{"embeddable":true,"href":"https:\/\/nglgreece.org\/pt\/wp-json\/wp\/v2\/comments?post=471"}],"version-history":[{"count":8,"href":"https:\/\/nglgreece.org\/pt\/wp-json\/wp\/v2\/pages\/471\/revisions"}],"predecessor-version":[{"id":501,"href":"https:\/\/nglgreece.org\/pt\/wp-json\/wp\/v2\/pages\/471\/revisions\/501"}],"wp:attachment":[{"href":"https:\/\/nglgreece.org\/pt\/wp-json\/wp\/v2\/media?parent=471"}],"curies":[{"name":"wp","href":"https:\/\/api.w.org\/{rel}","templated":true}]}}