{"id":427,"date":"2024-11-24T16:40:00","date_gmt":"2024-11-24T16:40:00","guid":{"rendered":"https:\/\/nglgreece.org\/?page_id=427"},"modified":"2025-06-10T10:25:51","modified_gmt":"2025-06-10T10:25:51","slug":"calendario-dos-alojamentos-do-norte-da-grecia","status":"publish","type":"page","link":"https:\/\/nglgreece.org\/pt\/calendario-dos-alojamentos-do-norte-da-grecia\/","title":{"rendered":"CALEND\u00c1RIO DAS LOJAS DAS LOJAS PROVIS\u00d3RIAS DO OESTE E NORTE DA GR\u00c9CIA"},"content":{"rendered":"<h2>CALEND\u00c1RIO DAS GALERIAS PROVINCIAIS <br>CENTRO E NORTE DA GR\u00c9CIA<\/h2>\n\n\n\n\n\n\n{\"title\":\"\", \"content\":\"<iframe src=\"\\\"https:><\/iframe>&#8220;}","protected":false},"excerpt":{"rendered":"","protected":false},"author":1,"featured_media":0,"parent":0,"menu_order":0,"comment_status":"closed","ping_status":"closed","template":"","meta":{"pagelayer_contact_templates":[],"_pagelayer_content":"","footnotes":""},"class_list":["post-427","page","type-page","status-publish","hentry"],"_links":{"self":[{"href":"https:\/\/nglgreece.org\/pt\/wp-json\/wp\/v2\/pages\/427","targetHints":{"allow":["GET"]}}],"collection":[{"href":"https:\/\/nglgreece.org\/pt\/wp-json\/wp\/v2\/pages"}],"about":[{"href":"https:\/\/nglgreece.org\/pt\/wp-json\/wp\/v2\/types\/page"}],"author":[{"embeddable":true,"href":"https:\/\/nglgreece.org\/pt\/wp-json\/wp\/v2\/users\/1"}],"replies":[{"embeddable":true,"href":"https:\/\/nglgreece.org\/pt\/wp-json\/wp\/v2\/comments?post=427"}],"version-history":[{"count":6,"href":"https:\/\/nglgreece.org\/pt\/wp-json\/wp\/v2\/pages\/427\/revisions"}],"predecessor-version":[{"id":8031,"href":"https:\/\/nglgreece.org\/pt\/wp-json\/wp\/v2\/pages\/427\/revisions\/8031"}],"wp:attachment":[{"href":"https:\/\/nglgreece.org\/pt\/wp-json\/wp\/v2\/media?parent=427"}],"curies":[{"name":"wp","href":"https:\/\/api.w.org\/{rel}","templated":true}]}}