{"id":421,"date":"2024-11-24T16:35:46","date_gmt":"2024-11-24T16:35:46","guid":{"rendered":"https:\/\/nglgreece.org\/?page_id=421"},"modified":"2024-11-24T16:35:46","modified_gmt":"2024-11-24T16:35:46","slug":"calendario-dos-alojamentos-da-provincia-do-peloponeso-e-da-grecia-ocidental","status":"publish","type":"page","link":"https:\/\/nglgreece.org\/pt\/calendario-dos-alojamentos-da-provincia-do-peloponeso-e-da-grecia-ocidental\/","title":{"rendered":"CALEND\u00c1RIO DOS ALOJAMENTOS DA PROV\u00cdNCIA DO PELOPONESO E DA GR\u00c9CIA OCIDENTAL"},"content":{"rendered":"<h2>CALEND\u00c1RIO DE POUSADAS NA PROV\u00cdNCIA DO PELOPONESO E NO OESTE DA GR\u00c9CIA<\/h2>\n\n\n\n\n\n\n{\"title\":\"\", \"content\":\"<iframe src=\"\\\"https:><\/iframe>&#8220;}","protected":false},"excerpt":{"rendered":"","protected":false},"author":1,"featured_media":0,"parent":0,"menu_order":0,"comment_status":"closed","ping_status":"closed","template":"","meta":{"pagelayer_contact_templates":[],"_pagelayer_content":"","footnotes":""},"class_list":["post-421","page","type-page","status-publish","hentry"],"_links":{"self":[{"href":"https:\/\/nglgreece.org\/pt\/wp-json\/wp\/v2\/pages\/421","targetHints":{"allow":["GET"]}}],"collection":[{"href":"https:\/\/nglgreece.org\/pt\/wp-json\/wp\/v2\/pages"}],"about":[{"href":"https:\/\/nglgreece.org\/pt\/wp-json\/wp\/v2\/types\/page"}],"author":[{"embeddable":true,"href":"https:\/\/nglgreece.org\/pt\/wp-json\/wp\/v2\/users\/1"}],"replies":[{"embeddable":true,"href":"https:\/\/nglgreece.org\/pt\/wp-json\/wp\/v2\/comments?post=421"}],"version-history":[{"count":2,"href":"https:\/\/nglgreece.org\/pt\/wp-json\/wp\/v2\/pages\/421\/revisions"}],"predecessor-version":[{"id":423,"href":"https:\/\/nglgreece.org\/pt\/wp-json\/wp\/v2\/pages\/421\/revisions\/423"}],"wp:attachment":[{"href":"https:\/\/nglgreece.org\/pt\/wp-json\/wp\/v2\/media?parent=421"}],"curies":[{"name":"wp","href":"https:\/\/api.w.org\/{rel}","templated":true}]}}