{"id":315,"date":"2024-11-22T20:53:05","date_gmt":"2024-11-22T20:53:05","guid":{"rendered":"https:\/\/nglgreece.org\/?page_id=315"},"modified":"2024-11-24T18:06:08","modified_gmt":"2024-11-24T18:06:08","slug":"museu-da-nglg","status":"publish","type":"page","link":"https:\/\/nglgreece.org\/pt\/museu-da-nglg\/","title":{"rendered":"Museu"},"content":{"rendered":"<h2>MUSEU DA G\u2234L\u2234N\u2234G\u2234 DA GR\u00c9CIA<\/h2>\n\n<strong>O MUSEU MA\u00c7\u00d4NICO FOI FUNDADO EM 2006<\/strong> por iniciativa dos irm\u00e3os da mais antiga Loja da Gr\u00e9cia, PHOENIX CORFU, e est\u00e1 localizado no segundo andar do edif\u00edcio pr\u00f3prio da Loja em Corfu, ocupando uma \u00e1rea de 70 metros quadrados.<br>\n<br>\nAbriga lembran\u00e7as ma\u00e7\u00f4nicas <strong>tanto da Loja Phoenix, fundada em 1818<\/strong>, quanto de antigas Lojas de pot\u00eancias ma\u00e7\u00f4nicas estrangeiras que operaram em Corfu do final do s\u00e9culo XVIII at\u00e9 o in\u00edcio do s\u00e9culo XIX.<br><br>\n\n<h6>Uma rica Cole\u00e7\u00e3o Ma\u00e7\u00f4nica<\/h6>\n<br>\nA cole\u00e7\u00e3o inclui rel\u00edquias das Lojas PYTHAGORAS, SAN NAPOLEON, LA PAIX, BENEFICENZA, UNITED BENEFICENZA, Philogenia, PROGRESS, Uni\u00e3o de Lefkada, entre outras, como espadas antigas, conjuntos de porcelana, aventais e j\u00f3ias, diplomas e diversos souvenirs da trajet\u00f3ria da Loja Phoenix de 1818 at\u00e9 hoje.<br><br>\n\n<strong>Um dos exemplares mais importantes do museu \u00e9 o estatuto original e \u00fanico da primeira Grande Loja em territ\u00f3rio grego<\/strong>, a <a href=\"https:\/\/www.irish-freemasonry.org.uk\/CORFU%20Article.pdf\">Serene Grand Orient of Greece<\/a>, fundada por Dionysios Romas, junto com sua espada pessoal e v\u00e1rios documentos hist\u00f3ricos do rico arquivo ma\u00e7\u00f4nico da Loja Phoenix.\n<br><br>\n\nDesde 2013, o Museu Ma\u00e7\u00f4nico da Loja \u00e9 membro da Associa\u00e7\u00e3o Internacional de Museus, Bibliotecas e Arquivos Ma\u00e7\u00f4nicos.\n<br><br>\n\n\nVoc\u00ea pode visitar o Museu Ma\u00e7\u00f4nico Grego entrando em contato com a Loja Phoenix de Corfu.","protected":false},"excerpt":{"rendered":"","protected":false},"author":1,"featured_media":0,"parent":0,"menu_order":0,"comment_status":"closed","ping_status":"closed","template":"","meta":{"pagelayer_contact_templates":[],"_pagelayer_content":"","footnotes":""},"class_list":["post-315","page","type-page","status-publish","hentry"],"_links":{"self":[{"href":"https:\/\/nglgreece.org\/pt\/wp-json\/wp\/v2\/pages\/315","targetHints":{"allow":["GET"]}}],"collection":[{"href":"https:\/\/nglgreece.org\/pt\/wp-json\/wp\/v2\/pages"}],"about":[{"href":"https:\/\/nglgreece.org\/pt\/wp-json\/wp\/v2\/types\/page"}],"author":[{"embeddable":true,"href":"https:\/\/nglgreece.org\/pt\/wp-json\/wp\/v2\/users\/1"}],"replies":[{"embeddable":true,"href":"https:\/\/nglgreece.org\/pt\/wp-json\/wp\/v2\/comments?post=315"}],"version-history":[{"count":14,"href":"https:\/\/nglgreece.org\/pt\/wp-json\/wp\/v2\/pages\/315\/revisions"}],"predecessor-version":[{"id":466,"href":"https:\/\/nglgreece.org\/pt\/wp-json\/wp\/v2\/pages\/315\/revisions\/466"}],"wp:attachment":[{"href":"https:\/\/nglgreece.org\/pt\/wp-json\/wp\/v2\/media?parent=315"}],"curies":[{"name":"wp","href":"https:\/\/api.w.org\/{rel}","templated":true}]}}