{"id":24,"date":"2024-11-15T20:12:09","date_gmt":"2024-11-15T20:12:09","guid":{"rendered":"https:\/\/nglgreece.org\/home\/"},"modified":"2026-04-28T13:25:15","modified_gmt":"2026-04-28T13:25:15","slug":"about-us","status":"publish","type":"page","link":"https:\/\/nglgreece.org\/pt\/about-us\/","title":{"rendered":"About Us"},"content":{"rendered":"<br>\n<h1>GRANDE LOJA NACIONAL DA GR\u00c9CIA<\/h1>\n<p style=\"text-align: center; font-family:open sans; font-size: 18px; font-weight: 400; color: rgb(255, 255, 255); line-height: 31px;\">Cultivamos a Virtude, Inspiramos a Fraternidade, Iluminamos o Caminho para a Verdade.<\/p>\n\n\n\n\n\n\n\n\n\n\n\n\n\n\n\n\n\n\nA FILOSOFIA DA GRANDE LOJA NACIONAL DA GR\u00c9CIA\n\n\n\n<p style=\"color: black !important; text-align: justify;\">\n   <strong>A Grande Loja Nacional da Gr\u00e9cia<\/strong> \u00e9 dedicada \u00e0 busca dos princ\u00edpios Ma\u00e7\u00f4nicos, fundamentados em tradi\u00e7\u00f5es antigas com relev\u00e2ncia contempor\u00e2nea. Fundada com a vis\u00e3o e a devo\u00e7\u00e3o de nossos Irm\u00e3os fundadores, buscamos cultivar uma comunidade onde a livre pr\u00e1tica da Ma\u00e7onaria flores\u00e7a, honrando os valores fundamentais da integridade, do respeito e da ilumina\u00e7\u00e3o.\n<br\/><br\/>\nNossa abordagem filos\u00f3fica \u00e9 preservar e difundir os princ\u00edpios atemporais da fraternidade, da integridade moral e do desenvolvimento espiritual. Comprometemo-nos a criar um ambiente onde cada Irm\u00e3o possa aprofundar seu conhecimento e viv\u00eancia ma\u00e7\u00f4nica, contribuindo positivamente para a sociedade.\n<br\/><br\/>\nNosso objetivo \u00e9 manter o rico legado de nossas tradi\u00e7\u00f5es ma\u00e7\u00f4nicas, ao mesmo tempo em que nos adaptamos \u00e0s necessidades modernas, garantindo que a Ma\u00e7onaria na Gr\u00e9cia permane\u00e7a um farol de orienta\u00e7\u00e3o moral e filos\u00f3fica. Por meio de nossos esfor\u00e7os coletivos, buscamos inspirar e cultivar a lideran\u00e7a, o servi\u00e7o social e o crescimento pessoal, deixando uma marca significativa no mundo ao nosso redor.\n<\/p>\n\n\n\n\n\n\n\n\n\n\n\nHIST\u00d3RIA DA GLNG\n\n\n\n\n\n\n<h2>Funda\u00e7\u00e3o da Grande Loja Nacional da Gr\u00e9cia<\/h2><hr>\n<p style=\"color: black !important; text-align: justify;\"><br>A Grande Loja Nacional da Gr\u00e9cia foi fundada em 7 de junho de 1986 por Irm\u00e3os que pertenciam \u00e0 Grande Loja da Gr\u00e9cia, a \u00fanica pot\u00eancia ma\u00e7\u00f4nica no pa\u00eds at\u00e9 ent\u00e3o. Embora na \u00e9poca a cria\u00e7\u00e3o dessa nova Grande Loja tenha sido uma necessidade, ningu\u00e9m poderia imaginar a magnitude da sua justifica\u00e7\u00e3o.\n\n\u00c9 importante destacar que os intentos dos pioneiros \u2014 fundadores daquela \u00e9poca \u2014 n\u00e3o visavam criar uma nova Grande Loja. Ao contr\u00e1rio, esses nossos Irm\u00e3os acreditavam no livre exerc\u00edcio da Ma\u00e7onaria, como ocorre em todos os pa\u00edses do mundo. No entanto, tal liberdade n\u00e3o era poss\u00edvel na Gr\u00e9cia daquela \u00e9poca, sob a \u00e9gide da Grande Loja da Gr\u00e9cia. Assim, a forma\u00e7\u00e3o de uma nova Pot\u00eancia tornou-se necess\u00e1ria.\n\nApresentamos, portanto, uma vis\u00e3o geral dos acontecimentos, para melhor compreender o contexto daquele per\u00edodo e a necessidade \u00e0 qual j\u00e1 nos referimos.<\/p>\n<br\/><h2>Evolu\u00e7\u00e3o do Rito Ma\u00e7\u00f4nico na Gr\u00e9cia<\/h2><hr>\n<p style=\"color: black !important; text-align: justify;\"><br>A origem da forma atual da Ma\u00e7onaria na Gr\u00e9cia remonta ao ano de 1940. At\u00e9 ent\u00e3o, a entidade existente era um Corpo Ma\u00e7\u00f4nico denominado \u201cSeren\u00edssimo Grande Oriente da Gr\u00e9cia\u201d, o qual era controlado pelo \u201cSupremo Conselho do 33\u00ba\u201d, que representava o \u201cRito Escoc\u00eas\u201d, embora essa rela\u00e7\u00e3o se limitasse apenas aos tr\u00eas primeiros graus. Em 1940, o Supremo Conselho, teoricamente, retirou o controle sobre os tr\u00eas primeiros graus, os quais passaram a adotar o nome de \u201cGrande Loja da Gr\u00e9cia\u201d. A Grande Loja da Gr\u00e9cia, como \u00fanica forma existente da Ma\u00e7onaria Simb\u00f3lica, recebeu o reconhecimento da Grande Loja Unida da Inglaterra em 1948, sob condi\u00e7\u00f5es, no entanto, especiais. Essas condi\u00e7\u00f5es referiam-se \u00e0 obriga\u00e7\u00e3o da Grande Loja de tomar todas as medidas que a afastassem gradualmente das pr\u00e1ticas do Grande Oriente da Fran\u00e7a, adotando estritamente os Antigos Marcos da Ordem. No entanto, a aplica\u00e7\u00e3o dessas condi\u00e7\u00f5es foi inexistente, pois o novo Corpo continuava a funcionar da mesma forma. Apesar da cria\u00e7\u00e3o da Loja de l\u00edngua inglesa \u201cPARTHENON\u201d n\u00ba 112, em 1952, a qual foi fundada e operava estritamente de acordo com os Antigos Marcos, nenhuma mudan\u00e7a substancial ocorreu. Ao contr\u00e1rio, e repetidamente, no in\u00edcio da d\u00e9cada de 1970, a lideran\u00e7a da Grande Loja demonstrou falta de disposi\u00e7\u00e3o para se conformar com as pr\u00e1ticas corretas.<\/p>\n<br\/><h2>Apari\u00e7\u00e3o da Grande Loja Nacional<\/h2><hr>\n<p style=\"color: black !important; text-align: justify;\"><br>Em mar\u00e7o de 1976, alguns Irm\u00e3os entusiastas e zelosos, cuja maioria se esfor\u00e7ava arduamente para alinhar a Ma\u00e7onaria Grega com os Antigos Marcos, foram iniciados nos graus al\u00e9m do Simbolismo Ma\u00e7\u00f4nico do Rito de York, por Grandes Oficiais da Ordem de York, liderados ent\u00e3o pelo Eminent\u00edssimo Irm\u00e3o Eumenes Kaloudis, Gr\u00e3o-Prior do Supremo Grande Cap\u00edtulo da Alemanha. A vis\u00e3o de estabelecer na Gr\u00e9cia um Sistema Ma\u00e7\u00f4nico Regular com reconhecimento mundial e atua\u00e7\u00e3o al\u00e9m dos graus simb\u00f3licos, concebida pelo Eminente Irm\u00e3o Eumenes Kaloudis e pelo Irm\u00e3o Pantaleon Frangedakis, come\u00e7ava a tomar forma concreta. Os Corpos de Graus (Cap\u00edtulos do Arco Real, Conselhos e Comandarias) formaram o \u201cGrande Cap\u00edtulo da Gr\u00e9cia\u201d, o qual rapidamente conquistou reconhecimento internacional. Esse esfor\u00e7o expandiu-se, e muitos Irm\u00e3os passaram a integrar esse novo Corpo.<\/p>\n\n\n<p style=\"color: black !important; text-align: justify;\"><br>A principal raz\u00e3o era o forte desejo de muitos Irm\u00e3os de exercer seu direito ao progresso e \u00e0 complementa\u00e7\u00e3o de seus conhecimentos e experi\u00eancias ma\u00e7\u00f4nicas, especialmente como membros do Arco Real. Isso, evidentemente, era imposs\u00edvel dentro da estrutura da Grande Loja da Gr\u00e9cia, cujo Regulamento Geral n\u00e3o previa a exist\u00eancia do Arco Real e era influenciado e\/ou controlado pelo \u201cSupremo Conselho do 33\u00ba\u201d. Pouco tempo depois, a lideran\u00e7a desse novo Corpo Ma\u00e7\u00f4nico empenhou-se em fortalecer os la\u00e7os entre os tr\u00eas Corpos Ma\u00e7\u00f4nicos na Gr\u00e9cia: a \u201cGRANDE LOJA DA GR\u00c9CIA\u201d, o \u201cSUPREMO CONSELHO DO 33\u00ba\u201d e o \u201cGRANDE CAP\u00cdTULO DA GR\u00c9CIA\u201d, com base no respeito e coopera\u00e7\u00e3o m\u00fatuos. De fato, em outubro de 1978, foi assinada uma carta de inten\u00e7\u00f5es pelos \u00f3rg\u00e3os competentes, e o resultado foi considerado bastante promissor. Ainda assim, n\u00e3o havia inten\u00e7\u00e3o de cria\u00e7\u00e3o de uma nova Grande Loja. Os mais otimistas acreditavam que o funcionamento exemplar do Grande Cap\u00edtulo acabaria por convencer a Grande Loja a modificar a sua pr\u00f3pria forma de atua\u00e7\u00e3o.<\/p>\n<br\/><h2>A constitui\u00e7\u00e3o e o reconhecimento da Grande Loja Nacional da Gr\u00e9cia<\/h2><hr>\n<p style=\"color: black !important; text-align: justify;\"><br>7 de junho de 1986: Funda\u00e7\u00e3o da Grande Loja Nacional da Gr\u00e9cia, composta por seis (6) Lojas (cerca de 250 membros), que anteriormente estavam sob a jurisdi\u00e7\u00e3o da Grande Loja da Gr\u00e9cia. A cerim\u00f4nia de instala\u00e7\u00e3o foi conduzida pelo saudoso M\u2234R\u2234 Ir\u2234 William R.J. Eve, P\u2234M\u2234 Di\u00e1cono da Grande Loja Unida da Inglaterra e primeiro Grande Mestre Adjunto da Grande Loja Nacional da Gr\u00e9cia, na cidade de Atenas.<br\/>\n<p style=\"color: black !important; text-align: justify;\"><strong> 1993 - 1999: A Grande Loja Unida da Inglaterra decidiu retirar seu reconhecimento da Grande Loja da Gr\u00e9cia e, em vez disso, reconhecer a Grande Loja Nacional da Gr\u00e9cia. As Grandes Lojas da Irlanda e da Esc\u00f3cia fizeram o mesmo.<\/p><\/strong>\n<br\/>\n<p style=\"color: black !important; text-align: justify;\">\n1999: A UGLE decidiu revogar a decis\u00e3o de 1993. O reconhecimento foi retirado da Grande Loja Nacional da Gr\u00e9cia. Na decis\u00e3o, declara-se que a UGLE considera Regulares ambas as Grandes Lojas da Gr\u00e9cia. Conforme registrado no livro de Rela\u00e7\u00f5es Exteriores da UGLE (UGLE\u2019s Foreign Relations book 1950\u20132000), intitulado Policy and Practice, p\u00e1gina 33: <p style=\"color: black !important;\"><strong>\u201c\u2026 revogar o reconhecimento da Grande Loja Nacional da Gr\u00e9cia apesar da sua cont\u00ednua regularidade\u2026\u201d<\/p><\/strong><br\/>\n<p style=\"color: black !important; text-align: justify;\"> O reconhecimento foi retirado da G.L.N.G. como tentativa da UGLE de incentivar as duas Grandes Lojas a discutirem o reconhecimento m\u00fatuo. A nossa Grande Loja, em 2 de janeiro de 2019, declarou que as duas Grandes Lojas compartilham o territ\u00f3rio grego (sharing the territory) e enviou essa declara\u00e7\u00e3o por e-mail para todas as Grandes Lojas Regulares da Europa. O mesmo foi reiterado em 23 de mar\u00e7o de 2019 durante a Confer\u00eancia Europeia dos Gr\u00e3o-Mestres em M\u00f4naco. At\u00e9 o momento, a Grande Loja da Gr\u00e9cia n\u00e3o aceitou o reconhecimento m\u00fatuo nem o compartilhamento do mesmo territ\u00f3rio com a nossa Grande Loja, a Grande Loja Nacional da Gr\u00e9cia.<\/p>\n<br\/>\n<strong>A Grande Loja Nacional da Gr\u00e9cia \u00e9 uma Grande Loja Regular.<\/strong><\/p>\n<br\/><h2>Lideran\u00e7a da Grande Loja Nacional da Gr\u00e9cia<\/h2><hr>\n<p style=\"color: black !important; text-align: justify;\"><br>O primeiro Gr\u00e3o-Mestre da Grande Loja Nacional da Gr\u00e9cia, eleito em 1986, foi o saudoso V\u2234Ir\u2234 Stefanos Paipetis, professor de Engenharia no Departamento de Engenharia Mec\u00e2nica e Aeron\u00e1utica da Universidade de Patras.<\/p>\n\n\n\n\n\n\n\n\n\n\n\n<p>Os Selos Postais da Grande Loja Nacional da Gr\u00e9cia<\/p>\n\nOs selos da EMSTE foram emitidos em 2007 e refletem a unidade e os valores da Ma\u00e7onaria grega, sendo itens colecion\u00e1veis exclusivos de import\u00e2ncia hist\u00f3rica e tect\u00f4nica.\n\n\n\n\n\nHomens de 21 a 99 anos\nParticipe da fraternidade que est\u00e1 crescendo mais rapidamente na Gr\u00e9cia\n\n\n\n<p style=\"text-align: justify; font-family: open sans;  font-size: 15px;font-weight:400;color:#8d9297;line-height: 28px;\">O Amor Fraternal entre os Ma\u00e7ons encarna o apoio m\u00fatuo, o respeito e a solidariedade, promovendo a unidade e o desenvolvimento moral entre os Irm\u00e3os.<\/p>\n\n\n<p style=\"text-align: justify; font-family: open sans;  font-size: 15px;font-weight:400;color:#8d9297;line-height: 28px;\">A Verdade na Ma\u00e7onaria \u00e9 um valor fundamental, simbolizando a busca pelo conhecimento, pela integridade moral e pelo autoconhecimento sincero dos Irm\u00e3os.<\/p>\n\n\n<p style=\"text-align: justify; font-family: open sans;  font-size: 15px;font-weight:400;color:#8d9297;line-height: 28px;\">A Caridade na Ma\u00e7onaria expressa a doa\u00e7\u00e3o altru\u00edsta, a ajuda ao pr\u00f3ximo e o apoio aos mais necessitados com esp\u00edrito de solidariedade.<\/p>\n\n\n\n\n\n\n\n\"Torne-se um ma\u00e7om\"\n\n<p style=\"text-align: center; font-family:open sans; font-size: 18px; font-weight: 400; color: rgb(255, 255, 255); line-height: 31px;\">Torne-se membro da Ma\u00e7onaria \u2013 Descubra a Sabedoria, Fortale\u00e7a a Fraternidade, Ilumine o seu Caminho e torne-se a melhor vers\u00e3o de si mesmo.<\/p>\n\n\n\n\nEm 2001, o Ir\u2234 Ioannis Roussos, pioneiro para a \u00e9poca, criou o site www.nglgreece.org, o qual at\u00e9 hoje promove a GLNG e a Ma\u00e7onaria Grega com funcionamento exemplar.\n<br\/><br\/>\n\nAgradecimentos especiais s\u00e3o dirigidos ao M\u2234R\u2234 Ir\u2234 Ioannis Roussos, Ex-Gr\u00e3o-Mestre Adjunto, criador e idealizador da presen\u00e7a da GLNG no espa\u00e7o digital.","protected":false},"excerpt":{"rendered":"","protected":false},"author":1,"featured_media":0,"parent":0,"menu_order":0,"comment_status":"closed","ping_status":"closed","template":"","meta":{"pagelayer_contact_templates":[],"_pagelayer_content":"","footnotes":""},"class_list":["post-24","page","type-page","status-publish","hentry"],"_links":{"self":[{"href":"https:\/\/nglgreece.org\/pt\/wp-json\/wp\/v2\/pages\/24","targetHints":{"allow":["GET"]}}],"collection":[{"href":"https:\/\/nglgreece.org\/pt\/wp-json\/wp\/v2\/pages"}],"about":[{"href":"https:\/\/nglgreece.org\/pt\/wp-json\/wp\/v2\/types\/page"}],"author":[{"embeddable":true,"href":"https:\/\/nglgreece.org\/pt\/wp-json\/wp\/v2\/users\/1"}],"replies":[{"embeddable":true,"href":"https:\/\/nglgreece.org\/pt\/wp-json\/wp\/v2\/comments?post=24"}],"version-history":[{"count":59,"href":"https:\/\/nglgreece.org\/pt\/wp-json\/wp\/v2\/pages\/24\/revisions"}],"predecessor-version":[{"id":8708,"href":"https:\/\/nglgreece.org\/pt\/wp-json\/wp\/v2\/pages\/24\/revisions\/8708"}],"wp:attachment":[{"href":"https:\/\/nglgreece.org\/pt\/wp-json\/wp\/v2\/media?parent=24"}],"curies":[{"name":"wp","href":"https:\/\/api.w.org\/{rel}","templated":true}]}}