{"id":199,"date":"2024-11-18T23:10:22","date_gmt":"2024-11-18T23:10:22","guid":{"rendered":"https:\/\/nglgreece.org\/?page_id=199"},"modified":"2026-03-27T12:12:51","modified_gmt":"2026-03-27T12:12:51","slug":"grandes-mestres-callendar","status":"publish","type":"page","link":"https:\/\/nglgreece.org\/pt\/grandes-mestres-callendar\/","title":{"rendered":"Calend\u00e1rio do Grande Mestre"},"content":{"rendered":"CALEND\u00c1RIO DO GR\u00c3O-MESTRE\n<center><h6>&#038;<\/h6><\/center>\n<center><strong style=\"color: red;\">\n    Primeiro Grande Arconte do Primeiro Grande Arconte do Grande Grande Esp\u00edrito dos Tectons da Bas\u00edlica da Gr\u00e9cia\n\n<\/strong><\/center>\n\n\n\n\n\n\n\nAbril de 2027 \u2013 Punta Cana, Rep\u00fablica Dominicana\n<br\/>\n<strong>Grande Assembleia do CMI e 80\u00ba Anivers\u00e1rio<\/strong>\n\n\n\n\n\n\n\n\n\n2027 \u2013 Canc\u00fan, M\u00e9xico\n<br\/>XXI Congresso Mundial de Grandes Lojas Ma\u00e7\u00f4nicas Regulares<br\/>\n<strong>Gran Logia do Estado \"Andres Quintana Roo\"<\/strong>\n\n\n\n\n\n\n\n\n\n2026 \u2013 \u00c1frica do Sul<br>\nXX Congresso Mundial de Grandes Lojas Ma\u00e7\u00f4nicas Regulares\n<br>\n<strong>Grande Loja da \u00c1frica do Sul<\/strong>\n\n\n\n\n\n\n\n\n\n5 de dezembro de 2026, Alemanha<br>\n\nGrande Cap\u00edtulo<strong><br><\/strong><p data-start=\"204\" data-end=\"276\"><strong data-start=\"204\" data-end=\"276\">Grande Peristilo Alto do Arco Real Brit\u00e2nico na Alemanha<\/strong><\/p>\n<p data-start=\"278\" data-end=\"291\"><\/p>\n\n\n\n\n\n\n\n\n\n27 de novembro de 2026, Esc\u00f3cia<br>\n\nGrande Cap\u00edtulo<strong><br>Grande Pombo do Grande Pombo do Sagrado Arco Real da Esc\u00f3cia<\/strong>\n\n\n\n\n\n\n\n\n\n31 de outubro de 2026, Istambul, Turquia<br>\n\n10\u00aa Confer\u00eancia Europeia de Grandes Mestres, 10 de outubro de 2026, Londres, Inglaterra<br>\n\nConfer\u00eancia Europeia de Grandes Secret\u00e1rios e Grandes Chanceleres<strong><br>Grande Loja Unida da Inglaterra<\/strong>\n\n\n\n\n\n\n\n\n\n3 a 6 de setembro de 2026, Guatemala<br><span style=\"font-family: &quot;Open Sans&quot;; font-size: 16px; font-style: normal; font-variant-ligatures: normal; font-variant-caps: normal; font-weight: 400;\">Grande Assembleia<\/span><br><strong>Grande Loja da Guatemala<\/strong>\n\n\n\n\n\n\n\n\n\n24 e 25 de julho de 2026, S\u00e3o Paulo, Brasil<br>\n\nConfer\u00eancia Internacional<strong><br>O Grande Nascer do Sol de S\u00e3o Paulo<\/strong>\n\n\n\n\n\n\n\n\n\n19 de junho de 2026, Esc\u00f3cia<br>\n\nGrande Cap\u00edtulo<strong><br>Grande Pombo do Grande Pombo do Sagrado Arco Real da Esc\u00f3cia<\/strong>\n\n\n\n\n\n\n\n\n\n23 de maio de 2026, Riga, Let\u00f4nia<br>\n\nGrande Assembleia<br><strong>GRANDE HIST\u00d3RIA DA LET\u00d4NIA<\/strong>\n\n\n\n\n\n\n\n\n\n2 de maio de 2026, Tallinn, Est\u00f4nia<br>\n\nGrande Assembleia<br><strong>GRANDE HIST\u00d3RIA DA EST\u00d4NIA<\/strong>\n\n\n\n\n\n\n\n\n\n11 de abril de 2026, Roma, It\u00e1lia<br>\n\nGrande Assembleia<br><strong>GRANDE LOJA REGULAR DA IT\u00c1LIA<\/strong>\n\n\n\n\n\n\n\n\n\n27 de mar\u00e7o de 2026, Surquillo, Peru<br>\n\nGrande Cap\u00edtulo<strong><br>Grande Peristilo Supremo da Bas\u00edlica Sagrada do Peru<\/strong>\n\n\n\n\n\n\n\n\n\n25 de mar\u00e7o de 2026, Lima, Peru<br>\n\nGrande Assembleia<br><strong>\nGRANDE HIST\u00d3RIA DO PERU<\/strong>\n\n\n\n\n\n\n\n\n\n20 de mar\u00e7o de 2026, Esc\u00f3cia<br>\n\nInstala\u00e7\u00e3o<strong><br>Grande Pombo do Grande Pombo do Sagrado Arco Real da Esc\u00f3cia<\/strong>\n\n\n\n\n\n\n\n\n\n7 de mar\u00e7o de 2026, Antananarivo, Madagascar<br>\n\nGrande Assembleia<br><strong>\nGRANDE ETAPA NACIONAL DE MADAGASCAR<\/strong>\n\n\n\n\n\n\n\n\n\n27 de fevereiro de 2026, Caracas, Venezuela<br>\n\nGrande Assembleia<br><strong>\nA GRANDE HIST\u00d3RIA DA VENEZUELA<\/strong>\n\n\n\n\n\n\n\n\n\n4 de fevereiro de 2026, Irlanda<br>\n\nGrande Cap\u00edtulo<br>Grande Peristilo Supremo do Santo Arco Real da Irlanda, 31 de janeiro de 2026, S\u00e3o Paulo, Brasil<br>\n\nGrande Assembleia<strong><br>O Grande Nascer do Sol de S\u00e3o Paulo<\/strong>\n\n\n\n\n\n\n\n\n\n10 de janeiro de 2026, Congo<br>\n\nGrande Assembleia<strong><br>Grande Loja do Congo<\/strong>\n\n\n\n\n\n\n\n\n\n13 de dezembro de 2025 \u2013 Roma, It\u00e1lia\n<br>\nGrande Assembleia\n<br>\nGRANDE REGISTRO ORDIN\u00c1RIO DA IT\u00c1LIA 6 de dezembro de 2025, Tirana, Alb\u00e2nia<br>\n\nGrande Assembleia<br><strong>\nGRANDE SAL\u00c3O DA ALB\u00c2NIA<\/strong>\n\n\n\n\n\n\n\n\n\n5-6 de dezembro de 2025, Paderborn, Alemanha<div>&nbsp;Grande Cap\u00edtulo<br>\n\nSupremo Grande Cap\u00edtulo da Ma\u00e7onaria Brit\u00e2nica do Arco Real na Alemanha<br><\/div>\n\n\n\n\n\n\n\n\n\n28 de novembro de 2025, Esc\u00f3cia<br>\n\nGrande Cap\u00edtulo<br>Grande Peristilo Supremo do Santo Arco Real da Esc\u00f3cia, 27 de novembro de 2025, Edimburgo, Esc\u00f3cia  \n<br\/>\n\nGrande Assembleia - Instala\u00e7\u00e3o de um novo Grande Mestre<br\/>\nGrande Loja dos Antigos Ma\u00e7ons Livres e Aceitos da Esc\u00f3cia, 5 de novembro de 2025, Dublin, Irlanda<br>\n\nGrande Cap\u00edtulo<br>Grande Peristilo Supremo do Santo Arco Real. 30 de outubro de 2025, Edimburgo, Esc\u00f3cia.  \n<br\/>\n\nGrande Assembleia<br\/>\nGrande Loja dos Antigos Ma\u00e7ons Livres e Aceitos da Esc\u00f3cia\n\n\n\n\n\n\n\n\n\n22-24 de junho de 2025, Dublin, Irlanda<br\/>\nBicenten\u00e1rio da Grande Loja da Irlanda\n\n\n\n\n\n\n\n\n\n12 a 15 de junho de 2025, Zaste, Holanda<br>\n\nGrande Cap\u00edtulo<br\/>\n75\u00ba anivers\u00e1rio do Grande Pombo do Sagrado Arco Real.\n\n\n\n\n\n\n\n\n\n12 de junho de 2025, Edimburgo, Esc\u00f3cia  \n<br\/>\n\nGrande Assembleia<br\/>\nGrande Loja dos Antigos Ma\u00e7ons Livres e Aceitos da Esc\u00f3cia\n\n\n\n\n\n\n\n\n\n7 de junho de 2025, Andorra  \n<br>\n\nGrande Assembleia<br>\nGrande Loja de Andorra\n\n\n\n\n\n\n\n\n\n3 de maio de 2025, Tallinn, Est\u00f4nia<br\/>\n\nGrande Assembleia<br\/>\nGrande Loja da Est\u00f4nia\n\n\n\n\n\n\n\n\n\n2 a 4 de maio de 2025, Melbourne, Austr\u00e1lia<br>\n\nGrande Cap\u00edtulo<br\/>\nO Grande Pilar do Arco Real de Vit\u00f3ria\n\n\n\n\n\n\n\n\n\n11-13 de abril de 2025, Sarajevo, B\u00f3snia e Herzegovina<br\/>\n\n20\u00ba Anivers\u00e1rio da Grande Loja da B\u00f3snia e Herzegovina<br\/>\ne\n<br\/>25\u00ba Anivers\u00e1rio da Ma\u00e7onaria na B\u00f3snia e Herzegovina.\n\n\n\n\n\n\n\n\n\n21 de mar\u00e7o de 2025, Edimburgo, Esc\u00f3cia<br\/>\nGrande Cap\u00edtulo<br\/>\nO Grande Pilar Alto do Arco Real da Esc\u00f3cia\n\n\n\n\n\n\n\n\n\n14-16 de mar\u00e7o de 2025, M\u00f4naco <br\/>\nGrande Assembleia\n<br\/>\nGrande Loja Nacional Regular do Principado de M\u00f4naco  \n<br\/>\n\n\n\n\n\n\n\n\n\n1\u00ba de mar\u00e7o de 2025, Pueblo Libre<\/b>, Peru<br>Cerim\u00f4nia de anivers\u00e1rio &amp;&nbsp;<\/b>Grande Cap\u00edtulo<br>\nO Grande Pilar Peruano do Peru do Arco Real de Jerusal\u00e9m\n\n\n\n\n\n\n\n\n\n4-5 de fevereiro de 2025, Dublin, Irlanda<br\/>\nGrande Cap\u00edtulo<br\/>\nO Grande Pilar Alto do Arco Real da Irlanda\n\n\n\n\n\n\n\n\n\n14 de dezembro de 2024, Turim, It\u00e1lia  \n<br>\nGrande Loja Regional do Piemonte e Vale de Aosta  \n<br>\nGrande Loja Normal da It\u00e1lia\n\n\n\n\n\n\n\n\n\n7 de dezembro de 2024, Rattingen, Alemanha\n<br>\nGrande Cap\u00edtulo<br>\n\nSupremo Grande Cap\u00edtulo da Ma\u00e7onaria Brit\u00e2nica do Arco Real na Alemanha<br>\n\n\n\n\n\n\n\n\n\n27 a 30 de novembro de 2024, Foz do Igua\u00e7u - Paran\u00e1, Brasil<br>\n\nXIX Congresso Mundial de Grandes Lojas Ma\u00e7\u00f4nicas Normais - Grande Oriente do Paran\u00e1.<br>  \nInstala\u00e7\u00e3o do Gr\u00e3o-Mestre: 1\u00ba de dezembro (domingo, manh\u00e3) \u2013 Grandes Mestres e Delega\u00e7\u00f5es<br>\n\nDespedida das Delega\u00e7\u00f5es: 1\u00ba de dezembro (domingo \u00e0 tarde) e 2 de dezembro (segunda-feira)<br>\n\nA Grande Loja Nacional da Gr\u00e9cia votar\u00e1 no candidato para sediar o XXI Congresso Mundial, que ser\u00e1 realizado na Am\u00e9rica do Norte em novembro de 2027.\n\n\n\n\n\n\n\n\n\nS\u00e1bado, 23 de novembro de 2024.  \n<br\/>\nAssembleia Geral Anual  \n<br\/>\nGrande Loja de Burkina Faso.\n\n\n\n\n\n\n\n\n\n23 a 27 de outubro de 2024, Man\u00e1gua, Nicar\u00e1gua<br\/>\n\nCOMACA 2024  \n<br\/>\nOrganizador: Soberana Grande Loja Simb\u00f3lica da Nicar\u00e1gua\n\n\n\n\n\n\n\n\n\nS\u00e1bado, 19 de outubro de 2024, \u00e0s 14h30, Roma, It\u00e1lia.  \n<br\/>\nPr\u00e9-comunica\u00e7\u00e3o da Segunda Reuni\u00e3o da Grande Loja 2024  \n<br\/>\nGrande Loja Normal da It\u00e1lia\n\n\n\n\n\n\n\n\n\nSexta-feira, 11 de outubro e s\u00e1bado, 12 de outubro de 2024, Edimburgo, Esc\u00f3cia  \n<br\/>\n\n35\u00aa Confer\u00eancia Europeia de Grandes Secret\u00e1rios e Grandes Chanceleres  \n<br\/>\nGrande Loja dos Antigos Ma\u00e7ons Livres e Aceitos da Esc\u00f3cia\n\n\n\n\n\n\n\n\n\nGrande S\u00ednodo\n<br\/>S\u00e1bado, 28 de setembro de 2024 \u2013 Cidade do Cabo, \u00c1frica do Sul  \n<br\/>\n\nO GRANDE PERISTILO DO ARCO REAL SAGRADO DA \u00c1FRICA DO SUL\n\n\n\n\n\n\n\n\n\n19-22 de setembro de 2024, San Salvador, El Salvador  \n<br\/>\n\nCOMACA LVII  \n<br\/>\nGrande Loja Cuscatl\u00e1n do Leste de El Salvador\n\n\n\n\n\n\n\n\n\n31 de agosto de 2024, \u00e0s 14:00, em Tallinn, Est\u00f4nia  \n<br\/>\nGrande Cap\u00edtulo\n<br\/>\nGrande Pavilh\u00e3o dos Ma\u00e7ons do Arco Real da Est\u00f4nia\n\n\n\n\n\n\n\n\n\n25 a 28 de abril de 2024  \n<br\/>\nCartagena, Col\u00f4mbia  \n<br\/>\nVisitantes da 27\u00aa Assembleia Internacional Trienal da CMI\n\n\n\n\n\n\n\n\n\n21 de outubro de 2023  \n<br\/>\nPunta Cana, Rep\u00fablica Dominicana  \n<\/br>\nVisitantes nas Assembleias Anuais das Zonas II do CMI","protected":false},"excerpt":{"rendered":"","protected":false},"author":1,"featured_media":0,"parent":0,"menu_order":0,"comment_status":"closed","ping_status":"closed","template":"","meta":{"pagelayer_contact_templates":[],"_pagelayer_content":"","footnotes":""},"class_list":["post-199","page","type-page","status-publish","hentry"],"_links":{"self":[{"href":"https:\/\/nglgreece.org\/pt\/wp-json\/wp\/v2\/pages\/199","targetHints":{"allow":["GET"]}}],"collection":[{"href":"https:\/\/nglgreece.org\/pt\/wp-json\/wp\/v2\/pages"}],"about":[{"href":"https:\/\/nglgreece.org\/pt\/wp-json\/wp\/v2\/types\/page"}],"author":[{"embeddable":true,"href":"https:\/\/nglgreece.org\/pt\/wp-json\/wp\/v2\/users\/1"}],"replies":[{"embeddable":true,"href":"https:\/\/nglgreece.org\/pt\/wp-json\/wp\/v2\/comments?post=199"}],"version-history":[{"count":157,"href":"https:\/\/nglgreece.org\/pt\/wp-json\/wp\/v2\/pages\/199\/revisions"}],"predecessor-version":[{"id":8579,"href":"https:\/\/nglgreece.org\/pt\/wp-json\/wp\/v2\/pages\/199\/revisions\/8579"}],"wp:attachment":[{"href":"https:\/\/nglgreece.org\/pt\/wp-json\/wp\/v2\/media?parent=199"}],"curies":[{"name":"wp","href":"https:\/\/api.w.org\/{rel}","templated":true}]}}