{"id":153,"date":"2024-11-18T22:27:06","date_gmt":"2024-11-18T22:27:06","guid":{"rendered":"https:\/\/nglgreece.org\/?page_id=153"},"modified":"2025-01-28T23:00:27","modified_gmt":"2025-01-28T23:00:27","slug":"apresentacao-e-relatorios","status":"publish","type":"page","link":"https:\/\/nglgreece.org\/pt\/apresentacao-e-relatorios\/","title":{"rendered":"Apresenta\u00e7\u00e3o e relat\u00f3rios"},"content":{"rendered":"Livretos de Apresenta\u00e7\u00e3o e Relat\u00f3rios Anuais\n\n\n<p><span style=\"font-size: 16px; font-style: normal; font-variant-caps: normal; text-align: start; caret-color: rgb(122, 122, 122); color: rgb(122, 122, 122); font-family: Roboto, sans-serif;\"><span class=\"C9DxTc\">A Grande Loja Nacional da Gr\u00e9cia participa das seguintes organiza\u00e7\u00f5es:<\/span><\/span><\/p>\n\nConfer\u00eancia Ma\u00e7\u00f4nica Mundial de Grandes Lojas Regulares como membro regular (a NGLG tem mais de 50 reconhecimentos)\n\nConfer\u00eancia de Grandes Lojas Europ\u00e9ias de Gr\u00e3o-Mestres\n\n\nConfer\u00eancia das Grandes Lojas Europ\u00e9ias de Grandes Secret\u00e1rios e Grandes Chanceleres\n\n\nC.M.I. -Visitante -\n\nSoftware Amity https:\/\/amity.copiri.com\/","protected":false},"excerpt":{"rendered":"","protected":false},"author":1,"featured_media":0,"parent":0,"menu_order":0,"comment_status":"closed","ping_status":"closed","template":"","meta":{"pagelayer_contact_templates":[],"_pagelayer_content":"","footnotes":""},"class_list":["post-153","page","type-page","status-publish","hentry"],"_links":{"self":[{"href":"https:\/\/nglgreece.org\/pt\/wp-json\/wp\/v2\/pages\/153","targetHints":{"allow":["GET"]}}],"collection":[{"href":"https:\/\/nglgreece.org\/pt\/wp-json\/wp\/v2\/pages"}],"about":[{"href":"https:\/\/nglgreece.org\/pt\/wp-json\/wp\/v2\/types\/page"}],"author":[{"embeddable":true,"href":"https:\/\/nglgreece.org\/pt\/wp-json\/wp\/v2\/users\/1"}],"replies":[{"embeddable":true,"href":"https:\/\/nglgreece.org\/pt\/wp-json\/wp\/v2\/comments?post=153"}],"version-history":[{"count":20,"href":"https:\/\/nglgreece.org\/pt\/wp-json\/wp\/v2\/pages\/153\/revisions"}],"predecessor-version":[{"id":7145,"href":"https:\/\/nglgreece.org\/pt\/wp-json\/wp\/v2\/pages\/153\/revisions\/7145"}],"wp:attachment":[{"href":"https:\/\/nglgreece.org\/pt\/wp-json\/wp\/v2\/media?parent=153"}],"curies":[{"name":"wp","href":"https:\/\/api.w.org\/{rel}","templated":true}]}}