{"id":112,"date":"2024-11-18T23:10:35","date_gmt":"2024-11-18T23:10:35","guid":{"rendered":"https:\/\/nglgreece.org\/?page_id=112"},"modified":"2025-06-19T17:24:39","modified_gmt":"2025-06-19T17:24:39","slug":"grande-chanceler","status":"publish","type":"page","link":"https:\/\/nglgreece.org\/pt\/grande-chanceler\/","title":{"rendered":"Grande Chanceler"},"content":{"rendered":"O GRANDE MESTRE DA GRANDE LOJA NACIONAL DA GR\u00c9CIA, RESPEIT\u00c1VEL IRM\u00c3O <span>Ioannis Benetatos<\/span>\n\n\n\n\n38 ANOS DE DESENVOLVIMENTO ATRAV\u00c9S DO PENSAMENTO POSITIVO E DA A\u00c7\u00c3O\n\n\n<h2>\u269c Origem<\/h2>\n\n\n<strong>A origem da Grande Loja Nacional da Gr\u00e9cia (GLNG) \u00e9 plenamente Regular, conforme a Constitui\u00e7\u00e3o da Grande Loja Unida da Inglaterra (GLUI), os Princ\u00edpios Fundamentais para o Reconhecimento de Grandes Lojas, de 4 de setembro de 1929, regra 1:\n\u00ab\u2026 Regularidade de origem, ou seja, cada Grande Loja deve ter sido devidamente constitu\u00edda por uma Grande Loja oficialmente reconhecida ou por tr\u00eas ou mais Lojas regularmente constitu\u00eddas\u2026\u00bb. <\/strong>\n<p style=\"color: black !important; text-align: justify;\">Em 7 de junho de 1986, seis Lojas da Grande Loja da Gr\u00e9cia decidiram se desligar dela devido a cont\u00ednuas irregularidades, procedimentos disciplinares ilegais e viola\u00e7\u00e3o dos direitos dos corpos de graus superiores. Essas Lojas foram: \u201cPalai\u00f3n Patr\u00f3n German\u00f3s\u201d, \u201cAkr\u00f3polis\u201d, \u201cParthen\u00f3n\u201d, \u201cOm\u00f3noia\u201d, \u201cMiaoulis\u201d e \u201cP\u00edsti\u201d.\n\nOs representantes dessas seis Lojas, todos presentes, alguns designados diretamente pelas pr\u00f3prias Lojas, declararam unanimemente sua retirada definitiva da federa\u00e7\u00e3o mencionada e fundaram a Grande Loja Nacional da Gr\u00e9cia (NGLG). Na ocasi\u00e3o, aprovaram sua primeira Constitui\u00e7\u00e3o, elegeram o primeiro Conselho e o primeiro Gr\u00e3o-Mestre, St\u00e9fanos Pa\u00efp\u00e9tis.<br><\/br>\n\nA cerim\u00f4nia inaugural foi realizada pelo saudoso Respeit\u00e1vel Irm\u00e3o William R. J. Eve, Ex-Grande Di\u00e1cono da Grande Loja Unida da Inglaterra (GLUI) e primeiro Grande Mestre Adjunto da Grande Loja Nacional da Gr\u00e9cia, na cidade de Atenas.<\/p>\n\n\n\n\n<h2>\u269c Reconhecimentos <\/h2>\n\n\n<i class=\"fa fa-quote-left\"><\/i>&nbsp;88 Reconhecimentos m\u00fatuos com Grandes Lojas Regulares em todo o mundo, a maioria das quais reconhecidas pelas Tr\u00eas Grandes Lojas-M\u00e3e.\n\t\t\t\t\t<i class=\"fa fa-quote-right\"><\/i>\n\n\n\n\nReconhecimento m\u00fatuo com a Grande Loja da Esc\u00f3cia e a Grande Loja da Irlanda, duas das tr\u00eas Grandes Lojas-M\u00e3e, e reconhecimento m\u00fatuo com a Grande Loja Unida da Inglaterra (UGLE) durante o per\u00edodo de 1993 a 1999.\n\n\n\n\nA Grande Loja Nacional da Gr\u00e9cia (NGLG) participa de todas as principais Conven\u00e7\u00f5es de Grandes Lojas Regulares\n(Confer\u00eancias Mundial, Europeia de Gr\u00e3o-Mestres e Secret\u00e1rios Gerais, e como convidada na CMI).\n\n\n\n\n60 Grandes Lojas em relacionamento fraterno conosco s\u00e3o membros do CMI.\n\n\n\n\n\n\n<h2> \u269c Eventos<\/h2>\n\n\n\n<ul style=\"font-size: 16px; font-style: normal; font-variant-caps: normal; outline: 0px; background-image: none; background-position: 0px 0px; background-size: auto; background-repeat: repeat; background-attachment: scroll; background-origin: padding-box; background-clip: border-box; caret-color: rgb(122, 122, 122); color: rgb(122, 122, 122); font-family: Roboto, sans-serif; text-align: center;\">     <li style=\"outline: 0px; font-size: 16px; background-image: none; background-position: 0px 0px; background-size: auto; background-repeat: repeat; background-attachment: scroll; background-origin: padding-box; background-clip: border-box; text-align: justify;\">         <h4 style=\"margin-top: 0.5rem; margin-bottom: 1rem; font-family: inherit; line-height: 1.2; font-size: 1.5rem;\">             <span style=\"color: rgb(0, 0, 0);\">A Grande Loja Nacional da Gr\u00e9cia \u00e9 a \u00fanica Grande Loja na Gr\u00e9cia com regularidade cont\u00ednua desde a sua funda\u00e7\u00e3o e nunca perdeu reconhecimento devido a conduta irregular.<\/span>         <\/h4>     <\/li> <\/ul>\n<ul style=\"font-size: 16px; font-style: normal; font-variant-caps: normal; outline: 0px; background-image: none; background-position: 0px 0px; background-size: auto; background-repeat: repeat; background-attachment: scroll; background-origin: padding-box; background-clip: border-box; caret-color: rgb(122, 122, 122); color: rgb(122, 122, 122); font-family: Roboto, sans-serif; text-align: center;\">     <li style=\"outline: 0px; font-size: 16px; background-image: none; background-position: 0px 0px; background-size: auto; background-repeat: repeat; background-attachment: scroll; background-origin: padding-box; background-clip: border-box; text-align: justify;\">         <h4 style=\"margin-top: 0.5rem; margin-bottom: 1rem; font-family: inherit; line-height: 1.2; font-size: 1.5rem;\">             <span style=\"color: rgb(0, 0, 0);\">\u00c9 uma honra para n\u00f3s que a regularidade seja confirmada e reconhecida pelas 3 Grandes Lojas-M\u00e3e:<\/span>         <\/h4>     <\/li> <\/ul> <h4 style=\"font-style: normal; font-variant-caps: normal; margin-top: 0.5rem; margin-bottom: 1rem; font-family: Roboto, sans-serif; line-height: 1.2; color: rgb(122, 122, 122); font-size: 1.5rem; caret-color: rgb(122, 122, 122); text-align: justify;\">     <span style=\"color: rgb(0, 0, 0);\">UGLE, Grande Loja da Esc\u00f3cia e Grande Loja da Irlanda<\/span> <\/h4>\n<ul style=\"font-size: 16px; font-style: normal; font-variant-caps: normal; outline: 0px; background-image: none; background-position: 0px 0px; background-size: auto; background-repeat: repeat; background-attachment: scroll; background-origin: padding-box; background-clip: border-box; caret-color: rgb(122, 122, 122); color: rgb(122, 122, 122); font-family: Roboto, sans-serif; text-align: center;\">     <li style=\"outline: 0px; font-size: 16px; background-image: none; background-position: 0px 0px; background-size: auto; background-repeat: repeat; background-attachment: scroll; background-origin: padding-box; background-clip: border-box; text-align: justify;\">         <h4 style=\"margin-top: 0.5rem; margin-bottom: 1rem; font-family: inherit; line-height: 1.2; font-size: 1.5rem;\">             <span style=\"color: rgb(0, 0, 0);\">                 A Grande Loja da Esc\u00f3cia recebeu mais de 60 representantes de 41 diferentes Grandes Lojas na 35\u00aa Confer\u00eancia Europeia de Grandes Secret\u00e1rios e Grandes Chanceleres, realizada em 11 e 12 de outubro de 2024.  <br><br>Eles se reuniram para discutir a \u201cImport\u00e2ncia da Ma\u00e7onaria no Mundo Contempor\u00e2neo\u201d, e o Grande Chanceler da Grande Loja Nacional da Gr\u00e9cia discursou sobre \u201cA Aceita\u00e7\u00e3o da Sabedoria dos Nossos Anci\u00e3os\u201d.             <\/span>         <\/h4>     <\/li> <\/ul>\n\n\n\n\n\n\n\n<h2>\n    <span style=\"caret-color: rgb(221, 129, 28); color: rgb(221, 129, 28); font-family: Lato; font-size: 22px; font-style: normal; font-variant-caps: normal; font-weight: 800; text-align: center;\">\n        35\u00aa Confer\u00eancia Europeia de Grandes Secret\u00e1rios e Grandes Chanceleres 2024\n    <\/span>\n    <br>\n<\/h2>\n\n\n\n\n\n<h2>\n    <span style=\"caret-color: rgb(221, 129, 28); color: rgb(221, 129, 28); font-family: Lato; font-size: 22px; font-style: normal; font-variant-caps: normal; font-weight: 800; text-align: center;\">\n        Grande Loja da Irlanda, 24 de novembro de 2023\n    <\/span>\n    <br>\n<\/h2>\n\n\n\n\n\n<h2> \u269c Mensagem do Grande Chanceler<\/h2>\n\n\nO cargo de Grande Chanceler foi fundado em 21 de setembro de 2021, e o P.S.\u2019. Ir.\u2019. D. Sk. \u00e9 o terceiro Grande Chanceler desde 20 de maio de 2023.\nO Grande Chanceler executa sempre os seus deveres \u2014 gest\u00e3o das rela\u00e7\u00f5es exteriores, participa\u00e7\u00e3o em Grandes Assembleias e Confer\u00eancias, bem como a troca de Grandes Representantes \u2014 com estrita observ\u00e2ncia dos Antigos Marcos, conforme mencionados na Constitui\u00e7\u00e3o (art. 32), que dizem respeito \u00e0s rela\u00e7\u00f5es da Grande Loja com as Grandes Lojas Regulares ao redor do mundo.\n<br><br>\n\n\n\n\n\n\n\n<h3> \u269c&nbsp;<\/h3>\n\n\n<em>Na \u00e9poca medieval, os pedreiros viajavam por todo o pa\u00eds em busca de trabalho. A maioria das pessoas n\u00e3o sabia ler nem escrever, ent\u00e3o precisavam de uma maneira de provar que haviam passado pelo rigoroso aprendizado para se tornarem artes\u00e3os devidamente treinados. Quando voc\u00ea se qualificava como mestre pedreiro, recebia palavras e gestos especiais que somente outro pedreiro com essa qualifica\u00e7\u00e3o conhecia. Dessa forma, suas qualifica\u00e7\u00f5es profissionais podiam ser verificadas, algo como o sistema medieval de \"chip &amp; pin\".<\/em>\n\n\n\n\n<em>A Ma\u00e7onaria se baseia nas tradi\u00e7\u00f5es dos pedreiros, portanto, juntamente com as ferramentas e o avental, adotou a ideia do aperto de m\u00e3o simb\u00f3lico. O aperto de m\u00e3o, ou \"grip\", como os ma\u00e7ons o chamavam, varia em cada um dos tr\u00eas graus. Assim como o n\u00edvel de qualifica\u00e7\u00e3o de um cortador de pedras, ele permite que voc\u00ea confirme durante a reuni\u00e3o que passou por um ou mais desses n\u00edveis rituais. O aperto de m\u00e3o de qualifica\u00e7\u00e3o era muito importante no passado. Se voc\u00ea fosse um ma\u00e7om viajante, gostaria de provar que era realmente membro de uma loja. Atualmente, ele \u00e9 puramente tradicional e lembra os artes\u00e3os de sua conex\u00e3o simb\u00f3lica com os artes\u00e3os medievais sempre que o compartilham.<\/em>\n\n\n\n\n<em>O amor fraternal, a caridade e a verdade s\u00e3o tradi\u00e7\u00f5es nas quais a Ma\u00e7onaria se baseia desde a constru\u00e7\u00e3o do Templo do Rei Salom\u00e3o. Os ma\u00e7ons s\u00e3o lembrados na Loja de \"reunir-se no plano da igualdade, agir com base na retid\u00e3o e dividir no quadrado da virtude\". A Ma\u00e7onaria n\u00e3o tem a inten\u00e7\u00e3o de interferir de forma alguma no compromisso de uma pessoa com sua f\u00e9, fam\u00edlia ou profiss\u00e3o. A Ma\u00e7onaria n\u00e3o \u00e9 e nunca poder\u00e1 ser um substituto para essas importantes institui\u00e7\u00f5es; em vez disso, ela lembra cada ma\u00e7om de si mesmo, de sua fam\u00edlia, de sua comunidade e de sua f\u00e9 em um Arquiteto Supremo (a defini\u00e7\u00e3o individual de um Ser Supremo).<\/em>\n\n\n\n\n\n\n\n\n\n\n\n\n\n\n\n\n\n\n\n\n\n\n<h6>Visitante no CMI<\/h6>\n\n\n\n<h6>Participa\u00e7\u00e3o no Congresso Mundial<\/h6>","protected":false},"excerpt":{"rendered":"","protected":false},"author":1,"featured_media":0,"parent":0,"menu_order":0,"comment_status":"closed","ping_status":"closed","template":"","meta":{"pagelayer_contact_templates":[],"_pagelayer_content":"","footnotes":""},"class_list":["post-112","page","type-page","status-publish","hentry"],"_links":{"self":[{"href":"https:\/\/nglgreece.org\/pt\/wp-json\/wp\/v2\/pages\/112","targetHints":{"allow":["GET"]}}],"collection":[{"href":"https:\/\/nglgreece.org\/pt\/wp-json\/wp\/v2\/pages"}],"about":[{"href":"https:\/\/nglgreece.org\/pt\/wp-json\/wp\/v2\/types\/page"}],"author":[{"embeddable":true,"href":"https:\/\/nglgreece.org\/pt\/wp-json\/wp\/v2\/users\/1"}],"replies":[{"embeddable":true,"href":"https:\/\/nglgreece.org\/pt\/wp-json\/wp\/v2\/comments?post=112"}],"version-history":[{"count":74,"href":"https:\/\/nglgreece.org\/pt\/wp-json\/wp\/v2\/pages\/112\/revisions"}],"predecessor-version":[{"id":8090,"href":"https:\/\/nglgreece.org\/pt\/wp-json\/wp\/v2\/pages\/112\/revisions\/8090"}],"wp:attachment":[{"href":"https:\/\/nglgreece.org\/pt\/wp-json\/wp\/v2\/media?parent=112"}],"curies":[{"name":"wp","href":"https:\/\/api.w.org\/{rel}","templated":true}]}}