{"id":7821,"date":"2025-05-02T19:29:31","date_gmt":"2025-05-02T19:29:31","guid":{"rendered":"https:\/\/nglgreece.org\/?page_id=7821"},"modified":"2025-05-02T19:29:31","modified_gmt":"2025-05-02T19:29:31","slug":"anakoinwseis-deltia-typoy-twn-eparxiakwn-megalwn-stown-ths-emste","status":"publish","type":"page","link":"https:\/\/nglgreece.org\/es\/anakoinwseis-deltia-typoy-twn-eparxiakwn-megalwn-stown-ths-emste\/","title":{"rendered":"Anuncios y Comunicados de Prensa de las Grandes Logias Provinciales de EMSTE"},"content":{"rendered":"<h2>ANUNCIOS Y COMUNICADOS DE PRENSA DE LOS PRINCIPALES VALORES REGIONALES DEL EMSTE<\/h2>\nEn esta p\u00e1gina se presentan todos los <strong>anuncios oficiales<\/strong> y <strong>comunicados de prensa<\/strong> emitidos por las <strong>Grandes Logias Provinciales<\/strong> de la <strong>Gran Logia Nacional de Grecia (GLNG)<\/strong>. El prop\u00f3sito es proporcionar informaci\u00f3n precisa a los Hermanos y al p\u00fablico en general sobre las actividades, iniciativas y desarrollos importantes a nivel provincial.","protected":false},"excerpt":{"rendered":"","protected":false},"author":1,"featured_media":0,"parent":0,"menu_order":0,"comment_status":"closed","ping_status":"closed","template":"","meta":{"pagelayer_contact_templates":[],"_pagelayer_content":"","footnotes":""},"class_list":["post-7821","page","type-page","status-publish","hentry"],"_links":{"self":[{"href":"https:\/\/nglgreece.org\/es\/wp-json\/wp\/v2\/pages\/7821","targetHints":{"allow":["GET"]}}],"collection":[{"href":"https:\/\/nglgreece.org\/es\/wp-json\/wp\/v2\/pages"}],"about":[{"href":"https:\/\/nglgreece.org\/es\/wp-json\/wp\/v2\/types\/page"}],"author":[{"embeddable":true,"href":"https:\/\/nglgreece.org\/es\/wp-json\/wp\/v2\/users\/1"}],"replies":[{"embeddable":true,"href":"https:\/\/nglgreece.org\/es\/wp-json\/wp\/v2\/comments?post=7821"}],"version-history":[{"count":8,"href":"https:\/\/nglgreece.org\/es\/wp-json\/wp\/v2\/pages\/7821\/revisions"}],"predecessor-version":[{"id":7832,"href":"https:\/\/nglgreece.org\/es\/wp-json\/wp\/v2\/pages\/7821\/revisions\/7832"}],"wp:attachment":[{"href":"https:\/\/nglgreece.org\/es\/wp-json\/wp\/v2\/media?parent=7821"}],"curies":[{"name":"wp","href":"https:\/\/api.w.org\/{rel}","templated":true}]}}