{"id":7264,"date":"2025-02-28T16:37:57","date_gmt":"2025-02-28T16:37:57","guid":{"rendered":"https:\/\/nglgreece.org\/?page_id=7264"},"modified":"2025-05-02T19:53:10","modified_gmt":"2025-05-02T19:53:10","slug":"p-g-l-de-grecia-occidental-peloponeso","status":"publish","type":"page","link":"https:\/\/nglgreece.org\/es\/p-g-l-de-grecia-occidental-peloponeso\/","title":{"rendered":"P.G.L. DE GRECIA OCCIDENTAL Y PELOPONESO"},"content":{"rendered":"<h2>Sacrificio de la Gran Logia Provincial de Grecia Occidental y Peloponeso<\/h2>\n\n\n\n\n\n\n\n\n\n\n\n\n\n\n\n\n\n\n\n\n\n\n\n\n\n\n\n\n\n\n\n\n\n\n\n\n\n\n\nLa Gran Logia Provincial de Grecia Occidental y Peloponeso bajo los auspicios de la\nGran Logia de Grecia ( EMSTE ) tiene como escudo de armas el complejo di\u00e1bolo de oro sobre el\ngnomon de oro, teniendo en el centro la G de oro, s\u00edmbolo del Gran Arquitecto del\nUniverso, todo ello colocado sobre una roseta poligonal marr\u00f3n y rodeado\npor dos ramas doradas de olivo y acacia. El escudo est\u00e1 dividido en cuatro\nsecciones, alternando el blanco y el azul y rodeadas de oro\nrosetas doradas y trenza dorada. En la parte superior del escudo figuran los logotipos\n\"Gran Logia Provincial de Grecia Occidental y el Peloponeso\" en letras negras en\npergamino dorado y \"EMSTE\" en letras doradas.\n\n\n\n\n\n\n\n\n\n\n\nSaludo del Jefe de Grecia Occidental y Peloponeso\nNikolaos Labiris\n<p><span style=\"font-size: 16px; color: rgb(89, 89, 89);\">Unas pocas palabras sobre la Gran Logia Provincial de Grecia Occidental y Peloponeso...\n<br><br>\nEl Venerable Gran Maestro Provincial, Reverendo Hermano Nicol\u00e1s Lamb\u00edris, los saluda en la Gran Logia Provincial de Grecia Occidental y Peloponeso.<br\/><br\/>\nLa Gran Logia Provincial de Grecia Occidental y Peloponeso, bajo el amparo de la Gran Logia Nacional de Grecia (NGLG), fue fundada en 1994, siendo su primer Gran Maestro el Reverendo Hermano Dimitrios Pountzas. Est\u00e1 compuesta por las logias Germanos de Patras N\u00fam. 1 de Patras, Dioni N\u00fam. 32 de Ioannina, Dodoni N\u00fam. 98 de Ioannina, Acacia N\u00fam. 100 de Calamata y Alejandro Romas N\u00fam. 101 de Zante.\n\n\n<br><br>\nCon saludos fraternales,\n<br><strong>\nEl Gran Maestro Provincial de Grecia Occidental y Peloponeso\n<br>\nM\u2234Resp\u2234H\u2234 Nicol\u00e1s Lamb\u00edris<\/span><\/p>\n\n\n\n\n\n\n\n\n\n\n\n<h2>Logias Bajo la Jurisdicci\u00f3n de la Gran Logia Provincial de Grecia Occidental y Peloponeso<\/h2>\n\n\n\n\n\n\n1. ANTIGUOS ALEMANES DE PATRAS NO 1\n\n\n2. DIONE N\u00ba 32\n\n\n3. DODON LIEUTENANT NO 98\n\n\n4. ACACIA NO 100\n\n\n5. ALEXANDER ROMAS N. 101\n\n\n\n\n\n\n\n\n\n<h2>Logias Programa de trabajo Ep\u00edlogo Programa de trabajo. Grecia occidental y\nPeloponeso<\/h2>\n\n\n\n\n{\"title\":\"\", \"content\":\"<iframe src=\"\\\"https:><\/iframe>&#8220;}","protected":false},"excerpt":{"rendered":"","protected":false},"author":1,"featured_media":0,"parent":0,"menu_order":0,"comment_status":"closed","ping_status":"closed","template":"","meta":{"pagelayer_contact_templates":[],"_pagelayer_content":"","footnotes":""},"class_list":["post-7264","page","type-page","status-publish","hentry"],"_links":{"self":[{"href":"https:\/\/nglgreece.org\/es\/wp-json\/wp\/v2\/pages\/7264","targetHints":{"allow":["GET"]}}],"collection":[{"href":"https:\/\/nglgreece.org\/es\/wp-json\/wp\/v2\/pages"}],"about":[{"href":"https:\/\/nglgreece.org\/es\/wp-json\/wp\/v2\/types\/page"}],"author":[{"embeddable":true,"href":"https:\/\/nglgreece.org\/es\/wp-json\/wp\/v2\/users\/1"}],"replies":[{"embeddable":true,"href":"https:\/\/nglgreece.org\/es\/wp-json\/wp\/v2\/comments?post=7264"}],"version-history":[{"count":5,"href":"https:\/\/nglgreece.org\/es\/wp-json\/wp\/v2\/pages\/7264\/revisions"}],"predecessor-version":[{"id":7841,"href":"https:\/\/nglgreece.org\/es\/wp-json\/wp\/v2\/pages\/7264\/revisions\/7841"}],"wp:attachment":[{"href":"https:\/\/nglgreece.org\/es\/wp-json\/wp\/v2\/media?parent=7264"}],"curies":[{"name":"wp","href":"https:\/\/api.w.org\/{rel}","templated":true}]}}