{"id":6901,"date":"2025-01-16T10:44:01","date_gmt":"2025-01-16T10:44:01","guid":{"rendered":"https:\/\/nglgreece.org\/?page_id=6901"},"modified":"2025-09-25T11:08:15","modified_gmt":"2025-09-25T11:08:15","slug":"gran-logia-provincial-del-pireo-y-de-las-islas-del-archipielago-egeo","status":"publish","type":"page","link":"https:\/\/nglgreece.org\/es\/gran-logia-provincial-del-pireo-y-de-las-islas-del-archipielago-egeo\/","title":{"rendered":"P.G.L. OF PIRAEUS AND THE ISLANDS OF THE AEGEAN ARCHIPELAGO"},"content":{"rendered":"<h2>ESCUDO DE LA GRAN LOGIA PROVINCIAL DEL PIREO E ISLAS DEL ARCHIPI\u00c9LAGO EGEO<\/h2>\n\n\n\n\n\n\n\n\n\n\n\n\n\n\n\n\n\n\n\n\n\n\n\n\n\n\n\n\n\n\n\n\n\n\n\n\n\n\n\nEl Escudo que adorna la entrada principal del Edificio Mas\u00f3nico del Pireo tiene un profundo contenido mas\u00f3nico y filos\u00f3fico.<br\/><br\/>\n\nEl Poseid\u00f3n, dios del mar, simboliza el poder, la autoridad y la capacidad de controlar los elementos naturales. Se relaciona con la b\u00fasqueda de los misterios del mundo y la comprensi\u00f3n de las leyes m\u00e1s profundas de la naturaleza. Sosteniendo el Tridente (tres puntas) domina sobre las aguas.<br\/>\n<br\/>\nEl Escuadra constituye una antiqu\u00edsima herramienta arquitect\u00f3nica mediante la cual se controla la perfecci\u00f3n y se da forma a la materia bruta. Para los masones representa la gu\u00eda simb\u00f3lica que nos ayuda a controlarnos a nosotros mismos en cada momento de nuestra vida.<br\/><br\/>\n\nLa Escuadra, tambi\u00e9n una antiqu\u00edsima herramienta arquitect\u00f3nica, traza el c\u00edrculo. El c\u00edrculo perfecto, seg\u00fan el antiguo fil\u00f3sofo Pit\u00e1goras, se considera un s\u00edmbolo divino que representa la perfecci\u00f3n, la eternidad y la naturaleza c\u00edclica eterna de la vida. El c\u00edrculo no tiene principio ni fin, simbolizando la uni\u00f3n del mundo espiritual y material, as\u00ed como la unidad del universo.<br\/><br\/>\n\u039f \u0398\u03c5\u03c1\u03b5\u03cc\u03c2 \u03c4\u03b7\u03c2 \u0395\u03c0\u03b1\u03c1\u03c7\u03af\u03b1\u03c2 \u03a0\u03b5\u03b9\u03c1\u03b1\u03b9\u03ac \u03ba\u03b1\u03b9 \u039d\u03ae\u03c3\u03c9\u03bd \u0391\u03c1\u03c7\u03b9\u03c0\u03b5\u03bb\u03ac\u03b3\u03bf\u03c5\u03c2 \u0391\u03b9\u03b3\u03b1\u03af\u03bf\u03c5 \u03c3\u03c5\u03bd\u03b4\u03c5\u03ac\u03b6\u03b5\u03b9 \u03c4\u03b7 \u039c\u03c5\u03b8\u03bf\u03bb\u03bf\u03b3\u03af\u03b1 \u03bc\u03b5 \u03c4\u03bf\u03bd \u03a4\u03b5\u03ba\u03c4\u03bf\u03bd\u03b9\u03c3\u03bc\u03cc \u03ba\u03b1\u03b8\u03ce\u03c2 \u03bf \u039c\u03c5\u03b8\u03b9\u03ba\u03cc\u03c2 \u03b8\u03b5\u03cc\u03c2 \u03c0\u03b5\u03c1\u03b9\u03ba\u03bb\u03b5\u03b9\u03cc\u03bc\u03b5\u03bd\u03bf\u03c2 \u03b1\u03c0\u03cc \u03c4\u03bf\u03bd \u0393\u03bd\u03ce\u03bc\u03bf\u03bd\u03b1 \u03ba\u03b1\u03b9 \u03c4\u03bf\u03bd \u0394\u03b9\u03b1\u03b2\u03ae\u03c4\u03b7, \u03c0\u03b1\u03c1\u03b1\u03bb\u03bb\u03b7\u03bb\u03af\u03b6\u03b5\u03c4\u03b1\u03b9 \u03bc\u03b5 \u03c4\u03bf\u03bd \u03bc\u03c5\u03b8\u03b9\u03ba\u03cc \u03b1\u03c1\u03c7\u03b9\u03c4\u03ad\u03ba\u03c4\u03bf\u03bd\u03b1 \u03a7\u03b9\u03c1\u03ac\u03bc \u03c0\u03bf\u03c5 \u03b1\u03bd\u03c4\u03b9\u03c0\u03c1\u03bf\u03c3\u03c9\u03c0\u03b5\u03cd\u03b5\u03b9 \u03c4\u03b7\u03bd \u03b1\u03bd\u03b1\u03b6\u03ae\u03c4\u03b7\u03c3\u03b7 \u03c4\u03b7\u03c2 \u03b1\u03bb\u03ae\u03b8\u03b5\u03b9\u03b1\u03c2 \u03ba\u03b1\u03b9 \u03c4\u03b7\u03c2 \u03c4\u03b5\u03bb\u03b5\u03b9\u03cc\u03c4\u03b7\u03c4\u03b1\u03c2 \u03bc\u03ad\u03c3\u03c9 \u03c4\u03b7\u03c2 \u03b5\u03c1\u03b3\u03b1\u03c3\u03af\u03b1\u03c2 \u03ba\u03b1\u03b9 \u03c4\u03b7\u03c2 \u03b1\u03c6\u03bf\u03c3\u03af\u03c9\u03c3\u03b7\u03c2 \u03c3\u03c4\u03b7\u03bd \u03ba\u03b1\u03c4\u03b1\u03c3\u03ba\u03b5\u03c5\u03ae \u03c4\u03bf\u03c5 \u03b5\u03c3\u03ce\u03c4\u03b5\u03c1\u03bf\u03c5 \u03bd\u03b1\u03bf\u03cd.\n\n\n\n\n\n\n\n\n\n\n\n\u03a7\u0391\u0399\u03a1\u0395\u03a4\u0399\u03a3\u039c\u039f\u03a3 \u0395\u03a0.\u039c\u0394 \u03a0\u0395\u0399\u03a1\u0391\u0399\u03a9\u03a3 \u039a\u0391\u0399 \u039d\u0397\u03a3\u03a9\u039d \u0391\u03a1\u03a7\u0399\u03a0\u0395\u039b\u0391\u0393\u039f\u03a5\u03a3 \u0391\u0399\u0393\u0391\u0399\u039f\u03a5\n\u03a0\u03b1\u03bd\u03b1\u03b3\u03b9\u03ce\u03c4\u03b7\u03c2 \u0392\u03bb\u03ac\u03c7\u03bf\u03c2\n<p><span style=\"font-size: 16px; color: rgb(89, 89, 89);\">\nLa provincia del Pireo e Islas del Archipi\u00e9lago Egeo, siendo la provincia m\u00e1s antigua de la Gran Logia Nacional de Grecia (NGLG), ha desempe\u00f1ado un papel decisivo en el desarrollo y funcionamiento de la fraternidad desde su fundaci\u00f3n. Con tres logias fundadoras y una contribuci\u00f3n continua al apoyo de sus valores y principios, ha constituido y constituye un pilar fundamental para la preservaci\u00f3n y promoci\u00f3n de la fraternidad.<br\/><br\/>\nLas Logias Mas\u00f3nicas constituyen talleres espirituales y la principal preocupaci\u00f3n de cada Maestro Provincial es garantizar el funcionamiento ordenado y sin obst\u00e1culos de las que est\u00e1n bajo su jurisdicci\u00f3n, implementando al mismo tiempo la visi\u00f3n del Gran Maestro.<br\/><br\/>\nLa Provincia del Pireo e Islas del Archipi\u00e9lago Egeo en pleno desarrollo cubre una extensa \u00e1rea geogr\u00e1fica, incluyendo un total de 17 logias mas\u00f3nicas simb\u00f3licas, que est\u00e1n distribuidas por toda su jurisdicci\u00f3n geogr\u00e1fica. Entre ellas, se incluye una logia angl\u00f3fona y una german\u00f3fona, as\u00ed como una logia de investigaci\u00f3n y una logia de prop\u00f3sito especial. <br\/><br\/>\nEsta variedad de logias y el pluralismo de nuestros rituales de trabajo, ofrecen a nuestros miembros la posibilidad de participar en m\u00faltiples aspectos del arte mas\u00f3nico. <br\/><br\/>\nAdem\u00e1s, el Edificio Mas\u00f3nico del Pireo completamente renovado y moderno alberga numerosas logias pertenecientes a cuerpos mas\u00f3nicos paralelos a la Gran Logia Nacional. <br\/><br\/>\nCon aprecio, les doy la bienvenida a este espacio digital en nombre de la Provincia del Pireo e Islas del Archipi\u00e9lago Egeo, donde los valores mas\u00f3nicos se encuentran con la realidad contempor\u00e1nea. \n\n<br><br>\nCon saludos fraternales,\n<br><strong>\n\u039f \u0395\u03c0\u03b1\u03c1\u03c7\u03b9\u03b1\u03ba\u03cc\u03c2 \u039c\u03ad\u03b3\u03b1\u03c2 \u0394\u03b9\u03b4\u03ac\u03c3\u03ba\u03b1\u03bb\u03bf\u03c2          \u03a0\u03b5\u03b9\u03c1\u03b1\u03b9\u03ce\u03c2 &#038; \u039d\u03ae\u03c3\u03c9\u03bd \u0391\u03c1\u03c7\u03b9\u03c0\u03b5\u03bb\u03ac\u03b3\u03bf\u03c5\u03c2 \u0391\u03b9\u03b3\u03b1\u03af\u03bf\u03c5\n<br>\nM\u2234Resp\u2234H\u2234 Panagiotis Vlajos<\/span><\/p>\n\n\n\n\n\n\n\n\n\n\n\n\n\n<h2>\u03a3\u03c4\u03bf\u03ad\u03c2 \u03a5\u03c0\u03bf \u03c4\u03b7\u03bd \u0394\u03b9\u03ba\u03b1\u03b9\u03bf\u03b4\u03bf\u03c3\u03af\u03b1 \u03c4\u03b7\u03c2 \u0395\u03c0.\u039c. \u03a3\u03c4\u03bf\u03ac\u03c2 \u03a0\u03b5\u03b9\u03c1\u03b1\u03b9\u03ce\u03c2 &#038; \u039d\u03ae\u03c3\u03c9\u03bd \u0391\u03c1\u03c7\u03b9\u03c0\u03b5\u03bb\u03ac\u03b3\u03bf\u03c5\u03c2 \u0391\u03b9\u03b3\u03b1\u03af\u03bf\u03c5<\/h2>\n\n\n\n\n\n\n1. \u03a0\u0391\u03a1\u0398\u0395\u039d\u03a9\u039d \u03a5\u03a0\u2019 \u0391\u03a1. 3 (\u0399\u0394\u03a1\u03a5\u03a4\u0399\u039a\u0397 \u03a3\u03a4\u039f\u0391 &#8211; \u0391\u0393\u0393\u039b\u039f\u03a6\u03a9\u039d\u0397)\n\n\n2. \u039c\u0399\u0391\u039f\u03a5\u039b\u0397\u03a3 \u03a5\u03a0\u2019 \u0391\u03a1. 4 (\u0399\u0394\u03a1\u03a5\u03a4\u0399\u039a\u0397 \u03a3\u03a4\u039f\u0391)\n\n\n3. \u03a0\u0399\u03a3\u03a4\u0397\u03a3 \u03a5\u03a0\u2019 \u0391\u03a1. 5 (\u0399\u0394\u03a1\u03a5\u03a4\u0399\u039a\u0397 \u03a3\u03a4\u039f\u0391)\n\n\n4. \u0397\u03a1\u0391\u039a\u039b\u0397\u03a3 \u03a5\u03a0\u2019 \u0391\u03a1. 12\n\n\n5. \u0395\u039c\u03a0\u0395\u0394\u039f\u039a\u039b\u0397\u03a3 \u03a5\u03a0\u2019 \u0391\u03a1. 15\n\n\n6. \u03a6\u0399\u039b\u0399\u039a\u0397 \u0395\u03a4\u0391\u0399\u03a1\u0395\u0399\u0391 \u03a5\u03a0\u2019 \u0391\u03a1. 24\n\n\n7. \u039a\u0391\u039c\u0395\u0399\u03a1\u039f\u03a3 \u03a5\u03a0\u2019 \u0391\u03a1. 28\n\n\n8. \u03a3\u03a9\u039a\u03a1\u0391\u03a4\u0397\u03a3 \u03a5\u03a0\u2019 \u0391\u03a1. 31 (\u0393\u0395\u03a1\u039c\u0391\u039d\u039f\u03a6\u03a9\u039d\u0397)\n\n\n9. \u0392\u03a5\u0396\u0391\u03a3 \u03a5\u03a0\u2019 \u0391\u03a1. 44\n\n\n10. \u0394\u0391\u0399\u0394\u0391\u039b\u039f\u03a3 \u03a5\u03a0\u2019 \u0391\u03a1. 50\n\n\n11. \u0391\u039d\u03a4\/\u03a7\u039f\u03a3 \u03a0\u0391\u039d. \u0392\u039b\u0391\u03a7\u0391\u039a\u039f\u03a3 \u03a5\u03a0\u2019 \u0391\u03a1. 69\n\n\n12. \u0391\u03a0\u039f\u039b\u039b\u03a9\u039d\u0399\u039f\u03a3 \u039f \u03a1\u039f\u0394\u0399\u039f\u03a3 \u03a5\u03a0\u2019 \u0391\u03a1. 80\n\n\n13. \u0398\u0395\u039c\u0399\u03a3\u03a4\u039f\u039a\u039b\u0397\u03a3 \u03a5\u03a0\u2019 \u0391\u03a1. 96\n\n\n14. \u039a\u0391\u0398\u0397\u039a\u039f\u039d \u03a5\u03a0\u2019 \u0391\u03a1. 99\n\n\n15. \u03a0\u039b\u0391\u03a4\u03a9\u039d 1990 \u03a5\u03a0\u2019 \u0391\u03a1. 103\n\n\n16. \u0391\u03a4\u039b\u0391\u039d\u03a4\u0399\u03a3 \u03a5\u03a0&#8217; \u0391\u03a1. 107\n\n\n17. \u03a0\u039f\u03a3\u0395\u0399\u0394\u03a9\u039d\u0399\u0391 (\u0395\u03a1\u0395\u03a5\u039d\u0397\u03a4\u0399\u039a\u0397)\n\n\n18. \u0395\u03a0\u0399\u039c\u0395\u039b\u0397\u03a4\u03a9\u039d (\u0395\u0399\u0394\u0399\u039a\u039f\u03a5 \u03a3\u039a\u039f\u03a0\u039f\u03a5)\n\n\n19. \u0397\u03a6\u0391\u0399\u03a3\u03a4\u0399\u0391 (\u0395\u03a1\u0395\u03a5\u039d\u0397\u03a4\u0399\u039a\u0397) \u03a5\u03a0&#8217; \u0391\u03a1. 112\n\n\n20. \u0394\u0397\u039c\u0397\u03a4\u0397\u03a1 \u03a5\u03a0&#8217; \u0391\u03a1. 113\n\n\n21. \u0393. \u03a3\u039f\u03a5\u03a1\u0397\u03a3 \u03a5\u03a0&#8217; \u0391\u03a1. 114\n\n\n\n\n\n\n\n\n\n<h2>\u03a0\u03c1\u03cc\u03b3\u03c1\u03b1\u03bc\u03bc\u03b1 \u0395\u03c1\u03b3\u03b1\u03c3\u03b9\u03ce\u03bd \u03a3\u03c4\u03bf\u03ce\u03bd \u03c4\u03b7\u03c2 \u0395\u03c0. \u03a0\u03b5\u03b9\u03c1\u03b1\u03b9\u03ce\u03c2 &#038; \u039d\u03ae\u03c3\u03c9\u03bd \u0391\u03c1\u03c7\u03b9\u03c0\u03b5\u03bb\u03ac\u03b3\u03bf\u03c5\u03c2 \u0391\u03b9\u03b3\u03b1\u03af\u03bf\u03c5<\/h2>\n\n\n\n\n\n\n\n\n\n{\"title\":\"\", \"content\":\"<iframe src=\"\\\"https:><\/iframe>&#8220;}","protected":false},"excerpt":{"rendered":"","protected":false},"author":1,"featured_media":0,"parent":0,"menu_order":0,"comment_status":"closed","ping_status":"closed","template":"","meta":{"pagelayer_contact_templates":[],"_pagelayer_content":"","footnotes":""},"class_list":["post-6901","page","type-page","status-publish","hentry"],"_links":{"self":[{"href":"https:\/\/nglgreece.org\/es\/wp-json\/wp\/v2\/pages\/6901","targetHints":{"allow":["GET"]}}],"collection":[{"href":"https:\/\/nglgreece.org\/es\/wp-json\/wp\/v2\/pages"}],"about":[{"href":"https:\/\/nglgreece.org\/es\/wp-json\/wp\/v2\/types\/page"}],"author":[{"embeddable":true,"href":"https:\/\/nglgreece.org\/es\/wp-json\/wp\/v2\/users\/1"}],"replies":[{"embeddable":true,"href":"https:\/\/nglgreece.org\/es\/wp-json\/wp\/v2\/comments?post=6901"}],"version-history":[{"count":16,"href":"https:\/\/nglgreece.org\/es\/wp-json\/wp\/v2\/pages\/6901\/revisions"}],"predecessor-version":[{"id":8340,"href":"https:\/\/nglgreece.org\/es\/wp-json\/wp\/v2\/pages\/6901\/revisions\/8340"}],"wp:attachment":[{"href":"https:\/\/nglgreece.org\/es\/wp-json\/wp\/v2\/media?parent=6901"}],"curies":[{"name":"wp","href":"https:\/\/api.w.org\/{rel}","templated":true}]}}