{"id":6641,"date":"2025-01-11T14:10:57","date_gmt":"2025-01-11T14:10:57","guid":{"rendered":"https:\/\/nglgreece.org\/?page_id=6641"},"modified":"2025-02-09T21:23:55","modified_gmt":"2025-02-09T21:23:55","slug":"hfaistia","status":"publish","type":"page","link":"https:\/\/nglgreece.org\/es\/hfaistia\/","title":{"rendered":"SUCESOS"},"content":{"rendered":"<p>S. L. HEFESTIA n\u00fam. 112<\/p>\n\n\n\n\n<p style=\"text-align: right; \"><span style=\"font-size: 20px; color: rgb(255, 255, 255);\"><strong style=\"line-height: 1;\">LOREM CORPORATE CEO<\/strong><\/span><\/p><p style=\"text-align: center;\"><span style=\"color: rgb(255, 255, 255);\">Duis aute irure dolor in reprehenderit in voluptate velit esse cillum dolore eu fugiat nulla pariatur. Excepteur sint occaecat cupidatat non proident, sunt in culpa qui officia deserunt mollit anim id est laborum.<\/span><\/p><p style=\"text-align: left;\"><sign>&nbsp; &nbsp; &nbsp; <span style=\"line-height: 2.0;\">Benn Marshall<\/span><\/sign><\/p>\n\n\n\n\n<h2><strong>ESCUDO<\/strong><\/h2><br>\n\n\n<strong>La Logia Especial de Investigaci\u00f3n \"HEFESTIA\"<\/strong> adopta un escudo que constituye una composici\u00f3n de antiguos s\u00edmbolos griegos, misterios y misticismo, extrayendo inspiraci\u00f3n de la mitolog\u00eda, la filosof\u00eda y el arte de la metalurgia, en combinaci\u00f3n con la tradici\u00f3n mas\u00f3nica. Su escudo es una obra de profundo significado simb\u00f3lico, que narra la historia y el prop\u00f3sito de la Logia.<br>\n<br>\n<h6><strong>El Fondo Dorado<\/strong><\/h6><br>\n\nEl color dorado que predomina en el escudo representa el sol, fuente de vida y luz, que alude a la deidad del Sol, Apolo. El oro, como metal, simboliza la sabidur\u00eda divina, la iluminaci\u00f3n y la transformaci\u00f3n. As\u00ed como Hefesto, el dios de los metales, esculpe el metal a trav\u00e9s del fuego, as\u00ed \"HEFESTIA\" aspira a dar forma a la verdad y al conocimiento a trav\u00e9s del calor de la investigaci\u00f3n y la creaci\u00f3n.<br><br>\n\n\n\n\n\n<h6><strong>El Yunque como S\u00edmbolo Central<\/strong><\/h6><br>\n\nEl yunque, que domina el escudo, representa la herramienta principal de los primeros metal\u00fargicos de Hefestia, aquella antigua ciudad estrechamente relacionada con Hefesto, el dios del fuego y la metalurgia. Los primeros ingenieros de la historia trabajaban con estas herramientas, simbolizando la conexi\u00f3n de la Logia con la creatividad, la inventiva y la ciencia. El yunque se convierte en el puente entre la antig\u00fcedad y la tecnolog\u00eda moderna, donde los hermanos de la Logia representan a los \"nuevos metal\u00fargicos\", los ingenieros y los especialistas en tecnolog\u00eda.<br><br>\n\n<h6><strong>La Letra Dorada \"H\"<\/strong><\/h6><br>\n\nLa letra \"H\", que domina el escudo, tiene m\u00faltiples significados. Simboliza Hefestia, la ciudad dedicada a Hefesto, mientras que al mismo tiempo hace referencia al sol (Helios), la fuente de energ\u00eda creativa. La letra \"H\" se convierte en el v\u00ednculo entre la tierra y el cielo, al igual que Hefesto, quien trabaja en las entra\u00f1as de la tierra para crear las armas divinas y los s\u00edmbolos de la armon\u00eda.<br><br>\n\n<h6><strong>Escuadra y Comp\u00e1s<\/strong><\/h6><br>\n\nLa escuadra y el comp\u00e1s, como s\u00edmbolos cl\u00e1sicos de la masoner\u00eda, aportan su propia dimensi\u00f3n al escudo. Simbolizan el equilibrio, la precisi\u00f3n, el orden y la armon\u00eda que buscan los investigadores de la Logia. Representan el m\u00e9todo cient\u00edfico y la b\u00fasqueda filos\u00f3fica, mientras que al mismo tiempo declaran el compromiso con la creaci\u00f3n de un mundo mejor.<br>\n\n<h6><strong>Nombre<\/strong><\/h6><br>\n\nHefestia, como antigua ciudad de Lemnos, est\u00e1 estrechamente vinculada con los Misterios Cab\u00edricos, que honraban el poder creativo de Hefesto y la sabidur\u00eda primordial de la naturaleza. Los hermanos de la Logia se inspiran en estos misterios, honrando la tradici\u00f3n de los Cabiros, que portan el conocimiento del fuego y la metalurgia como arte sagrado.<br><br>\n\n<h6><strong>Mensaje del Escudo<\/strong><\/h6><br>\n\nEl escudo de \"HEFESTIA\" es algo m\u00e1s que un emblema; es una representaci\u00f3n de la misi\u00f3n de la Logia. Con sus ra\u00edces en los antiguos artesanos y su mirada puesta en el futuro, la Logia busca unir la sabidur\u00eda de la antig\u00fcedad con la tecnolog\u00eda de hoy. Es una invitaci\u00f3n a todos los hermanos a participar en este gran esfuerzo por la iluminaci\u00f3n, el conocimiento y la creaci\u00f3n.RetryClaude can make mistakes. Please double-check responses.\n\n\n\n\n\n\n\n\n<h2>Prop\u00f3sito de la Logia Especial de Investigaci\u00f3n \"HEFESTIA\"<\/h2>\n\n\n\n<strong>La Logia Especial de Investigaci\u00f3n \"HEFESTIA\" tiene una visi\u00f3n: reunir a hermanos con habilidades sobresalientes y especializaci\u00f3n en lo que respecta a tecnolog\u00eda, ciencias e ingenier\u00eda, para crear una comunidad fuerte y pionera. Su prop\u00f3sito es proporcionar apoyo tecnol\u00f3gico a la Gran Logia Nacional de Grecia (NGLG) y preparar el ma\u00f1ana, a trav\u00e9s de la \u00e9tica, la ciencia y la fraternidad.<\/strong>\n\n\n\n\n<p>Lorem Ipsum ha sido el texto ficticio est\u00e1ndar de la industria desde el siglo XVI.<\/p>\n\n\n\n\n\n\n\n<h2>La Misi\u00f3n<\/h2>\n\nLa misi\u00f3n de \"HEFESTIA\" es doble. Por un lado, aspiramos a atraer hermanos nuevos y talentosos que constituir\u00e1n el futuro de la direcci\u00f3n tecnol\u00f3gica de la (NGLG). Por otro lado, buscamos promover la \u00e9tica y la ciencia en una combinaci\u00f3n poderosa e interrelacionada. Por primera vez, la participaci\u00f3n en una Logia se basa en la calidad \u00e9tica del candidato y en su relaci\u00f3n con la tecnolog\u00eda y las ciencias, formando as\u00ed una comunidad que incorpora la \u00e9tica y el conocimiento.\n\n<h2>LOS VALORES<\/h2>\n\nEn \"HEFESTIA\", la \u00e9tica precede a todo. El criterio b\u00e1sico para la admisi\u00f3n de un nuevo miembro es su integridad moral. Sin embargo, igualmente importante es su formaci\u00f3n tecnol\u00f3gica o su especializaci\u00f3n en ciencias e ingenier\u00eda. Los hermanos que ser\u00e1n propuestos para participar en la Logia deber\u00e1n combinar el amor por el conocimiento, la competencia tecnol\u00f3gica y el deseo de contribuir a la sociedad en general y a la (NGLG).\n\n\n\n\n\n<h2>La Visi\u00f3n<\/h2>\n\nEl G.M., V\u2234H\u2234 Ioannis Benetatos ha elevado y guiado a la Gran Logia Nacional hacia una Gran Logia de prestigio mundial, haciendo ahora necesario el apoyo para la evoluci\u00f3n tecnol\u00f3gica de la (NGLG). Con la ayuda de los hermanos fundadores, la \"primera levadura\" de Hefestia, se crea la base para la uni\u00f3n de hermanos que contribuir\u00e1n al apoyo del desarrollo moderno de la (NGLG). En \"HEFESTIA\", la tecnolog\u00eda no es simplemente una herramienta, sino un medio para la iluminaci\u00f3n, la fraternidad y la creaci\u00f3n.\n\n\n\n\n\n\n<p>Lorem Ipsum ha sido el texto ficticio est\u00e1ndar de la industria desde el siglo XVI.<\/p>\n\n\n\n\n<h2>\u00bfQui\u00e9nes son los Hermanos de \"HEFESTIA\"?<\/h2>\n\n\nLos hermanos que participan en \"HEFESTIA\" son <strong>INNOVADORES<\/strong>&nbsp; con pasi\u00f3n por el conocimiento y la creaci\u00f3n. Son los \"metal\u00fargicos\" modernos, que trabajan para crear, mejorar e inspirar. Como los antiguos artesanos de Hefesti\u00f3n, nuestros hermanos y hermanas trabajan pensando en el conocimiento, la verdad y la armon\u00eda.\n\n\n\nHephaestia Lodge no es s\u00f3lo una comunidad; es una visi\u00f3n de futuro. Es el v\u00ednculo entre la \u00e9tica y la ciencia, e invita a todos los hermanos a formar parte de esta misi\u00f3n \u00fanica. Impulsados por la \u00e9tica y la innovaci\u00f3n, construimos juntos el ma\u00f1ana.","protected":false},"excerpt":{"rendered":"","protected":false},"author":1,"featured_media":0,"parent":0,"menu_order":0,"comment_status":"closed","ping_status":"closed","template":"","meta":{"pagelayer_contact_templates":[],"_pagelayer_content":"","footnotes":""},"class_list":["post-6641","page","type-page","status-publish","hentry"],"_links":{"self":[{"href":"https:\/\/nglgreece.org\/es\/wp-json\/wp\/v2\/pages\/6641","targetHints":{"allow":["GET"]}}],"collection":[{"href":"https:\/\/nglgreece.org\/es\/wp-json\/wp\/v2\/pages"}],"about":[{"href":"https:\/\/nglgreece.org\/es\/wp-json\/wp\/v2\/types\/page"}],"author":[{"embeddable":true,"href":"https:\/\/nglgreece.org\/es\/wp-json\/wp\/v2\/users\/1"}],"replies":[{"embeddable":true,"href":"https:\/\/nglgreece.org\/es\/wp-json\/wp\/v2\/comments?post=6641"}],"version-history":[{"count":86,"href":"https:\/\/nglgreece.org\/es\/wp-json\/wp\/v2\/pages\/6641\/revisions"}],"predecessor-version":[{"id":7198,"href":"https:\/\/nglgreece.org\/es\/wp-json\/wp\/v2\/pages\/6641\/revisions\/7198"}],"wp:attachment":[{"href":"https:\/\/nglgreece.org\/es\/wp-json\/wp\/v2\/media?parent=6641"}],"curies":[{"name":"wp","href":"https:\/\/api.w.org\/{rel}","templated":true}]}}