{"id":6073,"date":"2024-12-02T20:44:04","date_gmt":"2024-12-02T20:44:04","guid":{"rendered":"https:\/\/nglgreece.org\/?page_id=6073"},"modified":"2025-05-02T21:04:56","modified_gmt":"2025-05-02T21:04:56","slug":"gran-logia-provincial-de-atenas","status":"publish","type":"page","link":"https:\/\/nglgreece.org\/es\/gran-logia-provincial-de-atenas\/","title":{"rendered":"P.G.L. OF ATHENS"},"content":{"rendered":"<h2>Escudo de la Gran Logia Provincial de Atenas<\/h2>\n\n\n\n\n\n\n\n\n\n\n\n\n\n\n\n\n\n\n\n\n\n\n\n\n\n\n\n\n\n\n\n\n\n\n\n\n\n\n\nEl Escudo de la Gran Logia Provincial de Atenas es rico en simbolismos que presenta dividido en dos partes principales y distintivas, izquierda y derecha.<br\/><br\/>\nEn la parte izquierda presenta los tres \u00f3rdenes principales de la arquitectura griega antigua. El orden D\u00f3rico, s\u00edmbolo de fuerza, simplicidad y valent\u00eda, el orden Corintio, s\u00edmbolo de perfecci\u00f3n, belleza y expresi\u00f3n art\u00edstica, y el orden J\u00f3nico, s\u00edmbolo de sabidur\u00eda, delicadeza y belleza adornan la parte izquierda del escudo sobre un fondo blanco que a su vez simboliza la paz, la armon\u00eda y la luz.<br\/><br>\nEn el centro de ellos est\u00e1n solo la Escuadra y el Comp\u00e1s, s\u00edmbolos de la masoner\u00eda con la letra G en el centro de todo esto simbolizando al Gran Arquitecto del Universo como centro, en color dorado, que simboliza la autoridad, la energ\u00eda Divina y el optimismo.<br\/><br\/>\nEn la parte derecha hay un b\u00faho que es un s\u00edmbolo antiguo de Atenas y de nuestra herencia cultural, con una rama de olivo, el s\u00edmbolo universal de la paz.<br\/><br\/>\nEn el fondo azul simboliza la estabilidad, la espiritualidad y la libertad. La corona de laurel que adorna la \u00faltima secci\u00f3n es s\u00edmbolo de victoria, honor y eternidad, que solo podemos lograr a trav\u00e9s de una correcta preparaci\u00f3n y esfuerzo.<br\/><br\/>\n\u03a4\u03ad\u03bb\u03bf\u03c2 \u03c4\u03bf \u03c0\u03bf\u03c1\u03c6\u03c5\u03c1\u03cc \u03c7\u03c1\u03ce\u03bc\u03b1 \u03c0\u03bf\u03c5 \u03ad\u03c7\u03b5\u03b9 \u03b5\u03c0\u03b9\u03bb\u03b5\u03b3\u03b5\u03af \u03b5\u03af\u03bd\u03b1\u03b9 \u03c3\u03cd\u03bc\u03b2\u03bf\u03bb\u03bf \u03c3\u03b5\u03b2\u03b1\u03c3\u03bc\u03bf\u03cd, \u03c0\u03bd\u03b5\u03c5\u03bc\u03b1\u03c4\u03b9\u03ba\u03cc\u03c4\u03b7\u03c4\u03b1\u03c2 \u03ba\u03b1\u03b9 \u03b4\u03b7\u03bc\u03b9\u03bf\u03c5\u03c1\u03b3\u03b9\u03ba\u03cc\u03c4\u03b7\u03c4\u03b1\u03c2.\n\n\n\n\n\n\n\n\n\n\n\n\u03a7\u03b1\u03b9\u03c1\u03b5\u03c4\u03b9\u03c3\u03bc\u03cc\u03c2 \u0395\u03c0.\u039c\u0394 \u0391\u03b8\u03b7\u03bd\u03ce\u03bd\n\n\n\n\n\n\n\n\n\n\u039b\u03bf\u03c5\u03ba\u03ac\u03c2 \u0394\u03bf\u03bc\u03ad\u03c3\u03c4\u03b9\u03c7\u03bf\u03c2\n<p><span style=\"font-size: 16px; color: rgb(89, 89, 89);\">Queridos Hermanos,\n<br><br>\nEn nombre de la Gran Logia Provincial de Atenas bajo la \u00e9gida de la Gran Logia Nacional de Grecia y desde mi cargo, les dirijo un c\u00e1lido saludo.\n<br><br>\nLa herencia mas\u00f3nica que poseemos es invaluable y constituye no solo un privilegio, sino tambi\u00e9n un deber de conciencia preservarla, para transmitirla \u00edntegra a las generaciones futuras.\n<br><br>\nLa Gran Logia Provincial de Atenas, como guardiana de la Constituci\u00f3n de la Gran Logia Nacional de Grecia, trabaja incansablemente por el buen funcionamiento de las 31 Logias Simb\u00f3licas de la regi\u00f3n y el mantenimiento de las tradiciones mas\u00f3nicas.\n<br><br>\nEl Gran Secretario Provincial desempe\u00f1a un papel central en asegurar la comunicaci\u00f3n continua con los Secretarios de las Logias Simb\u00f3licas, asumiendo el rol oficial en la transmisi\u00f3n y recepci\u00f3n de cada asunto y acci\u00f3n mas\u00f3nica.\n<br><br>\nLa Gran Asamblea anual de la Gran Logia Provincial constituye el evento m\u00e1s importante, donde se realiza el balance y la evaluaci\u00f3n del trabajo del a\u00f1o transcurrido, y en base a estos se designan los Grandes Oficiales.\n<br><br>\nLa obra principal sigue siendo el apoyo constante al trabajo del Gran Maestro de la Gran Logia Nacional, para las logias simb\u00f3licas de la regi\u00f3n de Atenas.\n<br><br>\nCon saludos fraternales,\n<br><strong>\nEl Gran Maestro Provincial de Atenas\n<br>\nM\u2234Resp\u2234H\u2234 Lucas Domesticos<\/span><\/p>\n\n\n\n\n\n\n\n\n\n\n\n\n\n\n\n\n\n\n\n\n<h2>Logias Bajo la Jurisdicci\u00f3n de la Gran Logia Provincial de Atenas<\/h2>\n\n\n\n\n\n\n1. \u0391\u039a\u03a1\u039f\u03a0\u039f\u039b\u0397 2\n\n\n2. \u0397\u039b\u0399\u039f\u03a4\u03a1\u039f\u03a0\u0399\u039f\u039d 8\n\n\n3. \u0399\u03a3\u0399\u03a3 9\n\n\n4. \u0391\u0398\u0397\u039d\u0391 \u03a3\u039f\u03a6\u0399\u0391 11\n\n\n5. \u0397\u03a1\u0391\u039a\u039b\u0395\u0399\u03a4\u039f\u03a3 10\n\n\n6. GARIBALDI 13\n\n\n7. \u0391\u039d\u0391\u0393\u0395\u039d\u039d\u0397\u03a3\u0399\u03a3 17\n\n\n8. \u0395\u0393\u039a\u0391\u03a4\u0395\u03a3\u03a4\u0397\u039c\u0395\u039d\u03a9\u039d \u03a3\u0395\u0392\u0391\u03a3\u039c\u0399\u03a9\u039d 18\n\n\n9. \u03a4\u03a1\u0399\u03a0\u03a4\u039f\u039b\u0395\u039c\u039f\u03a3 19\n\n\n10. \u0391\u03a4\u03a4\u0399\u039a\u039f\u03a3 \u0391\u03a3\u03a4\u0397\u03a1 21\n\n\n11. \u03a0\u03a5\u0398\u0391\u0393\u039f\u03a1\u0391\u03a3 23\n\n\n12. \u0391\u0394\u0391\u039c\u0391\u039d\u03a4\u0399\u039f\u03a3 \u039a\u039f\u03a1\u0391\u0397\u03a3 42\n\n\n13. ST.GEORGE 52\n\n\n14. \u0391\u03a1\u0393\u03a9 54\n\n\n15. LA FRANCE 58\n\n\n16. \u039f\u039c\u0397\u03a1\u039f\u03a3 59\n\n\n17. \u03a0\u039b\u039f\u03a5\u03a4\u0391\u03a1\u03a7\u039f\u03a3 62\n\n\n18. \u0395\u039b\u039b. \u039e\u0395\u039d\u039f\u0394\u039f\u03a7\u0395\u0399\u039f 67\n\n\n19. \u03a0\u039b\u0391\u03a4\u03a9\u039d 70\n\n\n20. \u039c\u0395\u0393. \u0395\u03a0\u0399\u039c\u0395\u039b\u0397\u03a4\u03a9\u039d 74\n\n\n21. \u039b\u039f\u03a1\u0394\u039f\u03a3 \u0392\u03a5\u03a1\u03a9\u039d 76\n\n\n22. \u0391\u0398\u0397\u039d\u0391 \u03a3\u03a4\u0391\u0398\u039c\u0399\u0391 78\n\n\n23. \u0391\u0393\u0399\u039f\u03a3 \u0399\u03a9\u0391\u039d\u039d\u0397\u03a3 88\n\n\n24. \u039b\u039f\u0393\u039f\u03a3 89\n\n\n25. \u0391\u0398.\u039b\u0395\u03a5\u039a\u0391\u0394\u0399\u03a4\u0397\u03a3 90\n\n\n26. \u0399\u03a3\u039f\u03a4\u0399\u03a3 1882 \u2013 97\n\n\n27. \u03a6\u0395\u03a1\u0394\u0399\u039d\u0391\u039d\u0394\u039f\u03a3 102\n\n\n28. \u03a0\u039b\u0391\u03a4\u03a9\u039d 103\n\n\n29. \u0391\u039a\u03a1\u039f\u03a0\u039f\u039b\u0399\u03a3 104\n\n\n30. \u03a0\u03a1\u039f\u039c\u0397\u0398\u0395\u03a5\u03a3 105\n\n\n31. \u0395\u03a5\u03a1\u03a9\u03a0\u0397 108\n\n\n32. \u03a3\u03a0\u03a5\u03a1\u0399\u0394\u03a9\u039d \u039d\u0391\u0393\u039f\u03a3 111\n\n\n\n\n\n\n\n\n\n<h2>Lodge Programa de trabajo de la Ep. Atenas<\/h2>\n\n\n\n\n{\"title\":\"\", \"content\":\"<iframe style=\"\\\"border:\" 0;\\\" src=\"\\\"https:><\/iframe>&#8220;}","protected":false},"excerpt":{"rendered":"","protected":false},"author":1,"featured_media":0,"parent":0,"menu_order":0,"comment_status":"closed","ping_status":"closed","template":"","meta":{"pagelayer_contact_templates":[],"_pagelayer_content":"","footnotes":""},"class_list":["post-6073","page","type-page","status-publish","hentry"],"_links":{"self":[{"href":"https:\/\/nglgreece.org\/es\/wp-json\/wp\/v2\/pages\/6073","targetHints":{"allow":["GET"]}}],"collection":[{"href":"https:\/\/nglgreece.org\/es\/wp-json\/wp\/v2\/pages"}],"about":[{"href":"https:\/\/nglgreece.org\/es\/wp-json\/wp\/v2\/types\/page"}],"author":[{"embeddable":true,"href":"https:\/\/nglgreece.org\/es\/wp-json\/wp\/v2\/users\/1"}],"replies":[{"embeddable":true,"href":"https:\/\/nglgreece.org\/es\/wp-json\/wp\/v2\/comments?post=6073"}],"version-history":[{"count":13,"href":"https:\/\/nglgreece.org\/es\/wp-json\/wp\/v2\/pages\/6073\/revisions"}],"predecessor-version":[{"id":7846,"href":"https:\/\/nglgreece.org\/es\/wp-json\/wp\/v2\/pages\/6073\/revisions\/7846"}],"wp:attachment":[{"href":"https:\/\/nglgreece.org\/es\/wp-json\/wp\/v2\/media?parent=6073"}],"curies":[{"name":"wp","href":"https:\/\/api.w.org\/{rel}","templated":true}]}}