{"id":6044,"date":"2024-12-02T18:56:12","date_gmt":"2024-12-02T18:56:12","guid":{"rendered":"https:\/\/nglgreece.org\/?page_id=6044"},"modified":"2025-12-11T19:15:42","modified_gmt":"2025-12-11T19:15:42","slug":"mas-alla-del-oficio","status":"publish","type":"page","link":"https:\/\/nglgreece.org\/es\/mas-alla-del-oficio\/","title":{"rendered":"M\u00c1S ALL\u00c1 DEL OFICIO"},"content":{"rendered":"M\u00e1s all\u00e1 de la Corporaci\u00f3n\n\n\n\n<p [object namednodemap]>Los Cuerpos m\u00e1s all\u00e1 de la Corporaci\u00f3n en la Francmasoner\u00eda son organizaciones que ofrecen ense\u00f1anzas adicionales, grados y ceremonias m\u00e1s all\u00e1 de los grados simb\u00f3licos de las Logias. Est\u00e1n vinculados a la Masoner\u00eda y se centran en aspectos especializados, como el Rito Escoc\u00e9s o el Arco Real.<\/p>\n\n\n\n\n<br>SUPREMO GRAN P\u00d3RTICO DE LOS MASONES DEL ARCO REAL DE GRECIA\n* 1977 *\n<br><br><br><br><br>\n\n\n\n\n<br>\nSUPREMO CONSEJO DEL 33\u00b0 GRADO PARA GRECIA DEL ANTIGUO Y ACEPTADO RITO ESCOC\u00c9S\n<br>\n<br><br><br>\n\n\n\n\n<br>\nGRAN LOGIA DE LOS MAESTROS MASONES DEL SIGNO DE GRECIA Y SUS LOGIAS DE ULTRAMAR<br>\n<br>\n<br>\n<br>\n\n\n\n\n\n\nGRAN PRIORATO DE GRECIA\nDE LAS ORDENES RELIGIOSAS, MILITARES Y MAS\u00d3NICAS UNIDAS DEL TEMPLO, DE SAN JUAN DE JERUSAL\u00c9N, DE PALESTINA, DE CHIPRE, DE RODAS, DE CRETA Y DE MALTA, PARA GRECIA Y SUS COMANDER\u00cdAS Y CONVENTOS EN EL EXTRANJERO\n\n\n\n\n<br>GRAN S\u00cdNODO IMPERIAL DE GRECIA Y SUS S\u00cdNODOS EN EL EXTRANJERO DE LA ORDEN MAS\u00d3NICA Y MILITAR DE LA CRUZ ROJA DE CONSTANTINO Y LAS \u00d3RDENES DEL SANTO SEPULCRO Y DE SAN JUAN EVANGELISTA\n\n\n\n<br>PROVINCIA DE GRECIA - ORDEN MASONICA ATEA EN INGLATERRA, GALES Y SUS PROVINCIAS SUPRAFEDERALES<br><br><br><br>\n\n\n\n\n\n<br>EL GRAN CONSEJO DE LOS MAESTROS REALES Y SELECTOS DE GRECIA Y SUS CONSEJOS EN EL EXTRANJERO<br><br><br><br><br>\n\n\n\n\n<br>La Orden del Monitor Secreto o Hermandad de David y Jonat\u00e1n<br><br><strong>Damon y Phintias C\u00f3nclave n\u00ba 627<\/strong><br><br><br><br><br><br><br>\n\n\n\n\nLa Antigua y Mas\u00f3nica Orden del Cord\u00f3n Escarlata<br><br><strong>Consistorio de la Acr\u00f3polis n\u00ba 163<\/strong> <br><br><br><br><br><br><br><br><br><br><br>\n\n\n\n\n\n\n<br><br>CABALLER\u00cdA MAS\u00d3NICA <br><br><br><br><br><br><br><br><br><br><br>","protected":false},"excerpt":{"rendered":"","protected":false},"author":1,"featured_media":0,"parent":0,"menu_order":0,"comment_status":"closed","ping_status":"closed","template":"","meta":{"pagelayer_contact_templates":[],"_pagelayer_content":"","footnotes":""},"class_list":["post-6044","page","type-page","status-publish","hentry"],"_links":{"self":[{"href":"https:\/\/nglgreece.org\/es\/wp-json\/wp\/v2\/pages\/6044","targetHints":{"allow":["GET"]}}],"collection":[{"href":"https:\/\/nglgreece.org\/es\/wp-json\/wp\/v2\/pages"}],"about":[{"href":"https:\/\/nglgreece.org\/es\/wp-json\/wp\/v2\/types\/page"}],"author":[{"embeddable":true,"href":"https:\/\/nglgreece.org\/es\/wp-json\/wp\/v2\/users\/1"}],"replies":[{"embeddable":true,"href":"https:\/\/nglgreece.org\/es\/wp-json\/wp\/v2\/comments?post=6044"}],"version-history":[{"count":68,"href":"https:\/\/nglgreece.org\/es\/wp-json\/wp\/v2\/pages\/6044\/revisions"}],"predecessor-version":[{"id":8385,"href":"https:\/\/nglgreece.org\/es\/wp-json\/wp\/v2\/pages\/6044\/revisions\/8385"}],"wp:attachment":[{"href":"https:\/\/nglgreece.org\/es\/wp-json\/wp\/v2\/media?parent=6044"}],"curies":[{"name":"wp","href":"https:\/\/api.w.org\/{rel}","templated":true}]}}