{"id":471,"date":"2024-11-24T19:02:59","date_gmt":"2024-11-24T19:02:59","guid":{"rendered":"https:\/\/nglgreece.org\/?page_id=471"},"modified":"2024-11-24T19:07:00","modified_gmt":"2024-11-24T19:07:00","slug":"preguntas-frecuentes","status":"publish","type":"page","link":"https:\/\/nglgreece.org\/es\/preguntas-frecuentes\/","title":{"rendered":"Preguntas frecuentes"},"content":{"rendered":"<h2>PREGUNTAS M\u00c1S FRECUENTES<\/h2>\n\n\n\n\n\n\n\n\n\n\n\n\n\n\nLa masoner\u00eda es un sistema filos\u00f3fico antiguo y universal que se centra en el cultivo moral y la mejora personal. Sus principios se basan en el uso de s\u00edmbolos y tradiciones que promueven la autoconciencia, la solidaridad y la hermandad.<br\/><br\/>\n\nNo es ni una religi\u00f3n ni una organizaci\u00f3n pol\u00edtica. Es una comunidad de personas que creen en el valor de la b\u00fasqueda espiritual, el di\u00e1logo y el entendimiento mutuo. Su objetivo es ayudar a sus miembros a desarrollar sus virtudes y promover el bien en la sociedad.\n<br\/><br\/>\nLa masoner\u00eda, a trav\u00e9s de sus ense\u00f1anzas, refuerza la verdad, la justicia y la libertad, al tiempo que promueve el concepto de fraternidad universal, independientemente de la religi\u00f3n, la nacionalidad o la clase social.\n\n\n\n\n\n\n\n\n\nEl secreto en la Francmasoner\u00eda se ha malinterpretado a menudo. No implica la ocultaci\u00f3n de alg\u00fan \"conocimiento secreto\", sino que protege la naturaleza privada de los rituales y el car\u00e1cter vinculante de la experiencia personal de cada miembro.<br\/><br\/>\n\nEl secreto funciona como medio de concentraci\u00f3n y reflexi\u00f3n espiritual. Los rituales de la logia no son meros actos simb\u00f3licos, sino herramientas para potenciar los valores morales y la superaci\u00f3n personal.<br\/><br\/>\n\nAdem\u00e1s, el secreto ofrece un espacio seguro para que los miembros desarrollen su personalidad sin interferencias externas ni cr\u00edticas. Es importante se\u00f1alar que los principios y valores de la masoner\u00eda son conocidos y est\u00e1n al alcance de todos, y muchas de las actividades de las logias mas\u00f3nicas son p\u00fablicas.\n\n\n\n\n\n\n\n\n\nPuede solicitar la afiliaci\u00f3n cualquier var\u00f3n adulto que goce de buena reputaci\u00f3n moral, respete la vida humana y crea en un Ser Superior.<br\/><br\/>\n\nNo existe discriminaci\u00f3n por motivos de religi\u00f3n, etnia o clase social. Al contrario, la masoner\u00eda fomenta la diversidad, consider\u00e1ndola una fuente de riqueza y aprendizaje.<br\/><br\/>\n\nEl proceso de afiliaci\u00f3n es transparente e implica la presentaci\u00f3n de una solicitud, una entrevista con los miembros de la Logia y, si se aprueba, la admisi\u00f3n a trav\u00e9s de un proceso ritual. Este proceso no pretende excluir, sino garantizar que el nuevo miembro comparte los valores de la Fraternidad.\n\n\n\n\n\n\n\n\n\nLa Francmasoner\u00eda trabaja por la mejora moral del individuo y de la sociedad. Su objetivo es desarrollar las virtudes, cultivar la autoconciencia y promover la solidaridad entre las personas.<br\/><br\/>\n\nA trav\u00e9s de las ense\u00f1anzas y las acciones simb\u00f3licas, se anima a los miembros a buscar la verdad, enfrentarse a sus pasiones y servir al bien mayor. Al mismo tiempo, se promueve la caridad y la ayuda al pr\u00f3jimo, ya sea mediante acciones organizadas o individualmente.<br\/><br\/>\n\nLa participaci\u00f3n en un c\u00edrculo mas\u00f3nico no se limita a reuniones y rituales, sino que tambi\u00e9n incluye acciones destinadas a mejorar la sociedad, como proyectos ben\u00e9ficos e iniciativas educativas.\n\n\n\n\n\n\n\n\n\nNo, la Francmasoner\u00eda no interviene ni influye en asuntos o conflictos pol\u00edticos. Es estrictamente neutral y proh\u00edbe cualquier debate pol\u00edtico o religioso durante las reuniones.<br\/><br\/>\n\nSe anima a los masones a ser ciudadanos activos, respetando las leyes de su pa\u00eds y contribuyendo positivamente a la sociedad. Sin embargo, las creencias pol\u00edticas o religiosas personales quedan fuera del marco mas\u00f3nico.<br\/><br\/>\n\nEl prop\u00f3sito de la masoner\u00eda no es cambiar las estructuras sociales, sino formar mejores personas que, a trav\u00e9s de su integridad personal, sean capaces de contribuir a la sociedad.\n\n\n\n\n\n\n\n\n\nLa Gran Logia Nacional de Grecia ha sido reconocida por muchas Grandes Logias Regulares de todo el mundo. A trav\u00e9s de estas relaciones, se fortalecen la hermandad y la cooperaci\u00f3n mundiales.<br\/><br\/>\n\nEste reconocimiento se basa en la preservaci\u00f3n de los Principios Can\u00f3nicos y la adhesi\u00f3n a las tradiciones mas\u00f3nicas internacionales. Estas relaciones permiten el intercambio de puntos de vista y la participaci\u00f3n en actividades mas\u00f3nicas globales, fortaleciendo la posici\u00f3n de la NMS en el movimiento mas\u00f3nico mundial.\n\n\n\n\n\n\n\n\n\nLa historia de la masoner\u00eda est\u00e1 profundamente arraigada en las tradiciones e ideales que han evolucionado a lo largo de los siglos. Las primeras logias organizadas aparecieron en Inglaterra en el siglo XVII, aunque los elementos simb\u00f3licos de la masoner\u00eda derivan de los movimientos gremiales medievales de los constructores.<br\/><br\/>\n\nEn Grecia, la masoner\u00eda est\u00e1 presente desde el siglo XVIII. La primera logia se fund\u00f3 en las Islas J\u00f3nicas, y la tradici\u00f3n continu\u00f3 y se expandi\u00f3 tras la Revoluci\u00f3n griega. La Gran Logia Nacional de Grecia se fund\u00f3 en 1986 y sigue funcionando sobre la base de los Principios Can\u00f3nicos de la Francmasoner\u00eda Universal.\n\n\n\n\n\n\n\n\n\nNo, la Masoner\u00eda no es una religi\u00f3n. Aunque exige a sus miembros que crean en un Ser Supremo, no adopta doctrinas ni pr\u00e1cticas religiosas.<br\/><br\/>\n\nPor el contrario, respeta todas las religiones y reconoce la importancia de la espiritualidad para cada individuo. La francmasoner\u00eda pretende ser un espacio de di\u00e1logo y entendimiento que re\u00fana a personas de distintos or\u00edgenes culturales y religiosos.\n\n\n\n\n\n\n\n\n\nNo, la masoner\u00eda no es una \"sociedad secreta\". Es una organizaci\u00f3n con principios y estructuras espec\u00edficos, conocidos y accesibles p\u00fablicamente.<br\/><br\/>\n\nEl uso del secreto s\u00f3lo afecta a los rituales y a la preservaci\u00f3n de la experiencia personal de los miembros. Esto ayuda a garantizar la seriedad y el significado espiritual de la ense\u00f1anza mas\u00f3nica.<br\/><br\/>\n\nAdem\u00e1s, muchas de las actividades de la Gran Logia Nacional de Grecia, como los proyectos ben\u00e9ficos, est\u00e1n abiertas al p\u00fablico.\n\n\n\n\n\n\n\n\n\nLa masoner\u00eda ha desempe\u00f1ado un papel importante en la formaci\u00f3n de valores como la libertad, la justicia y la solidaridad. Se anima a sus miembros a participar activamente en la vida social, ayudando a sus semejantes y promoviendo el progreso.\n<br\/><br\/>\nLa Gran Logia Nacional de Grecia apoya a organizaciones ben\u00e9ficas, desarrolla iniciativas culturales y promueve el cultivo moral mediante la ense\u00f1anza y la aplicaci\u00f3n pr\u00e1ctica de sus valores.\n\n\n\n\n\n\n\n\n\nLa participaci\u00f3n en la Masoner\u00eda ofrece a sus miembros la oportunidad de desarrollarse como individuos y como ciudadanos. Los miembros encuentran un espacio seguro para buscar la verdad, cultivar sus virtudes y construir relaciones de confianza y cooperaci\u00f3n.<br\/><br\/>\n\nMediante la participaci\u00f3n en rituales, debates y actividades conjuntas, los miembros adquieren una nueva perspectiva de la vida, mejoran su car\u00e1cter y contribuyen activamente a forjar una sociedad mejor.\n\n\n\n\n\n\n\n\n\nSi desea obtener m\u00e1s informaci\u00f3n sobre la masoner\u00eda y la Gran Logia Nacional de Grecia, puede rellenar el formulario de contacto de nuestro sitio web oficial, que se encuentra en el men\u00fa \"Contacto\", o ponerse en contacto con nuestra Secretar\u00eda por correo electr\u00f3nico: <a href=\"mailto:grand.secretary@nglgreece.gr\">grand.secretary@nglgreece.gr<\/a>. Estaremos encantados de responder a sus preguntas y facilitarle m\u00e1s informaci\u00f3n sobre nuestros principios y acciones.","protected":false},"excerpt":{"rendered":"","protected":false},"author":1,"featured_media":0,"parent":0,"menu_order":0,"comment_status":"closed","ping_status":"closed","template":"","meta":{"pagelayer_contact_templates":[],"_pagelayer_content":"","footnotes":""},"class_list":["post-471","page","type-page","status-publish","hentry"],"_links":{"self":[{"href":"https:\/\/nglgreece.org\/es\/wp-json\/wp\/v2\/pages\/471","targetHints":{"allow":["GET"]}}],"collection":[{"href":"https:\/\/nglgreece.org\/es\/wp-json\/wp\/v2\/pages"}],"about":[{"href":"https:\/\/nglgreece.org\/es\/wp-json\/wp\/v2\/types\/page"}],"author":[{"embeddable":true,"href":"https:\/\/nglgreece.org\/es\/wp-json\/wp\/v2\/users\/1"}],"replies":[{"embeddable":true,"href":"https:\/\/nglgreece.org\/es\/wp-json\/wp\/v2\/comments?post=471"}],"version-history":[{"count":8,"href":"https:\/\/nglgreece.org\/es\/wp-json\/wp\/v2\/pages\/471\/revisions"}],"predecessor-version":[{"id":501,"href":"https:\/\/nglgreece.org\/es\/wp-json\/wp\/v2\/pages\/471\/revisions\/501"}],"wp:attachment":[{"href":"https:\/\/nglgreece.org\/es\/wp-json\/wp\/v2\/media?parent=471"}],"curies":[{"name":"wp","href":"https:\/\/api.w.org\/{rel}","templated":true}]}}