{"id":315,"date":"2024-11-22T20:53:05","date_gmt":"2024-11-22T20:53:05","guid":{"rendered":"https:\/\/nglgreece.org\/?page_id=315"},"modified":"2024-11-24T18:06:08","modified_gmt":"2024-11-24T18:06:08","slug":"museo-nglg","status":"publish","type":"page","link":"https:\/\/nglgreece.org\/es\/museo-nglg\/","title":{"rendered":"Museo"},"content":{"rendered":"<h2>Museo (NGLG)<\/h2>\n\n<strong>El Museo Mas\u00f3nico fue fundado en 2006<\/strong> Con la iniciativa de los hermanos de la logia m\u00e1s antigua de Grecia, PHOENIX CORF\u00da, y se encuentra ubicado en el segundo piso del edificio propio de la Logia en Corf\u00fa, ocupando un espacio de 70 metros cuadrados.<br>\n<br>\nAlberga recuerdos mas\u00f3nicos, tanto de <strong>Logia F\u00e9nix, que fue fundada en 1818<\/strong>, as\u00ed como de logias m\u00e1s antiguas de fuerzas mas\u00f3nicas extranjeras que funcionaron en Corf\u00fa desde finales del siglo XVIII hasta principios del siglo XIX.<br><br>\n\n<h6>Una rica Colecci\u00f3n Mas\u00f3nica<\/h6>\n<br>\nLa rica colecci\u00f3n incluye reliquias de las Logias PIT\u00c1GORAS, SAN NAPOLE\u00d3N, LA PAIX, BENEFICENZA, UNITED BENEFICENZA, Filogenia, PROGRESS, Uni\u00f3n de Leucadia, entre otras, como antiguos sables, servicios de porcelana, delantales y joyas, diplomas, as\u00ed como muchos recuerdos del recorrido de la Logia F\u00e9nix desde 1818 hasta la actualidad.<br><br>\n\n<strong>Un exhibido extremadamente importante es el \u00fanico estatuto original de la primera Gran Logia en territorio griego<\/strong>, de la <a href=\"https:\/\/www.irish-freemasonry.org.uk\/CORFU%20Article.pdf\">Sereno Gran Oriente de Grecia<\/a>, que fue creada por Dionisio Romas, junto con su espada, as\u00ed como muchos documentos hist\u00f3ricos del rico archivo hist\u00f3rico mas\u00f3nico de la Logia F\u00e9nix.\n<br><br>\n\nDesde 2013, el Museo Mas\u00f3nico de la Logia es miembro de la Uni\u00f3n Internacional de Museos, Bibliotecas y Archivos Mas\u00f3nicos.\n<br><br>\n\n\nPuede visitar el Museo Mas\u00f3nico Griego poni\u00e9ndose en contacto con la Logia F\u00e9nix de Corf\u00fa.","protected":false},"excerpt":{"rendered":"","protected":false},"author":1,"featured_media":0,"parent":0,"menu_order":0,"comment_status":"closed","ping_status":"closed","template":"","meta":{"pagelayer_contact_templates":[],"_pagelayer_content":"","footnotes":""},"class_list":["post-315","page","type-page","status-publish","hentry"],"_links":{"self":[{"href":"https:\/\/nglgreece.org\/es\/wp-json\/wp\/v2\/pages\/315","targetHints":{"allow":["GET"]}}],"collection":[{"href":"https:\/\/nglgreece.org\/es\/wp-json\/wp\/v2\/pages"}],"about":[{"href":"https:\/\/nglgreece.org\/es\/wp-json\/wp\/v2\/types\/page"}],"author":[{"embeddable":true,"href":"https:\/\/nglgreece.org\/es\/wp-json\/wp\/v2\/users\/1"}],"replies":[{"embeddable":true,"href":"https:\/\/nglgreece.org\/es\/wp-json\/wp\/v2\/comments?post=315"}],"version-history":[{"count":14,"href":"https:\/\/nglgreece.org\/es\/wp-json\/wp\/v2\/pages\/315\/revisions"}],"predecessor-version":[{"id":466,"href":"https:\/\/nglgreece.org\/es\/wp-json\/wp\/v2\/pages\/315\/revisions\/466"}],"wp:attachment":[{"href":"https:\/\/nglgreece.org\/es\/wp-json\/wp\/v2\/media?parent=315"}],"curies":[{"name":"wp","href":"https:\/\/api.w.org\/{rel}","templated":true}]}}