{"id":24,"date":"2024-11-15T20:12:09","date_gmt":"2024-11-15T20:12:09","guid":{"rendered":"https:\/\/nglgreece.org\/home\/"},"modified":"2026-04-28T13:25:15","modified_gmt":"2026-04-28T13:25:15","slug":"about-us","status":"publish","type":"page","link":"https:\/\/nglgreece.org\/es\/about-us\/","title":{"rendered":"About Us"},"content":{"rendered":"<br>\n<h1>GRAN LOGIA NACIONAL DE GRECIA (NGLG)<\/h1>\n<p style=\"text-align: center; font-family:open sans; font-size: 18px; font-weight: 400; color: rgb(255, 255, 255); line-height: 31px;\">Cultivamos la Virtud, Inspiramos la Fraternidad, Iluminamos el Camino hacia la Verdad.<\/p>\n\n\n\n\n\n\n\n\n\n\n\n\n\n\n\n\n\n\nLa Filosof\u00eda de la Gran Logia Nacional de Grecia (NGLG)\n\n\n\n<p style=\"color: black !important; text-align: justify;\">\n   <strong>La Gran Logia Nacional de Grecia (NGLG)<\/strong> est\u00e1 dedicada a la b\u00fasqueda de los principios Mas\u00f3nicos, que se fundamentan en tradiciones antiguas y relevancia contempor\u00e1nea. Fundada con la visi\u00f3n y dedicaci\u00f3n de nuestros hermanos fundadores, buscamos cultivar una comunidad donde la pr\u00e1ctica libre de la Masoner\u00eda florezca, honrando los valores fundamentales de integridad, respeto e iluminaci\u00f3n.RetryClaude can make mistakes. Please double-check responses.\n<br\/><br\/>\nNuestro enfoque filos\u00f3fico es mantener y difundir los principios atemporales de la fraternidad, la integridad moral y el desarrollo espiritual. Nos comprometemos a crear un ambiente donde cada Hermano pueda desarrollar sus conocimientos y experiencias mas\u00f3nicas, contribuyendo positivamente a la sociedad.\n<br\/><br\/>\nNuestro objetivo es preservar el rico legado de nuestras tradiciones Mas\u00f3nicas, mientras nos adaptamos a las necesidades contempor\u00e1neas, asegurando que la Masoner\u00eda en Grecia permanezca como un faro de gu\u00eda moral y filos\u00f3fica. A trav\u00e9s de nuestros esfuerzos colectivos, buscamos inspirar y cultivar el liderazgo, la contribuci\u00f3n social y el desarrollo personal, dejando una profunda huella en el mundo que nos rodea.\n<\/p>\n\n\n\n\n\n\n\n\n\n\n\nHistoria de la NGLG\n\n\n\n\n\n\n<h2>Fundaci\u00f3n de la Gran Logia Nacional de Grecia<\/h2><hr>\n<p style=\"color: black !important; text-align: justify;\"><br>La Gran Logia Nacional de Grecia fue fundada el 7 de junio de 1986 por Hermanos que pertenec\u00edan a la Gran Logia de Grecia, la \u00fanica potencia Mas\u00f3nica en Grecia hasta ese momento. Aunque en aquella \u00e9poca la creaci\u00f3n de esta nueva Gran Logia era una necesidad, nadie imaginaba la magnitud de esta reivindicaci\u00f3n.\n\nAl mismo tiempo, debe se\u00f1alarse que las intenciones de los pioneros - fundadores de aquella \u00e9poca, no estaban en absoluto dirigidas a la creaci\u00f3n de una nueva Gran Logia. Por el contrario, aquellos Hermanos nuestros cre\u00edan en la pr\u00e1ctica libre de la Francmasoner\u00eda, como ocurre en todos los pa\u00edses del mundo. Sin embargo, esto no suced\u00eda en la Grecia de aquella \u00e9poca bajo la \u00e9gida de la Gran Logia de Grecia. As\u00ed, la creaci\u00f3n de un nuevo Cuerpo era necesaria. Pero describamos a grandes rasgos los acontecimientos para entender mejor los sucesos de aquella \u00e9poca, as\u00ed como la necesidad a la que ya nos hemos referido.<\/p>\n<br\/><h2>Evoluci\u00f3n de la Masoner\u00eda en Grecia<\/h2><hr>\n<p style=\"color: black !important; text-align: justify;\"><br>La forma actual de la Francmasoner\u00eda en Grecia tiene su origen en 1940. Hasta entonces, la instituci\u00f3n era un Cuerpo Mas\u00f3nico denominado \"Seren\u00edsimo Gran Oriente de Grecia\", que estaba controlado por el \"Supremo Consejo del Grado 33\", que representaba el \"Rito Escoc\u00e9s\" (Scottish Rite), pero se relacionaba \u00fanicamente con los tres primeros grados. En 1940, el Supremo Consejo, te\u00f3ricamente, retir\u00f3 el control sobre los tres primeros grados, que tomaron el nombre de \"Gran Logia de Grecia\". La Gran Logia de Grecia, como \u00fanica forma existente de la Masoner\u00eda Simb\u00f3lica, recibi\u00f3 el reconocimiento de la Gran Logia Unida de Inglaterra en 1948, aunque bajo condiciones particulares. Estas condiciones se refer\u00edan a la obligaci\u00f3n por parte de la Gran Logia de tomar todas aquellas medidas que la alejar\u00edan gradualmente de las pr\u00e1cticas del Gran Oriente de Francia, y la estricta adopci\u00f3n de los Antiguos L\u00edmites de la Orden. Sin embargo, su aplicaci\u00f3n fue inexistente, ya que el nuevo Cuerpo continuaba trabajando de la misma manera. A pesar de la creaci\u00f3n de la Logia angl\u00f3fona \"PARTEN\u00d3N\" n\u00fam. 112, en 1952, que fue fundada y trabajaba estrictamente de acuerdo con los Antiguos L\u00edmites, no se produjo ning\u00fan cambio sustancial. Por el contrario, y repetidamente, a principios de la d\u00e9cada de 1970, el liderazgo de la Gran Logia mostr\u00f3 su falta de disposici\u00f3n para cumplir con las pr\u00e1cticas correctas.<\/p>\n<br\/><h2>Aparici\u00f3n de la Gran Logia Nacional<\/h2><hr>\n<p style=\"color: black !important; text-align: justify;\"><br>En marzo de 1976, ciertos Hermanos entusiastas y celosos, la mayor\u00eda de los cuales se esforzaba arduamente por llevar la Francmasoner\u00eda Griega a plena conformidad con los Antiguos L\u00edmites, fueron iniciados en los grados m\u00e1s all\u00e1 de la Masoner\u00eda Simb\u00f3lica del Rito de York (York Rite), por Grandes Oficiales de la Orden de York, encabezados por el entonces Gran Alto Sacerdote del Supremo Gran Cap\u00edtulo de Alemania, Excelent\u00edsimo Compa\u00f1ero Eumenis Kaloudis. La visi\u00f3n de crear en Grecia un Sistema Mas\u00f3nico Regular, con repercusi\u00f3n mundial y funcionamiento m\u00e1s all\u00e1 de la Masoner\u00eda Simb\u00f3lica, que hab\u00eda sido concebida por el Excelent\u00edsimo Compa\u00f1ero Eumenis Kaloudis y el Compa\u00f1ero Pantaleon Frangkedakis, tomaba forma. Los Cuerpos de los Grados (Cap\u00edtulos del Arco Real, Consejos y Comandancias) formaron el \"Gran Cap\u00edtulo de Grecia\", que muy pronto obtuvo reconocimiento mundial. Este esfuerzo se expandi\u00f3, y r\u00e1pidamente muchos Hermanos participaron en este nuevo Cuerpo.<\/p>\n\n\n<p style=\"color: black !important; text-align: justify;\"><br>La causa fundamental fue que muchos Hermanos deseaban ejercer el derecho de progreso y completar su conocimiento y experiencia Mas\u00f3nica, especialmente como miembros del Arco Real. Ciertamente, esto era imposible de realizar en la Gran Logia de Grecia, ya que su Reglamento General no contemplaba la existencia del Arco Real y estaba influenciada y\/o controlada por el \"Supremo Consejo del Grado 33\". Poco tiempo despu\u00e9s, el liderazgo de este nuevo Cuerpo Mas\u00f3nico realiz\u00f3 muchos esfuerzos para estrechar las relaciones entre los tres Cuerpos Mas\u00f3nicos en Grecia, que eran: la \"GRAN LOGIA DE GRECIA\", el \"SUPREMO CONSEJO DEL GRADO 33\" y el \"GRAN PERISTILO DE GRECIA\", sobre la base del respeto mutuo y la cooperaci\u00f3n. Efectivamente, en octubre de 1978, se firm\u00f3 una carta de intenci\u00f3n por los organismos competentes y el resultado se consider\u00f3 particularmente prometedor. Sin embargo, todav\u00eda no exist\u00eda la idea de crear una nueva Gran Logia. Los optimistas, de hecho, cre\u00edan que el modo ejemplar de funcionamiento del Gran Peristilo convencer\u00eda a la Gran Logia para cambiar su propio modo de operaci\u00f3n.<\/p>\n<br\/><h2>La constituci\u00f3n y el reconocimiento de la Gran Logia Nacional de Grecia.<\/h2><hr>\n<p style=\"color: black !important; text-align: justify;\"><br>7 de junio de 1986: Establecimiento de la Gran Logia Nacional de Grecia, que fue constituida por seis (6) Logias (aproximadamente 250 miembros), que previamente estaban bajo la jurisdicci\u00f3n de la Gran Logia de Grecia. La ceremonia de inauguraci\u00f3n fue presidida por el siempre recordado M\u2234Resp\u2234H\u2234 William R.J. Eve, Gran Di\u00e1cono Pasado de la Gran Logia Unida de Inglaterra y primer Diputado Gran Maestro de la Gran Logia Nacional de Grecia, en la ciudad de Atenas.<br\/>\n<p style=\"color: black !important; text-align: justify;\"><strong> 1993 - 1999: La Gran Logia Unida de Inglaterra decide retirar su reconocimiento a la Gran Logia de Grecia y reconocer en su lugar a la Gran Logia Nacional de Grecia. Las Grandes Logias de Irlanda y Escocia hicieron lo mismo.<\/p><\/strong>\n<br\/>\n<p style=\"color: black !important; text-align: justify;\">\n1999: La GLUI decidi\u00f3 anular la decisi\u00f3n de 1993. El reconocimiento fue retirado de la Gran Logia Nacional de Grecia. En la decisi\u00f3n se menciona que la GLUI considera Regulares a ambas Grandes Logias Griegas. Como se menciona en la p\u00e1gina del libro de Relaciones Exteriores de la GLUI 1950-2000, titulado: Pol\u00edtica y Pr\u00e1ctica, p\u00e1gina 33: <p style=\"color: black !important;\"><strong>\"... revocar el reconocimiento de la Gran Logia Nacional de Grecia a pesar de su continua regularidad...\".<\/p><\/strong><br\/>\n<p style=\"color: black !important; text-align: justify;\"> El reconocimiento fue retirado de la (NGLG) en un intento de la GLUI de animar a las dos Grandes Logias a discutir el reconocimiento mutuo. Nuestra Gran Logia, el 2 de enero de 2019, declar\u00f3 que las dos Grandes Logias comparten el territorio griego (sharing the territory) y envi\u00f3 la declaraci\u00f3n por correo electr\u00f3nico a todas las Grandes Logias Regulares Europeas, mientras que hizo lo mismo el 23 de marzo de 2019 en la Conferencia Europea de Grandes Maestros en M\u00f3naco. Hasta ahora, la Gran Logia de Grecia no ha aceptado el reconocimiento mutuo o compartir el mismo territorio con nuestra Gran Logia, la Gran Logia Nacional de Grecia.<\/p>\n<br\/>\n<strong>La Gran Logia Nacional de Grecia es una Gran Logia Regular.<\/strong><\/p>\n<br\/><h2>Liderazgo de la Gran Logia Nacional de Grecia<\/h2><hr>\n<p style=\"color: black !important; text-align: justify;\"><br>Como primer Gran Maestro de la Gran Logia Nacional de Grecia fue elegido, en 1986, el siempre recordado V\u2234H\u2234 Stefanos Paipetis, profesor de Mec\u00e1nica en el Departamento de Ingenier\u00eda Mec\u00e1nica y Aeron\u00e1utica de la Universidad de Patras.<\/p>\n\n\n\n\n\n\n\n\n\n\n\n<p>Los Sellos de la Gran Logia Nacional de Grecia<\/p>\n\nLos sellos de EMSTE se emitieron en 2007 y reflejan la unidad y los valores de la masoner\u00eda griega, siendo objetos de colecci\u00f3n \u00fanicos de importancia hist\u00f3rica y tect\u00f3nica.\n\n\n\n\n\nHombres de 21 a 99 a\u00f1os\n\u00danase a la Hermandad de m\u00e1s r\u00e1pido crecimiento en Grecia\n\n\n\n<p style=\"text-align: justify; font-family: open sans;  font-size: 15px;font-weight:400;color:#8d9297;line-height: 28px;\">El Amor Fraternal de los Francmasones encarna el apoyo mutuo, el respeto y la solidaridad, promoviendo la unidad y el desarrollo moral entre los Hermanos.<\/p>\n\n\n<p style=\"text-align: justify; font-family: open sans;  font-size: 15px;font-weight:400;color:#8d9297;line-height: 28px;\">La Verdad en la Francmasoner\u00eda constituye un valor fundamental, simbolizando la b\u00fasqueda del conocimiento, la integridad moral y el autoconocimiento sincero de los Hermanos.<\/p>\n\n\n<p style=\"text-align: justify; font-family: open sans;  font-size: 15px;font-weight:400;color:#8d9297;line-height: 28px;\">La Filantrop\u00eda entre los Francmasones expresa la ofrenda desinteresada, la ayuda hacia el pr\u00f3jimo y el apoyo a los m\u00e1s d\u00e9biles con esp\u00edritu de solidaridad.<\/p>\n\n\n\n\n\n\n\n\"Hazte mas\u00f3n\"\n\n<p style=\"text-align: center; font-family:open sans; font-size: 18px; font-weight: 400; color: rgb(255, 255, 255); line-height: 31px;\">Convi\u00e9rtete en miembro de la Masoner\u00eda - Descubre la Sabidur\u00eda, Fortalece la Fraternidad, Ilumina tu Camino y convi\u00e9rtete en la mejor versi\u00f3n de ti mismo.<\/p>\n\n\n\n\nEn 2001, el H\u2234 Ioannis Roussos, pionero para su \u00e9poca, cre\u00f3 el sitio web www.nglgreece.org, que hasta hoy promueve la (NGLG) y la Masoner\u00eda Griega con un funcionamiento incomparable.\n<br\/><br\/>\n\nEspeciales agradecimientos se otorgan al M\u2234Resp\u2234H\u2234 Ioannis Roussos, Ex Diputado Gran Maestro, creador e inspirador de la presencia de la (NGLG) en el espacio digital.","protected":false},"excerpt":{"rendered":"","protected":false},"author":1,"featured_media":0,"parent":0,"menu_order":0,"comment_status":"closed","ping_status":"closed","template":"","meta":{"pagelayer_contact_templates":[],"_pagelayer_content":"","footnotes":""},"class_list":["post-24","page","type-page","status-publish","hentry"],"_links":{"self":[{"href":"https:\/\/nglgreece.org\/es\/wp-json\/wp\/v2\/pages\/24","targetHints":{"allow":["GET"]}}],"collection":[{"href":"https:\/\/nglgreece.org\/es\/wp-json\/wp\/v2\/pages"}],"about":[{"href":"https:\/\/nglgreece.org\/es\/wp-json\/wp\/v2\/types\/page"}],"author":[{"embeddable":true,"href":"https:\/\/nglgreece.org\/es\/wp-json\/wp\/v2\/users\/1"}],"replies":[{"embeddable":true,"href":"https:\/\/nglgreece.org\/es\/wp-json\/wp\/v2\/comments?post=24"}],"version-history":[{"count":59,"href":"https:\/\/nglgreece.org\/es\/wp-json\/wp\/v2\/pages\/24\/revisions"}],"predecessor-version":[{"id":8708,"href":"https:\/\/nglgreece.org\/es\/wp-json\/wp\/v2\/pages\/24\/revisions\/8708"}],"wp:attachment":[{"href":"https:\/\/nglgreece.org\/es\/wp-json\/wp\/v2\/media?parent=24"}],"curies":[{"name":"wp","href":"https:\/\/api.w.org\/{rel}","templated":true}]}}