{"id":199,"date":"2024-11-18T23:10:22","date_gmt":"2024-11-18T23:10:22","guid":{"rendered":"https:\/\/nglgreece.org\/?page_id=199"},"modified":"2026-03-27T12:12:51","modified_gmt":"2026-03-27T12:12:51","slug":"grandes-maestros-callendar","status":"publish","type":"page","link":"https:\/\/nglgreece.org\/es\/grandes-maestros-callendar\/","title":{"rendered":"Calendario del Gran Maestre"},"content":{"rendered":"Calendario del Gran Maestro\n<center><h6>&#038;<\/h6><\/center>\n<center><strong style=\"color: red;\">\n    Primer Gran Arconte del Primer Gran Arconte en el Gran Gran Gran Esp\u00edritu de los Tectones de la Bas\u00edlica de Grecia\n\n<\/strong><\/center>\n\n\n\n\n\n\n\nAbril de 2027 Punta Cana, Rep\u00fablica Dominicana\n<br\/>\n<strong>Gran Asamblea del CMI y 80\u00ba Aniversario<\/strong>\n\n\n\n\n\n\n\n\n\n2027 Canc\u00fan, M\u00e9xico\n<br\/>XXI Congreso Mundial de Grandes Logias Mas\u00f3nicas Can\u00f3nicas<br\/>\n<strong>Gran Logia Del Estado \"Andr\u00e9s Quintana Roo\"<\/strong>\n\n\n\n\n\n\n\n\n\n2026 Sud\u00e1frica<br>\nXX Congreso Mundial de Grandes Logias Mas\u00f3nicas Can\u00f3nicas\n<br>\n<strong>Gran Logia de Sud\u00e1frica<\/strong>\n\n\n\n\n\n\n\n\n\n5 de diciembre de 2026, Alemania<br>\n\nGran Consejo<strong><br><\/strong><p data-start=\"204\" data-end=\"276\"><strong data-start=\"204\" data-end=\"276\">Gran Peristilo del Arco Real Brit\u00e1nico en Alemania<\/strong><\/p>\n<p data-start=\"278\" data-end=\"291\"><\/p>\n\n\n\n\n\n\n\n\n\n27 de noviembre de 2026, Escocia<br>\n\nGran Consejo<strong><br>Gran Paloma del Gran Paloma del Sagrado Arco Real de Escocia<\/strong>\n\n\n\n\n\n\n\n\n\n31 de octubre de 2026, Estambul, Turqu\u00eda<br>\n\n10\u03b7 \u0395\u03c5\u03c1\u03c9\u03c0\u03b1\u03ca\u03ba\u03ae \u0394\u03b9\u03ac\u03c3\u03ba\u03b5\u03c8\u03b7 \u039c\u03b5\u03b3\u03ac\u03bb\u03c9\u03bd \u0394\u03b9\u03b4\u03b1\u03c3\u03ba\u03ac\u03bb\u03c9\u03bd\n\n\n\n\n\n\n\n\n\n10 \u039f\u03ba\u03c4\u03c9\u03b2\u03c1\u03af\u03bf\u03c5 2026, \u039b\u03bf\u03bd\u03b4\u03af\u03bd\u03bf, \u0391\u03b3\u03b3\u03bb\u03af\u03b1<br>\n\nConferencia Europea de Grandes Secretarios y Grandes Cancilleres<strong><br>Gran Logia Unida de Inglaterra<\/strong>\n\n\n\n\n\n\n\n\n\nDel 3 al 6 de septiembre de 2026, Guatemala<br><span style=\"font-family: &quot;Open Sans&quot;; font-size: 16px; font-style: normal; font-variant-ligatures: normal; font-variant-caps: normal; font-weight: 400;\">Gran Asamblea<\/span><br><strong>Gran Logia de Guatemala<\/strong>\n\n\n\n\n\n\n\n\n\n24 y 25 de julio de 2026, S\u00e3o Paulo, Brasil<br>\n\nConferencia internacional<strong><br>Gran amanecer de Sao Paulo<\/strong>\n\n\n\n\n\n\n\n\n\n19 de junio de 2026, Escocia<br>\n\nGran Consejo<strong><br>Gran Paloma del Gran Paloma del Sagrado Arco Real de Escocia<\/strong>\n\n\n\n\n\n\n\n\n\n23 de mayo de 2026, Riga, Letonia<br>\n\nGran Asamblea<br><strong>LA GRAN HISTORIA DE LETONIA<\/strong>\n\n\n\n\n\n\n\n\n\n2 de mayo de 2026, Tallin, Estonia<br>\n\nGran Asamblea<br><strong>LA GRAN HISTORIA DE ESTONIA<\/strong>\n\n\n\n\n\n\n\n\n\n11 de abril de 2026, Roma, Italia<br>\n\nGran Asamblea<br><strong>GRAN LOGIA CAN\u00d3NICA DE ITALIA<\/strong>\n\n\n\n\n\n\n\n\n\n27 de marzo de 2026, Surquillo, Per\u00fa<br>\n\nGran Consejo<strong><br>Supremo Gran Peristilo de la Sagrada Bas\u00edlica del Per\u00fa<\/strong>\n\n\n\n\n\n\n\n\n\n25 de marzo de 2026, Lima, Per\u00fa<br>\n\nGran Asamblea<br><strong>\nGRAN HISTORIA DEL PER\u00da<\/strong>\n\n\n\n\n\n\n\n\n\n20 de marzo de 2026, Escocia<br>\n\nInstalaci\u00f3n<strong><br>Gran Paloma del Gran Paloma del Sagrado Arco Real de Escocia<\/strong>\n\n\n\n\n\n\n\n\n\n7 de marzo de 2026, Antananarivo, Madagascar<br>\n\nGran Asamblea<br><strong>\nETAPA DEL GRAN NACIONAL DE MADAGASCAR<\/strong>\n\n\n\n\n\n\n\n\n\n27 de febrero de 2026, Caracas, Venezuela<br>\n\nGran Asamblea<br><strong>\nGRAN HISTORIA DE VENEZUELA<\/strong>\n\n\n\n\n\n\n\n\n\n4 de febrero de 2026, Irlanda<br>\n\nGran Consejo<br>\u03a5\u03c0\u03ac\u03c4\u03bf\u03c5 \u039c\u03b5\u03b3\u03ac\u03bb\u03bf\u03c5 \u03a0\u03b5\u03c1\u03b9\u03c3\u03c4\u03c5\u03bb\u03af\u03bf\u03c5 \u03c4\u03b7\u03c2 \u0399\u03b5\u03c1\u03ae\u03c2 \u0392\u03b1\u03c3\u03b9\u03bb\u03b9\u03ba\u03ae\u03c2 \u0391\u03c8\u03af\u03b4\u03b1\u03c2 \u03c4\u03b7\u03c2 \u0399\u03c1\u03bb\u03b1\u03bd\u03b4\u03af\u03b1\u03c2\n\n\n\n\n\n\n\n\n\n31 \u0399\u03b1\u03bd\u03bf\u03c5\u03b1\u03c1\u03af\u03bf\u03c5 2026, \u03a3\u03ac\u03bf \u03a0\u03ac\u03bf\u03bb\u03bf, \u0392\u03c1\u03b1\u03b6\u03b9\u03bb\u03af\u03b1<br>\n\nGran Asamblea<strong><br>Gran amanecer de Sao Paulo<\/strong>\n\n\n\n\n\n\n\n\n\n10 de enero de 2026, Congo<br>\n\nGran Asamblea<strong><br>Gran Logia del Congo<\/strong>\n\n\n\n\n\n\n\n\n\n13 de diciembre de 2025, Roma, Italia\n<br>\nGran Asamblea\n<br>\nLOGIA ITALIANA NORMAL GRANDE\n\n\n\n\n\n\n\n\n\n6 de diciembre de 2025, Tirana, Albania<br>\n\nGran Asamblea<br><strong>\nGRAN SAL\u00d3N DE ALBANIA<\/strong>\n\n\n\n\n\n\n\n\n\n5-6 de diciembre de 2025, Paderborn, Alemania<div>&nbsp;Gran Consejo<br>\n\nSupremo Gran P\u00f3rtico de la Masoner\u00eda Brit\u00e1nica del Arco Real en Alemania<br><\/div>\n\n\n\n\n\n\n\n\n\n28 de noviembre de 2025, Escocia<br>\n\nGran Consejo<br>Gran Paloma del Gran Paloma del Sagrado Arco Real de Escocia\n\n\n\n\n\n\n\n\n\n27 de noviembre de 2025, Edimburgo, Escocia  \n<br\/>\n\nGran Asamblea - Instalaci\u00f3n de un nuevo Gran Maestre<br\/>\n\u039c\u03b5\u03b3\u03ac\u03bb\u03b7 \u03a3\u03c4\u03bf\u03ac \u03c4\u03c9\u03bd \u0391\u03c1\u03c7\u03b1\u03af\u03c9\u03bd \u0395\u03bb\u03b5\u03c5\u03b8\u03ad\u03c1\u03c9\u03bd \u03ba\u03b1\u03b9 \u0391\u03c0\u03bf\u03b4\u03b5\u03b4\u03b5\u03b3\u03bc\u03ad\u03bd\u03c9\u03bd \u03a4\u03b5\u03ba\u03c4\u03cc\u03bd\u03c9\u03bd \u03c4\u03b7\u03c2 \u03a3\u03ba\u03c9\u03c4\u03af\u03b1\u03c2\n\n\n\n\n\n\n\n\n\n5 \u039d\u03bf\u03b5\u03bc\u03b2\u03c1\u03af\u03bf\u03c5 2025, \u0394\u03bf\u03c5\u03b2\u03bb\u03af\u03bd\u03bf, \u0399\u03c1\u03bb\u03b1\u03bd\u03b4\u03af\u03b1<br>\n\nGran Consejo<br>La Gran Paloma del Santo Arco Real.\n\n\n\n\n\n\n\n\n\n30 de octubre de 2025, Edimburgo, Escocia  \n<br\/>\n\nGran Asamblea<br\/>\nGran Logia de los Antiguos Masones Libres y Aceptados de Escocia\n\n\n\n\n\n\n\n\n\n22-24 de junio de 2025, Dubl\u00edn, Irlanda<br\/>\nBicentenario de la Gran Logia de Irlanda\n\n\n\n\n\n\n\n\n\n12-15 de junio de 2025, Zaste, Pa\u00edses Bajos<br>\n\nGran Consejo<br\/>\n75 Aniversario de la Gran Paloma del Sagrado Arco Real.\n\n\n\n\n\n\n\n\n\n12 de junio de 2025, Edimburgo, Escocia  \n<br\/>\n\nGran Asamblea<br\/>\nGran Logia de los Antiguos Masones Libres y Aceptados de Escocia\n\n\n\n\n\n\n\n\n\n7 de junio de 2025, Andorra  \n<br>\n\nGran Asamblea<br>\nGran Logia de Andorra\n\n\n\n\n\n\n\n\n\n3 de mayo de 2025, Tallin, Estonia<br\/>\n\nGran Asamblea<br\/>\nGran Logia de Estonia\n\n\n\n\n\n\n\n\n\n2-4 de mayo de 2025, Melbourne, Australia<br>\n\nGran Consejo<br\/>\nEl Gran Pilar del Arco Real de Victoria\n\n\n\n\n\n\n\n\n\n11-13 de abril de 2025, Sarajevo, Bosnia y Herzegovina<br\/>\n\n20\u00ba Aniversario de la Gran Logia de Bosnia y Herzegovina<br\/>\ny\n<br\/>25 aniversario de la masoner\u00eda en Bosnia y Herzegovina.\n\n\n\n\n\n\n\n\n\n21 de marzo de 2025, Edimburgo, Escocia<br\/>\nGran Consejo<br\/>\nEl Gran Pilar Alto del Arco Real de Escocia\n\n\n\n\n\n\n\n\n\n14-16 de marzo de 2025, M\u00f3naco <br\/>\nGran Asamblea\n<br\/>\nGran Logia Nacional Can\u00f3nica del Principado de M\u00f3naco.  \n<br\/>\n\n\n\n\n\n\n\n\n\n1 de marzo de 2025, Pueblo Libre<\/b>Per\u00fa<br>Ceremonia de aniversario &amp;&nbsp;<\/b>Gran Consejo<br>\nEl Gran Pilar Peruano del Arco Real de Jerusal\u00e9n\n\n\n\n\n\n\n\n\n\n4-5 de febrero de 2025, Dubl\u00edn, Irlanda<br\/>\nGran Consejo<br\/>\nEl Gran Pilar Alto del Arco Real de Irlanda\n\n\n\n\n\n\n\n\n\n14 de diciembre de 2024, Tur\u00edn, Italia  \n<br>\nGran Logia Regional del Piamonte y Valle de Aosta  \n<br>\nGran Logia Normal de Italia\n\n\n\n\n\n\n\n\n\n7 de diciembre de 2024, Rottingen, Alemania\n<br>\nGran Consejo<br>\n\nSupremo Gran P\u00f3rtico de la Masoner\u00eda Brit\u00e1nica del Arco Real en Alemania<br>\n\n\n\n\n\n\n\n\n\nDel 27 al 30 de noviembre de 2024, Fos do Iguassu - Paran\u00e1, Brasil<br>\n\nXIX Congreso Mundial de Grandes Logias Mas\u00f3nicas Normales - Gran Este de Paran\u00e1.<br>  \nInstalaci\u00f3n del Gran Maestro del Gran Oriente de Paran\u00e1: 1 de diciembre (domingo por la ma\u00f1ana) - Grandes Maestros y Delegaciones.<br>\n\nDespedida de Delegaciones: 1 de diciembre (domingo por la tarde) y 2 de diciembre (lunes todo el d\u00eda)<br>\n\nLa Gran Logia Nacional de Grecia votar\u00e1 al candidato para acoger el XXI Congreso Mundial, que se celebrar\u00e1 en Norteam\u00e9rica en noviembre de 2027.\n\n\n\n\n\n\n\n\n\nS\u00e1bado, 23 de noviembre de 2024.  \n<br\/>\nLa Asamblea General Anual se llevar\u00e1 a cabo en Uagadug\u00fa (Burkina Faso).  \n<br\/>\nGran Logia de Burkina Faso.\n\n\n\n\n\n\n\n\n\nDel 23 al 27 de octubre de 2024, Managua, Nicaragua<br\/>\n\nCOMACA 2024  \n<br\/>\nOrganizador: Gran Logia Simb\u00f3lica Soberana de Nicaragua\n\n\n\n\n\n\n\n\n\nS\u00e1bado, 19 de octubre de 2024, a las 14:30, Roma, Italia.  \n<br\/>\nAnuncio previo de la Segunda Comunicaci\u00f3n de la Gran Logia 2024  \n<br\/>\nGran Logia Normal de Italia\n\n\n\n\n\n\n\n\n\nViernes 11 de octubre y s\u00e1bado 12 de octubre de 2024, Edimburgo, Escocia  \n<br\/>\n\n35\u00aa Conferencia Europea de Grandes Secretarios y Grandes Cancilleres  \n<br\/>\nGran Logia de los Antiguos Masones Libres y Aceptados de Escocia\n\n\n\n\n\n\n\n\n\nGran S\u00ednodo\n<br\/>S\u00e1bado, 28 de septiembre de 2024, Ciudad del Cabo, Sud\u00e1frica  \n<br\/>\n\nEL GRAN PERISTILO DEL SANTO ARCO REAL DE SUD\u00c1FRICA\n\n\n\n\n\n\n\n\n\n19-22 de septiembre de 2024, San Salvador, El Salvador  \n<br\/>\n\nCOMACA LVII  \n<br\/>\nGran Logia Cuscatl\u00e1n del Este de El Salvador\n\n\n\n\n\n\n\n\n\n31 de agosto de 2024, a las 14:00, Tallin, Estonia  \n<br\/>\nGran Consejo\n<br\/>\nGran Pabell\u00f3n de los Masones del Arco Real de Estonia\n\n\n\n\n\n\n\n\n\n25-28 de abril de 2024  \n<br\/>\nCartagena, Colombia  \n<br\/>\nVisitantes de la 27\u00aa Asamblea Internacional Trienal de la CMI\n\n\n\n\n\n\n\n\n\n21 de octubre de 2023  \n<br\/>\nPunta Cana, Rep\u00fablica Dominicana  \n<\/br>\nVisitantes en las Asambleas Anuales de las Zonas II del CMI","protected":false},"excerpt":{"rendered":"","protected":false},"author":1,"featured_media":0,"parent":0,"menu_order":0,"comment_status":"closed","ping_status":"closed","template":"","meta":{"pagelayer_contact_templates":[],"_pagelayer_content":"","footnotes":""},"class_list":["post-199","page","type-page","status-publish","hentry"],"_links":{"self":[{"href":"https:\/\/nglgreece.org\/es\/wp-json\/wp\/v2\/pages\/199","targetHints":{"allow":["GET"]}}],"collection":[{"href":"https:\/\/nglgreece.org\/es\/wp-json\/wp\/v2\/pages"}],"about":[{"href":"https:\/\/nglgreece.org\/es\/wp-json\/wp\/v2\/types\/page"}],"author":[{"embeddable":true,"href":"https:\/\/nglgreece.org\/es\/wp-json\/wp\/v2\/users\/1"}],"replies":[{"embeddable":true,"href":"https:\/\/nglgreece.org\/es\/wp-json\/wp\/v2\/comments?post=199"}],"version-history":[{"count":157,"href":"https:\/\/nglgreece.org\/es\/wp-json\/wp\/v2\/pages\/199\/revisions"}],"predecessor-version":[{"id":8579,"href":"https:\/\/nglgreece.org\/es\/wp-json\/wp\/v2\/pages\/199\/revisions\/8579"}],"wp:attachment":[{"href":"https:\/\/nglgreece.org\/es\/wp-json\/wp\/v2\/media?parent=199"}],"curies":[{"name":"wp","href":"https:\/\/api.w.org\/{rel}","templated":true}]}}