{"id":112,"date":"2024-11-18T23:10:35","date_gmt":"2024-11-18T23:10:35","guid":{"rendered":"https:\/\/nglgreece.org\/?page_id=112"},"modified":"2025-06-19T17:24:39","modified_gmt":"2025-06-19T17:24:39","slug":"gran-canciller-2","status":"publish","type":"page","link":"https:\/\/nglgreece.org\/es\/gran-canciller-2\/","title":{"rendered":"Gran Canciller"},"content":{"rendered":"El Gran Maestro de la Gran Logia Nacional de Grecia, Muy Venerable Hermano <span>Ioannis Ben\u00e9tatos<\/span>\n\n\n\n\n38 A\u00f1os de Desarrollo a Trav\u00e9s del Pensamiento y la Acci\u00f3n Positivos\n\n\n<h2>\u269c Origen<\/h2>\n\n\n<strong>El Origen de la Gran Logia Nacional de Grecia (NGLG) es completamente Can\u00f3nico de acuerdo con la Constituci\u00f3n de la Gran Logia Unida de Inglaterra (UGLE), los Principios B\u00e1sicos para el Reconocimiento de Grandes Logias, del 4 de septiembre de 1929, regla 1: \u00ab... Canonicidad de origen, es decir, cada Gran Logia debe haber sido fundada legalmente por una Gran Logia oficialmente reconocida o por tres o m\u00e1s Logias v\u00e1lidamente constituidas...\u00bb. <\/strong>\n<p style=\"color: black !important; text-align: justify;\">El 7 de junio de 1986, seis Logias de la Gran Logia de Grecia decidieron retirarse de ella debido a continuas irregularidades, procedimientos disciplinarios ilegales y violaci\u00f3n de los derechos de los cuerpos de grados superiores. Estas Logias eran \u00abGermanos de Patras\u00bb, \u00abAcr\u00f3polis\u00bb, \u00abParten\u00f3n\u00bb, \u00abOmonia\u00bb, \u00abMiaulis\u00bb y \u00abPisti\u00bb. Los representantes de estas seis Logias, todos presentes, despu\u00e9s de declarar un\u00e1nimemente su retirada definitiva de la mencionada federaci\u00f3n, fundaron la Gran Logia Nacional de Grecia, votaron su primera Constituci\u00f3n y eligieron su primer Consejo y primer Gran Maestro, Stefanos Paipetis.<br><\/br>\n\nLa ceremonia de inauguraci\u00f3n fue realizada por el inolvidable Venerable Hermano William R. J. Eve, Ex Gran Di\u00e1cono de la Gran Logia Unida de Inglaterra (UGLE) y primer Gran Maestro Adjunto de la Gran Logia Nacional de Grecia, en la ciudad de Atenas.<\/p>\n\n\n\n\n<h2>\u269c Reconocimientos <\/h2>\n\n\n<i class=\"fa fa-quote-left\"><\/i>&nbsp;88 Reconocimientos Mutuos con Grandes Logias Can\u00f3nicas en todo el mundo, la mayor\u00eda de las cuales son reconocidas por las 3 Grandes Logias Madres.\n\t\t\t\t\t<i class=\"fa fa-quote-right\"><\/i>\n\n\n\n\nReconocimiento mutuo con la Gran Logia de Escocia y la Gran Logia de Irlanda, 2 de las 3 Grandes Logias Madres, y reconocimiento mutuo con la Gran Logia Unida de Inglaterra (UGLE) durante el periodo 1993-1999.\n\n\n\n\nLa Gran Logia Nacional de Grecia (GNGL) participa en todas las grandes Convenciones de Grandes Logias Regulares\n(Conferencias Mundiales, Europeas de Grandes Maestros y Secretarios Generales, y como invitada en el CMI).\n\n\n\n\n60 Grandes Logias en relaci\u00f3n fraternal con nosotros son miembros de la CMI.\n\n\n\n\n\n\n<h2> \u269c Eventos<\/h2>\n\n\n\n<ul style=\"font-size: 16px; font-style: normal; font-variant-caps: normal; outline: 0px; background-image: none; background-position: 0px 0px; background-size: auto; background-repeat: repeat; background-attachment: scroll; background-origin: padding-box; background-clip: border-box; caret-color: rgb(122, 122, 122); color: rgb(122, 122, 122); font-family: Roboto, sans-serif; text-align: center;\">     <li style=\"outline: 0px; font-size: 16px; background-image: none; background-position: 0px 0px; background-size: auto; background-repeat: repeat; background-attachment: scroll; background-origin: padding-box; background-clip: border-box; text-align: justify;\">         <h4 style=\"margin-top: 0.5rem; margin-bottom: 1rem; font-family: inherit; line-height: 1.2; font-size: 1.5rem;\">             <span style=\"color: rgb(0, 0, 0);\">La Gran Logia Nacional de Grecia es la \u00fanica Gran Logia en Grecia con regularidad continua desde su fundaci\u00f3n y nunca ha perdido su reconocimiento debido a un comportamiento irregular.<\/span>         <\/h4>     <\/li> <\/ul>\n<ul style=\"font-size: 16px; font-style: normal; font-variant-caps: normal; outline: 0px; background-image: none; background-position: 0px 0px; background-size: auto; background-repeat: repeat; background-attachment: scroll; background-origin: padding-box; background-clip: border-box; caret-color: rgb(122, 122, 122); color: rgb(122, 122, 122); font-family: Roboto, sans-serif; text-align: center;\">     <li style=\"outline: 0px; font-size: 16px; background-image: none; background-position: 0px 0px; background-size: auto; background-repeat: repeat; background-attachment: scroll; background-origin: padding-box; background-clip: border-box; text-align: justify;\">         <h4 style=\"margin-top: 0.5rem; margin-bottom: 1rem; font-family: inherit; line-height: 1.2; font-size: 1.5rem;\">             <span style=\"color: rgb(0, 0, 0);\">Es nuestro honor que la regularidad sea confirmada y reconocida por las 3 Grandes Logias Madres:<\/span>         <\/h4>     <\/li> <\/ul> <h4 style=\"font-style: normal; font-variant-caps: normal; margin-top: 0.5rem; margin-bottom: 1rem; font-family: Roboto, sans-serif; line-height: 1.2; color: rgb(122, 122, 122); font-size: 1.5rem; caret-color: rgb(122, 122, 122); text-align: justify;\">     <span style=\"color: rgb(0, 0, 0);\">UGLE &amp; Gran Logia de Escocia &amp; Gran Logia de Irlanda<\/span> <\/h4>\n<ul style=\"font-size: 16px; font-style: normal; font-variant-caps: normal; outline: 0px; background-image: none; background-position: 0px 0px; background-size: auto; background-repeat: repeat; background-attachment: scroll; background-origin: padding-box; background-clip: border-box; caret-color: rgb(122, 122, 122); color: rgb(122, 122, 122); font-family: Roboto, sans-serif; text-align: center;\">     <li style=\"outline: 0px; font-size: 16px; background-image: none; background-position: 0px 0px; background-size: auto; background-repeat: repeat; background-attachment: scroll; background-origin: padding-box; background-clip: border-box; text-align: justify;\">         <h4 style=\"margin-top: 0.5rem; margin-bottom: 1rem; font-family: inherit; line-height: 1.2; font-size: 1.5rem;\">             <span style=\"color: rgb(0, 0, 0);\">                 La Gran Logia de Escocia recibi\u00f3 a m\u00e1s de 60 delegados de 41 diferentes Grandes Logias en la 35\u00aa Conferencia Europea de Grandes Secretarios y Grandes Cancilleres los d\u00edas 11 y 12 de octubre de 2024.  <br><br>Se reunieron para discutir la \"Importancia de la Masoner\u00eda en el Mundo Moderno\" y el Gran Canciller de la Gran Logia Nacional de Grecia habl\u00f3 sobre la \"Aceptaci\u00f3n de la Sabidur\u00eda de Nuestros Mayores\".             <\/span>         <\/h4>     <\/li> <\/ul>\n\n\n\n\n\n\n\n<h2>\n    <span style=\"caret-color: rgb(221, 129, 28); color: rgb(221, 129, 28); font-family: Lato; font-size: 22px; font-style: normal; font-variant-caps: normal; font-weight: 800; text-align: center;\">\n        35\u00aa Conferencia Europea de Grandes Secretarios y Grandes Cancilleres 2024\n    <\/span>\n    <br>\n<\/h2>\n\n\n\n\n\n<h2>\n    <span style=\"caret-color: rgb(221, 129, 28); color: rgb(221, 129, 28); font-family: Lato; font-size: 22px; font-style: normal; font-variant-caps: normal; font-weight: 800; text-align: center;\">\n        Gran Logia de Irlanda, 24 de noviembre de 2023\n    <\/span>\n    <br>\n<\/h2>\n\n\n\n\n\n<h2> \u269c Mensaje del Gran Canciller<\/h2>\n\n\nEl cargo de Gran Canciller fue establecido el 21 de septiembre de 2021, y el Rev. Hno. D. Sk. es el tercer Gran Canciller desde el 20 de mayo de 2023. El Gran Canciller siempre desempe\u00f1a las funciones (gesti\u00f3n de relaciones externas, participaci\u00f3n en Grandes Asambleas y Congresos, as\u00ed como el intercambio de Grandes Representantes, con estricto cumplimiento de los antiguos l\u00edmites mencionados en la Constituci\u00f3n (regla 32)) relacionadas con las relaciones de la Gran Logia con las Grandes Logias Can\u00f3nicas de todo el mundo.\n<br><br>\n\n\n\n\n\n\n\n<h3> \u269c&nbsp;<\/h3>\n\n\n<em>En la \u00e9poca medieval, los canteros viajaban por todo el pa\u00eds en busca de trabajo. La mayor\u00eda no sab\u00eda leer ni escribir, por lo que necesitaban una forma de demostrar que hab\u00edan superado el riguroso aprendizaje para convertirse en artesanos debidamente formados. Cuando uno se cualificaba como maestro cantero, recib\u00eda palabras y gestos especiales que s\u00f3lo otro cantero con esa cualificaci\u00f3n conoc\u00eda. De este modo, se pod\u00eda comprobar su cualificaci\u00f3n profesional; algo as\u00ed como el sistema medieval de \"chip &amp; pin\".<\/em>\n\n\n\n\n<em>La masoner\u00eda toma prestadas las tradiciones de los canteros, por lo que, junto con las herramientas y el delantal, adopt\u00f3 la idea del apret\u00f3n de manos simb\u00f3lico. El apret\u00f3n de manos, o \"apret\u00f3n\", como lo habr\u00edan llamado los masones, var\u00eda en cada uno de los tres grados. Al igual que el nivel de cualificaci\u00f3n de un cantero, permite confirmar durante la reuni\u00f3n que se ha superado uno o varios de estos niveles rituales. El apret\u00f3n de manos de cualificaci\u00f3n era muy importante en el pasado. Si eras un alba\u00f1il itinerante, quer\u00edas demostrar que realmente eras miembro de una logia. Hoy es puramente tradicional y recuerda a los artesanos su conexi\u00f3n simb\u00f3lica con aquellos artesanos medievales cada vez que lo comparten.<\/em>\n\n\n\n\n<em>El amor fraternal, la caridad y la verdad son tradiciones en las que se basa la masoner\u00eda desde la construcci\u00f3n del Templo del Rey Salom\u00f3n. En la Logia se recuerda a los masones que \"se re\u00fanan en el plano de la igualdad, act\u00faen sobre la base de la rectitud y dividan en la escuadra de la virtud\". La masoner\u00eda no pretende interferir en modo alguno con el compromiso de una persona con su fe, su familia o su profesi\u00f3n. La Francmasoner\u00eda no es ni puede ser nunca un sustituto de estas importantes instituciones; m\u00e1s bien, recuerda a cada mas\u00f3n a s\u00ed mismo, a su familia, a su comunidad y su fe en un Arquitecto Supremo (la propia definici\u00f3n individual de un Ser Supremo).<\/em>\n\n\n\n\n\n\n\n\n\n\n\n\n\n\n\n\n\n\n\n\n\n\n<h6>Visitante CMI<\/h6>\n\n\n\n<h6>Participaci\u00f3n en el Congreso Mundial<\/h6>","protected":false},"excerpt":{"rendered":"","protected":false},"author":1,"featured_media":0,"parent":0,"menu_order":0,"comment_status":"closed","ping_status":"closed","template":"","meta":{"pagelayer_contact_templates":[],"_pagelayer_content":"","footnotes":""},"class_list":["post-112","page","type-page","status-publish","hentry"],"_links":{"self":[{"href":"https:\/\/nglgreece.org\/es\/wp-json\/wp\/v2\/pages\/112","targetHints":{"allow":["GET"]}}],"collection":[{"href":"https:\/\/nglgreece.org\/es\/wp-json\/wp\/v2\/pages"}],"about":[{"href":"https:\/\/nglgreece.org\/es\/wp-json\/wp\/v2\/types\/page"}],"author":[{"embeddable":true,"href":"https:\/\/nglgreece.org\/es\/wp-json\/wp\/v2\/users\/1"}],"replies":[{"embeddable":true,"href":"https:\/\/nglgreece.org\/es\/wp-json\/wp\/v2\/comments?post=112"}],"version-history":[{"count":74,"href":"https:\/\/nglgreece.org\/es\/wp-json\/wp\/v2\/pages\/112\/revisions"}],"predecessor-version":[{"id":8090,"href":"https:\/\/nglgreece.org\/es\/wp-json\/wp\/v2\/pages\/112\/revisions\/8090"}],"wp:attachment":[{"href":"https:\/\/nglgreece.org\/es\/wp-json\/wp\/v2\/media?parent=112"}],"curies":[{"name":"wp","href":"https:\/\/api.w.org\/{rel}","templated":true}]}}