{"id":7821,"date":"2025-05-02T19:29:31","date_gmt":"2025-05-02T19:29:31","guid":{"rendered":"https:\/\/nglgreece.org\/?page_id=7821"},"modified":"2025-05-02T19:29:31","modified_gmt":"2025-05-02T19:29:31","slug":"anakoinwseis-delta-typoy-twn-eparxiakwn-megalwn-stown-ths-emste","status":"publish","type":"page","link":"https:\/\/nglgreece.org\/de\/anakoinwseis-delta-typoy-twn-eparxiakwn-megalwn-stown-ths-emste\/","title":{"rendered":"\u0391\u03bd\u03b1\u03ba\u03bf\u03b9\u03bd\u03ce\u03c3\u03b5\u03b9\u03c2 &#038; \u0394\u03b5\u03bb\u03c4\u03af\u03b1 \u03a4\u03cd\u03c0\u03bf\u03c5 \u03c4\u03c9\u03bd \u0395\u03c0\u03b1\u03c1\u03c7\u03b9\u03b1\u03ba\u03ce\u03bd \u039c\u03b5\u03b3\u03ac\u03bb\u03c9\u03bd \u03a3\u03c4\u03bf\u03ce\u03bd \u03c4\u03b7\u03c2 \u0395\u039c\u03a3\u03c4\u0395"},"content":{"rendered":"<h2>\u0391\u039d\u0391\u039a\u039f\u0399\u039d\u03a9\u03a3\u0395\u0399\u03a3 &#038; \u0394\u0395\u039b\u03a4\u0399\u0391 \u03a4\u03a5\u03a0\u039f\u03a5 \u03a4\u03a9\u039d \u0395\u03a0\u0391\u03a1\u03a7\u0399\u0391\u039a\u03a9\u039d \u039c\u0395\u0393\u0391\u039b\u03a9\u039d \u03a3\u03a4\u039f\u03a9\u039d \u03a4\u0397\u03a3 \u0395\u039c\u03a3\u03c4\u0395<\/h2>\nDiese Seite pr\u00e4sentiert alle offiziellen <strong>Ank\u00fcndigungen<\/strong> Und <strong>Pressemitteilungen<\/strong> herausgegeben von der <strong>Provinzialgro\u00dflogen<\/strong> unter der Schirmherrschaft von <strong>Nationale Gro\u00dfloge von Griechenland (NGLG)<\/strong>Ziel ist es, den Br\u00fcdern und der \u00d6ffentlichkeit genaue Informationen \u00fcber die Aktivit\u00e4ten, Initiativen und wichtigen Entwicklungen auf Provinzebene bereitzustellen.","protected":false},"excerpt":{"rendered":"","protected":false},"author":1,"featured_media":0,"parent":0,"menu_order":0,"comment_status":"closed","ping_status":"closed","template":"","meta":{"pagelayer_contact_templates":[],"_pagelayer_content":"","footnotes":""},"class_list":["post-7821","page","type-page","status-publish","hentry"],"_links":{"self":[{"href":"https:\/\/nglgreece.org\/de\/wp-json\/wp\/v2\/pages\/7821","targetHints":{"allow":["GET"]}}],"collection":[{"href":"https:\/\/nglgreece.org\/de\/wp-json\/wp\/v2\/pages"}],"about":[{"href":"https:\/\/nglgreece.org\/de\/wp-json\/wp\/v2\/types\/page"}],"author":[{"embeddable":true,"href":"https:\/\/nglgreece.org\/de\/wp-json\/wp\/v2\/users\/1"}],"replies":[{"embeddable":true,"href":"https:\/\/nglgreece.org\/de\/wp-json\/wp\/v2\/comments?post=7821"}],"version-history":[{"count":8,"href":"https:\/\/nglgreece.org\/de\/wp-json\/wp\/v2\/pages\/7821\/revisions"}],"predecessor-version":[{"id":7832,"href":"https:\/\/nglgreece.org\/de\/wp-json\/wp\/v2\/pages\/7821\/revisions\/7832"}],"wp:attachment":[{"href":"https:\/\/nglgreece.org\/de\/wp-json\/wp\/v2\/media?parent=7821"}],"curies":[{"name":"wp","href":"https:\/\/api.w.org\/{rel}","templated":true}]}}