{"id":7264,"date":"2025-02-28T16:37:57","date_gmt":"2025-02-28T16:37:57","guid":{"rendered":"https:\/\/nglgreece.org\/?page_id=7264"},"modified":"2025-05-02T19:53:10","modified_gmt":"2025-05-02T19:53:10","slug":"pgl-von-westgriechenland-peloponnes","status":"publish","type":"page","link":"https:\/\/nglgreece.org\/de\/pgl-von-westgriechenland-peloponnes\/","title":{"rendered":"P.G.L. OF WESTERN GREECE &#038; PELOPONNESE"},"content":{"rendered":"<h2>\u0398\u03c5\u03c1\u03b5\u03cc\u03c2 \u03c4\u03b7\u03c2 \u0395\u03c0\u03b1\u03c1\u03c7\u03b9\u03b1\u03ba\u03ae\u03c2 \u039c\u03b5\u03b3\u03ac\u03bb\u03b7\u03c2 \u03a3\u03c4\u03bf\u03ac\u03c2 \u0394\u03c5\u03c4\u03b9\u03ba\u03ae\u03c2 \u0395\u03bb\u03bb\u03ac\u03b4\u03bf\u03c2 &#038; \u03a0\u03b5\u03bb\u03bf\u03c0\u03bf\u03bd\u03bd\u03ae\u03c3\u03bf\u03c5<\/h2>\n\n\n\n\n\n\n\n\n\n\n\n\n\n\n\n\n\n\n\n\n\n\n\n\n\n\n\n\n\n\n\n\n\n\n\n\n\n\n\n\u0397 \u0395\u03c0\u03b1\u03c1\u03c7\u03b9\u03b1\u03ba\u03ae \u039c\u03b5\u03b3\u03ac\u03bb\u03b7 \u03a3\u03c4\u03bf\u03ac \u0394\u03c5\u03c4\u03b9\u03ba\u03ae\u03c2 \u0395\u03bb\u03bb\u03ac\u03b4\u03bf\u03c2 \u03ba\u03b1\u03b9 \u03a0\u03b5\u03bb\u03bf\u03c0\u03bf\u03bd\u03bd\u03ae\u03c3\u03bf\u03c5 \u03c5\u03c0\u03cc \u03c4\u03b7 \u03c3\u03ba\u03ad\u03c0\u03b7 \u03c4\u03b7\u03c2 \u0395\u03b8\u03bd\u03b9\u03ba\u03ae\u03c2\n\u039c\u03b5\u03b3\u03ac\u03bb\u03b7\u03c2 \u03a3\u03c4\u03bf\u03ac\u03c2 \u03c4\u03b7\u03c2 \u0395\u03bb\u03bb\u03ac\u03b4\u03bf\u03c2 ( \u0395\u039c\u03a3\u03a4\u0395 ) \u03ad\u03c7\u03b5\u03b9 \u03c9\u03c2 \u03b8\u03c5\u03c1\u03b5\u03cc \u03c4\u03bf \u03c3\u03cd\u03bc\u03c0\u03bb\u03b5\u03b3\u03bc\u03b1 \u03c7\u03c1\u03c5\u03c3\u03bf\u03cd \u03b4\u03b9\u03b1\u03b2\u03ae\u03c4\u03b7 \u03b5\u03c0\u03af \u03c4\u03bf\u03c5\n\u03c7\u03c1\u03c5\u03c3\u03bf\u03cd \u03b3\u03bd\u03ce\u03bc\u03bf\u03bd\u03b1, \u03ad\u03c7\u03bf\u03bd\u03c4\u03b1\u03c2 \u03c3\u03c4\u03bf \u03ba\u03ad\u03bd\u03c4\u03c1\u03bf \u03c4\u03bf \u03c7\u03c1\u03c5\u03c3\u03cc G, \u03c3\u03cd\u03bc\u03b2\u03bf\u03bb\u03bf \u03c4\u03bf\u03c5 \u039c\u03b5\u03b3\u03ac\u03bb\u03bf\u03c5 \u0391\u03c1\u03c7\u03b9\u03c4\u03ad\u03ba\u03c4\u03bf\u03bd\u03b1 \u03c4\u03bf\u03c5\n\u03a3\u03cd\u03bc\u03c0\u03b1\u03bd\u03c4\u03bf\u03c2, \u03cc\u03bb\u03b1 \u03b1\u03c5\u03c4\u03ac \u03c4\u03bf\u03c0\u03bf\u03b8\u03b5\u03c4\u03b7\u03bc\u03ad\u03bd\u03b1 \u03c0\u03ac\u03bd\u03c9 \u03c3\u03b5 \u03ba\u03b1\u03c6\u03ad \u03c0\u03bf\u03bb\u03cd\u03b3\u03c9\u03bd\u03b7 \u03c1\u03bf\u03b6\u03ad\u03c4\u03b1 \u03ba\u03b1\u03b9 \u03c0\u03b5\u03c1\u03b9\u03b2\u03b1\u03bb\u03bb\u03cc\u03bc\u03b5\u03bd\u03b1\n\u03b1\u03c0\u03cc \u03b4\u03cd\u03bf \u03c7\u03c1\u03c5\u03c3\u03ac \u03ba\u03bb\u03b1\u03b4\u03b9\u03ac \u03b5\u03bb\u03b9\u03ac\u03c2 \u03ba\u03b1\u03b9 \u03b1\u03ba\u03b1\u03ba\u03af\u03b1\u03c2. \u039f \u03b8\u03c5\u03c1\u03b5\u03cc\u03c2 \u03b5\u03af\u03bd\u03b1\u03b9 \u03b4\u03b9\u03b1\u03c7\u03c9\u03c1\u03b9\u03c3\u03bc\u03ad\u03bd\u03bf\u03c2 \u03c3\u03b5 \u03c4\u03ad\u03c3\u03c3\u03b5\u03c1\u03b1\n\u03c4\u03bc\u03ae\u03bc\u03b1\u03c4\u03b1, \u03c6\u03ad\u03c1\u03bf\u03bd\u03c4\u03b1 \u03b5\u03bd\u03b1\u03bb\u03bb\u03ac\u03be \u03ac\u03c3\u03c0\u03c1\u03bf \u03ba\u03b1\u03b9 \u03bc\u03c0\u03bb\u03b5 \u03c7\u03c1\u03ce\u03bc\u03b1\u03c4\u03b1 \u03ba\u03b1\u03b9 \u03c0\u03b5\u03c1\u03b9\u03b2\u03b1\u03bb\u03bb\u03cc\u03bc\u03b5\u03bd\u03b1 \u03b1\u03c0\u03cc \u03c7\u03c1\u03c5\u03c3\u03bf\u03cd\u03c2\n\u03c1\u03cc\u03b4\u03b1\u03ba\u03b5\u03c2 \u03ba\u03b1\u03b9 \u03b1\u03c0\u03cc \u03c7\u03c1\u03c5\u03c3\u03ae \u03c4\u03c1\u03ad\u03c3\u03b1. \u03a3\u03c4\u03bf \u03c0\u03ac\u03bd\u03c9 \u03bc\u03ad\u03c1\u03bf\u03c2 \u03c4\u03bf\u03c5 \u03b8\u03c5\u03c1\u03b5\u03bf\u03cd \u03b2\u03c1\u03af\u03c3\u03ba\u03bf\u03bd\u03c4\u03b1\u03b9 \u03c4\u03b1 \u03bb\u03bf\u03b3\u03cc\u03c4\u03c5\u03c0\u03b1\n\u00ab\u0395\u03c0\u03b1\u03c1\u03c7\u03b9\u03b1\u03ba\u03ae \u039c\u03b5\u03b3\u03ac\u03bb\u03b7 \u03a3\u03c4\u03bf\u03ac \u0394\u03c5\u03c4\u03b9\u03ba\u03ae\u03c2 \u0395\u03bb\u03bb\u03ac\u03b4\u03bf\u03c2 \u03ba\u03b1\u03b9 \u03a0\u03b5\u03bb\u03bf\u03c0\u03bf\u03bd\u03bd\u03ae\u03c3\u03bf\u03c5\u00bb \u03bc\u03b5 \u03bc\u03b1\u03cd\u03c1\u03b1 \u03b3\u03c1\u03ac\u03bc\u03bc\u03b1\u03c4\u03b1 \u03c3\u03b5\n\u03c7\u03c1\u03c5\u03c3\u03ae \u03c0\u03b5\u03c1\u03b3\u03b1\u03bc\u03b7\u03bd\u03ae \u03ba\u03b1\u03b9 \u00ab\u0395\u039c\u03a3\u03a4\u0395\u00bb \u03bc\u03b5 \u03c7\u03c1\u03c5\u03c3\u03ac \u03b3\u03c1\u03ac\u03bc\u03bc\u03b1\u03c4\u03b1.\n\n\n\n\n\n\n\n\n\n\n\n\u03a7\u03b1\u03b9\u03c1\u03b5\u03c4\u03b9\u03c3\u03bc\u03cc\u03c2 \u0395\u03c0.\u039c\u0394 \u0394\u03c5\u03c4\u03b9\u03ba\u03ae\u03c2 \u0395\u03bb\u03bb\u03ac\u03b4\u03b4\u03bf\u03c2 &#038; \u03a0\u03b5\u03bb\u03bf\u03c0\u03bf\u03bd\u03bd\u03ae\u03c3\u03bf\u03c5\n\u039d\u03b9\u03ba\u03cc\u03bb\u03b1\u03bf\u03c2 \u039b\u03b1\u03bc\u03c0\u03af\u03c1\u03b7\u03c2\n<p><span style=\"font-size: 16px; color: rgb(89, 89, 89);\">Ein paar Worte zur Provinzialgro\u00dfloge von Westgriechenland\u2026\n<br><br>\nDer Provinzialgro\u00dfmeister, Hochw\u00fcrdigster Bruder Nikolaos Lampiris, hei\u00dft Sie in der Provinzialgro\u00dfloge von Westgriechenland und Peloponnes herzlich willkommen.<br\/><br\/>\nDie Provinzialgro\u00dfloge von Westgriechenland und dem Peloponnes, unter der Schirmherrschaft der Nationalen Gro\u00dfloge von Griechenland (EMSTE), wurde 1994 gegr\u00fcndet. Erster Gro\u00dfmeister war der Ehrw\u00fcrdige Bruder Dimitrios Pountzas. Ihr geh\u00f6ren die Logen Old Patras Germanos Nr. 1 aus Patras, Dioni Nr. 32 aus Ioannina, Dodoni Nr. 98 aus Ioannina, Akakia Nr. 100 aus Kalamata und Alexandros Roma Nr. 101 aus Zakynthos an.\n\n\n<br><br>\nMit br\u00fcderlichen Gr\u00fc\u00dfen,\n<br><strong>\nDer Provinzialgro\u00dfmeister von Westgriechenland und Peloponnes\n<br>\nHochw\u00fcrden Nikolaos Lampiris<\/span><\/p>\n\n\n\n\n\n\n\n\n\n\n\n<h2>Logen unter der Jurisdiktion der Gro\u00dfloge von Westgriechenland und Peloponnes<\/h2>\n\n\n\n\n\n\n1. \u03a0\u0391\u039b\u0391\u0399\u03a9\u039d \u03a0\u0391\u03a4\u03a1\u03a9\u039d \u0393\u0395\u03a1\u039c\u0391\u039d\u039f\u03a3 \u03a5\u03a0. \u0391\u03a1. 1\n\n\n2. \u0394\u0399\u03a9\u039d\u0397 \u03a5\u03a0. \u0391\u03a1. 32\n\n\n3. \u0394\u03a9\u0394\u03a9\u039d\u0397 \u03a5\u03a0. \u0391\u03a1. 98\n\n\n4. \u0391\u039a\u0391\u039a\u0399\u0391 \u03a5\u03a0. \u0391\u03a1. 100\n\n\n5. \u0391\u039b\u0395\u039e\u0391\u039d\u0394\u03a1\u039f\u03a3 \u03a1\u03a9\u039c\u0391\u03a3 \u03a5\u03a0. \u0391\u03a1. 101\n\n\n\n\n\n\n\n\n\n<h2>Arbeitsprogramm der Kammern Westgriechenlands und des Peloponnes<\/h2>\n\n\n\n\n{\u201ctitle\u201d:\u201d\u201d,,\u201dcontent\u201d:\u201d<iframe src=\"\\\"https:><\/iframe>&#8220;}","protected":false},"excerpt":{"rendered":"","protected":false},"author":1,"featured_media":0,"parent":0,"menu_order":0,"comment_status":"closed","ping_status":"closed","template":"","meta":{"pagelayer_contact_templates":[],"_pagelayer_content":"","footnotes":""},"class_list":["post-7264","page","type-page","status-publish","hentry"],"_links":{"self":[{"href":"https:\/\/nglgreece.org\/de\/wp-json\/wp\/v2\/pages\/7264","targetHints":{"allow":["GET"]}}],"collection":[{"href":"https:\/\/nglgreece.org\/de\/wp-json\/wp\/v2\/pages"}],"about":[{"href":"https:\/\/nglgreece.org\/de\/wp-json\/wp\/v2\/types\/page"}],"author":[{"embeddable":true,"href":"https:\/\/nglgreece.org\/de\/wp-json\/wp\/v2\/users\/1"}],"replies":[{"embeddable":true,"href":"https:\/\/nglgreece.org\/de\/wp-json\/wp\/v2\/comments?post=7264"}],"version-history":[{"count":5,"href":"https:\/\/nglgreece.org\/de\/wp-json\/wp\/v2\/pages\/7264\/revisions"}],"predecessor-version":[{"id":7841,"href":"https:\/\/nglgreece.org\/de\/wp-json\/wp\/v2\/pages\/7264\/revisions\/7841"}],"wp:attachment":[{"href":"https:\/\/nglgreece.org\/de\/wp-json\/wp\/v2\/media?parent=7264"}],"curies":[{"name":"wp","href":"https:\/\/api.w.org\/{rel}","templated":true}]}}