{"id":6901,"date":"2025-01-16T10:44:01","date_gmt":"2025-01-16T10:44:01","guid":{"rendered":"https:\/\/nglgreece.org\/?page_id=6901"},"modified":"2025-09-25T11:08:15","modified_gmt":"2025-09-25T11:08:15","slug":"provinzialgrosloge-von-piraus-und-den-inseln-des-agaischen-archipels","status":"publish","type":"page","link":"https:\/\/nglgreece.org\/de\/provinzialgrosloge-von-piraus-und-den-inseln-des-agaischen-archipels\/","title":{"rendered":"P.G.L. OF PIRAEUS AND THE ISLANDS OF THE AEGEAN ARCHIPELAGO"},"content":{"rendered":"<h2>Wappen der Provinz Great Stones von Pir\u00e4us und den Inseln des \u00c4g\u00e4ischen Archipels<\/h2>\n\n\n\n\n\n\n\n\n\n\n\n\n\n\n\n\n\n\n\n\n\n\n\n\n\n\n\n\n\n\n\n\n\n\n\n\n\n\n\nDas Wappen, das den Haupteingang der Freimaurerloge von Pir\u00e4us schm\u00fcckt, birgt einen tiefgr\u00fcndigen tektonischen und philosophischen Gehalt.<br\/><br\/>\n\nPoseidon, der Gott des Meeres, symbolisiert Macht, Autorit\u00e4t und die Beherrschung der Naturgewalten. Er steht f\u00fcr die Suche nach den Geheimnissen der Welt und das Verst\u00e4ndnis der tiefsten Naturgesetze. Mit der Tri-aena (dem dreizackigen Speer) in der Hand herrscht er \u00fcber die Gew\u00e4sser.<br\/>\n<br\/>\nDer Gnomon ist ein uraltes architektonisches Werkzeug, mit dem die Spitze gef\u00fchrt und das Material geformt wird. F\u00fcr die Freimaurer ist er der symbolische Wegweiser, der uns hilft, uns in jedem Augenblick unseres Lebens selbst zu beherrschen.<br\/><br\/>\n\nDie Ahle ist auch ein antikes Werkzeug zur Kreisschnitzerei. Der perfekte Kreis gilt laut dem antiken Philosophen Pythagoras als g\u00f6ttliches Symbol f\u00fcr Vollkommenheit, Ewigkeit und den ewigen Kreislauf des Lebens. Da der Kreis weder Anfang noch Ende hat, symbolisiert er die Verbindung der geistigen und materiellen Welt sowie die Einheit des Universums.<br\/><br\/>\n\u039f \u0398\u03c5\u03c1\u03b5\u03cc\u03c2 \u03c4\u03b7\u03c2 \u0395\u03c0\u03b1\u03c1\u03c7\u03af\u03b1\u03c2 \u03a0\u03b5\u03b9\u03c1\u03b1\u03b9\u03ac \u03ba\u03b1\u03b9 \u039d\u03ae\u03c3\u03c9\u03bd \u0391\u03c1\u03c7\u03b9\u03c0\u03b5\u03bb\u03ac\u03b3\u03bf\u03c5\u03c2 \u0391\u03b9\u03b3\u03b1\u03af\u03bf\u03c5 \u03c3\u03c5\u03bd\u03b4\u03c5\u03ac\u03b6\u03b5\u03b9 \u03c4\u03b7 \u039c\u03c5\u03b8\u03bf\u03bb\u03bf\u03b3\u03af\u03b1 \u03bc\u03b5 \u03c4\u03bf\u03bd \u03a4\u03b5\u03ba\u03c4\u03bf\u03bd\u03b9\u03c3\u03bc\u03cc \u03ba\u03b1\u03b8\u03ce\u03c2 \u03bf \u039c\u03c5\u03b8\u03b9\u03ba\u03cc\u03c2 \u03b8\u03b5\u03cc\u03c2 \u03c0\u03b5\u03c1\u03b9\u03ba\u03bb\u03b5\u03b9\u03cc\u03bc\u03b5\u03bd\u03bf\u03c2 \u03b1\u03c0\u03cc \u03c4\u03bf\u03bd \u0393\u03bd\u03ce\u03bc\u03bf\u03bd\u03b1 \u03ba\u03b1\u03b9 \u03c4\u03bf\u03bd \u0394\u03b9\u03b1\u03b2\u03ae\u03c4\u03b7, \u03c0\u03b1\u03c1\u03b1\u03bb\u03bb\u03b7\u03bb\u03af\u03b6\u03b5\u03c4\u03b1\u03b9 \u03bc\u03b5 \u03c4\u03bf\u03bd \u03bc\u03c5\u03b8\u03b9\u03ba\u03cc \u03b1\u03c1\u03c7\u03b9\u03c4\u03ad\u03ba\u03c4\u03bf\u03bd\u03b1 \u03a7\u03b9\u03c1\u03ac\u03bc \u03c0\u03bf\u03c5 \u03b1\u03bd\u03c4\u03b9\u03c0\u03c1\u03bf\u03c3\u03c9\u03c0\u03b5\u03cd\u03b5\u03b9 \u03c4\u03b7\u03bd \u03b1\u03bd\u03b1\u03b6\u03ae\u03c4\u03b7\u03c3\u03b7 \u03c4\u03b7\u03c2 \u03b1\u03bb\u03ae\u03b8\u03b5\u03b9\u03b1\u03c2 \u03ba\u03b1\u03b9 \u03c4\u03b7\u03c2 \u03c4\u03b5\u03bb\u03b5\u03b9\u03cc\u03c4\u03b7\u03c4\u03b1\u03c2 \u03bc\u03ad\u03c3\u03c9 \u03c4\u03b7\u03c2 \u03b5\u03c1\u03b3\u03b1\u03c3\u03af\u03b1\u03c2 \u03ba\u03b1\u03b9 \u03c4\u03b7\u03c2 \u03b1\u03c6\u03bf\u03c3\u03af\u03c9\u03c3\u03b7\u03c2 \u03c3\u03c4\u03b7\u03bd \u03ba\u03b1\u03c4\u03b1\u03c3\u03ba\u03b5\u03c5\u03ae \u03c4\u03bf\u03c5 \u03b5\u03c3\u03ce\u03c4\u03b5\u03c1\u03bf\u03c5 \u03bd\u03b1\u03bf\u03cd.\n\n\n\n\n\n\n\n\n\n\n\n\u03a7\u0391\u0399\u03a1\u0395\u03a4\u0399\u03a3\u039c\u039f\u03a3 \u0395\u03a0.\u039c\u0394 \u03a0\u0395\u0399\u03a1\u0391\u0399\u03a9\u03a3 \u039a\u0391\u0399 \u039d\u0397\u03a3\u03a9\u039d \u0391\u03a1\u03a7\u0399\u03a0\u0395\u039b\u0391\u0393\u039f\u03a5\u03a3 \u0391\u0399\u0393\u0391\u0399\u039f\u03a5\n\u03a0\u03b1\u03bd\u03b1\u03b3\u03b9\u03ce\u03c4\u03b7\u03c2 \u0392\u03bb\u03ac\u03c7\u03bf\u03c2\n<p><span style=\"font-size: 16px; color: rgb(89, 89, 89);\">\nDie Provinz Pir\u00e4us und die \u00c4g\u00e4ischen Inseln, als \u00e4lteste Provinz der Nationalen Gro\u00dfloge Griechenlands (NGLG), hat seit ihrer Gr\u00fcndung eine entscheidende Rolle in der Entwicklung und dem Wirken der Gilde gespielt. Mit drei Gr\u00fcndungslogen und ihrem kontinuierlichen Beitrag zur F\u00f6rderung ihrer Werte und Prinzipien war und ist sie eine tragende S\u00e4ule f\u00fcr den Erhalt und die Weiterentwicklung der Bruderschaft.<br\/><br\/>\nFreimaurerlogen sind spirituelle Werkst\u00e4tten, und das Hauptanliegen jedes Distriktmeisters ist es, den reibungslosen und ununterbrochenen Betrieb der ihm unterstellten Logen zu gew\u00e4hrleisten und gleichzeitig die Vision des Gro\u00dfmeisters umzusetzen.<br\/><br\/>\nDie dynamisch wachsende Provinz Pir\u00e4us und die \u00c4g\u00e4ischen Inseln erstreckt sich \u00fcber ein weitl\u00e4ufiges Gebiet und umfasst insgesamt 17 symbolische tektonische Logen, die \u00fcber ihren gesamten Zust\u00e4ndigkeitsbereich verteilt sind. Darunter befinden sich eine englisch- und eine deutschsprachige Loge sowie eine Forschungs- und Sonderloge. <br\/><br\/>\nDiese Vielfalt an Logen und der Pluralismus unserer formalen Arbeit bieten unseren Mitgliedern die M\u00f6glichkeit, sich an verschiedenen Aspekten der Freimaurerei zu beteiligen. <br\/><br\/>\nDar\u00fcber hinaus beherbergt das komplett renovierte und moderne Freimaurerhaus in Pir\u00e4us neben der Nationalen Gro\u00dfloge zahlreiche Logen anderer Freimaurerorganisationen. <br\/><br\/>\nMit Respekt hei\u00dfe ich Sie im Namen des Bezirks Pir\u00e4us und der Inseln des \u00c4g\u00e4ischen Archipels in diesem digitalen Raum willkommen, wo tektonische Werte auf die moderne Realit\u00e4t treffen. \n\n<br><br>\nMit br\u00fcderlichen Gr\u00fc\u00dfen,\n<br><strong>\n\u039f \u0395\u03c0\u03b1\u03c1\u03c7\u03b9\u03b1\u03ba\u03cc\u03c2 \u039c\u03ad\u03b3\u03b1\u03c2 \u0394\u03b9\u03b4\u03ac\u03c3\u03ba\u03b1\u03bb\u03bf\u03c2          \u03a0\u03b5\u03b9\u03c1\u03b1\u03b9\u03ce\u03c2 &#038; \u039d\u03ae\u03c3\u03c9\u03bd \u0391\u03c1\u03c7\u03b9\u03c0\u03b5\u03bb\u03ac\u03b3\u03bf\u03c5\u03c2 \u0391\u03b9\u03b3\u03b1\u03af\u03bf\u03c5\n<br>\nHochw\u00fcrden Panagiotis Vlachos<\/span><\/p>\n\n\n\n\n\n\n\n\n\n\n\n\n\n<h2>\u03a3\u03c4\u03bf\u03ad\u03c2 \u03a5\u03c0\u03bf \u03c4\u03b7\u03bd \u0394\u03b9\u03ba\u03b1\u03b9\u03bf\u03b4\u03bf\u03c3\u03af\u03b1 \u03c4\u03b7\u03c2 \u0395\u03c0.\u039c. \u03a3\u03c4\u03bf\u03ac\u03c2 \u03a0\u03b5\u03b9\u03c1\u03b1\u03b9\u03ce\u03c2 &#038; \u039d\u03ae\u03c3\u03c9\u03bd \u0391\u03c1\u03c7\u03b9\u03c0\u03b5\u03bb\u03ac\u03b3\u03bf\u03c5\u03c2 \u0391\u03b9\u03b3\u03b1\u03af\u03bf\u03c5<\/h2>\n\n\n\n\n\n\n1. \u03a0\u0391\u03a1\u0398\u0395\u039d\u03a9\u039d \u03a5\u03a0\u2019 \u0391\u03a1. 3 (\u0399\u0394\u03a1\u03a5\u03a4\u0399\u039a\u0397 \u03a3\u03a4\u039f\u0391 &#8211; \u0391\u0393\u0393\u039b\u039f\u03a6\u03a9\u039d\u0397)\n\n\n2. \u039c\u0399\u0391\u039f\u03a5\u039b\u0397\u03a3 \u03a5\u03a0\u2019 \u0391\u03a1. 4 (\u0399\u0394\u03a1\u03a5\u03a4\u0399\u039a\u0397 \u03a3\u03a4\u039f\u0391)\n\n\n3. \u03a0\u0399\u03a3\u03a4\u0397\u03a3 \u03a5\u03a0\u2019 \u0391\u03a1. 5 (\u0399\u0394\u03a1\u03a5\u03a4\u0399\u039a\u0397 \u03a3\u03a4\u039f\u0391)\n\n\n4. \u0397\u03a1\u0391\u039a\u039b\u0397\u03a3 \u03a5\u03a0\u2019 \u0391\u03a1. 12\n\n\n5. \u0395\u039c\u03a0\u0395\u0394\u039f\u039a\u039b\u0397\u03a3 \u03a5\u03a0\u2019 \u0391\u03a1. 15\n\n\n6. \u03a6\u0399\u039b\u0399\u039a\u0397 \u0395\u03a4\u0391\u0399\u03a1\u0395\u0399\u0391 \u03a5\u03a0\u2019 \u0391\u03a1. 24\n\n\n7. \u039a\u0391\u039c\u0395\u0399\u03a1\u039f\u03a3 \u03a5\u03a0\u2019 \u0391\u03a1. 28\n\n\n8. \u03a3\u03a9\u039a\u03a1\u0391\u03a4\u0397\u03a3 \u03a5\u03a0\u2019 \u0391\u03a1. 31 (\u0393\u0395\u03a1\u039c\u0391\u039d\u039f\u03a6\u03a9\u039d\u0397)\n\n\n9. \u0392\u03a5\u0396\u0391\u03a3 \u03a5\u03a0\u2019 \u0391\u03a1. 44\n\n\n10. \u0394\u0391\u0399\u0394\u0391\u039b\u039f\u03a3 \u03a5\u03a0\u2019 \u0391\u03a1. 50\n\n\n11. \u0391\u039d\u03a4\/\u03a7\u039f\u03a3 \u03a0\u0391\u039d. \u0392\u039b\u0391\u03a7\u0391\u039a\u039f\u03a3 \u03a5\u03a0\u2019 \u0391\u03a1. 69\n\n\n12. \u0391\u03a0\u039f\u039b\u039b\u03a9\u039d\u0399\u039f\u03a3 \u039f \u03a1\u039f\u0394\u0399\u039f\u03a3 \u03a5\u03a0\u2019 \u0391\u03a1. 80\n\n\n13. \u0398\u0395\u039c\u0399\u03a3\u03a4\u039f\u039a\u039b\u0397\u03a3 \u03a5\u03a0\u2019 \u0391\u03a1. 96\n\n\n14. \u039a\u0391\u0398\u0397\u039a\u039f\u039d \u03a5\u03a0\u2019 \u0391\u03a1. 99\n\n\n15. \u03a0\u039b\u0391\u03a4\u03a9\u039d 1990 \u03a5\u03a0\u2019 \u0391\u03a1. 103\n\n\n16. \u0391\u03a4\u039b\u0391\u039d\u03a4\u0399\u03a3 \u03a5\u03a0&#8217; \u0391\u03a1. 107\n\n\n17. \u03a0\u039f\u03a3\u0395\u0399\u0394\u03a9\u039d\u0399\u0391 (\u0395\u03a1\u0395\u03a5\u039d\u0397\u03a4\u0399\u039a\u0397)\n\n\n18. \u0395\u03a0\u0399\u039c\u0395\u039b\u0397\u03a4\u03a9\u039d (\u0395\u0399\u0394\u0399\u039a\u039f\u03a5 \u03a3\u039a\u039f\u03a0\u039f\u03a5)\n\n\n19. \u0397\u03a6\u0391\u0399\u03a3\u03a4\u0399\u0391 (\u0395\u03a1\u0395\u03a5\u039d\u0397\u03a4\u0399\u039a\u0397) \u03a5\u03a0&#8217; \u0391\u03a1. 112\n\n\n20. \u0394\u0397\u039c\u0397\u03a4\u0397\u03a1 \u03a5\u03a0&#8217; \u0391\u03a1. 113\n\n\n21. \u0393. \u03a3\u039f\u03a5\u03a1\u0397\u03a3 \u03a5\u03a0&#8217; \u0391\u03a1. 114\n\n\n\n\n\n\n\n\n\n<h2>\u03a0\u03c1\u03cc\u03b3\u03c1\u03b1\u03bc\u03bc\u03b1 \u0395\u03c1\u03b3\u03b1\u03c3\u03b9\u03ce\u03bd \u03a3\u03c4\u03bf\u03ce\u03bd \u03c4\u03b7\u03c2 \u0395\u03c0. \u03a0\u03b5\u03b9\u03c1\u03b1\u03b9\u03ce\u03c2 &#038; \u039d\u03ae\u03c3\u03c9\u03bd \u0391\u03c1\u03c7\u03b9\u03c0\u03b5\u03bb\u03ac\u03b3\u03bf\u03c5\u03c2 \u0391\u03b9\u03b3\u03b1\u03af\u03bf\u03c5<\/h2>\n\n\n\n\n\n\n\n\n\n{\u201ctitle\u201d:\u201d\u201d,,\u201dcontent\u201d:\u201d<iframe src=\"\\\"https:><\/iframe>&#8220;}","protected":false},"excerpt":{"rendered":"","protected":false},"author":1,"featured_media":0,"parent":0,"menu_order":0,"comment_status":"closed","ping_status":"closed","template":"","meta":{"pagelayer_contact_templates":[],"_pagelayer_content":"","footnotes":""},"class_list":["post-6901","page","type-page","status-publish","hentry"],"_links":{"self":[{"href":"https:\/\/nglgreece.org\/de\/wp-json\/wp\/v2\/pages\/6901","targetHints":{"allow":["GET"]}}],"collection":[{"href":"https:\/\/nglgreece.org\/de\/wp-json\/wp\/v2\/pages"}],"about":[{"href":"https:\/\/nglgreece.org\/de\/wp-json\/wp\/v2\/types\/page"}],"author":[{"embeddable":true,"href":"https:\/\/nglgreece.org\/de\/wp-json\/wp\/v2\/users\/1"}],"replies":[{"embeddable":true,"href":"https:\/\/nglgreece.org\/de\/wp-json\/wp\/v2\/comments?post=6901"}],"version-history":[{"count":16,"href":"https:\/\/nglgreece.org\/de\/wp-json\/wp\/v2\/pages\/6901\/revisions"}],"predecessor-version":[{"id":8340,"href":"https:\/\/nglgreece.org\/de\/wp-json\/wp\/v2\/pages\/6901\/revisions\/8340"}],"wp:attachment":[{"href":"https:\/\/nglgreece.org\/de\/wp-json\/wp\/v2\/media?parent=6901"}],"curies":[{"name":"wp","href":"https:\/\/api.w.org\/{rel}","templated":true}]}}