{"id":6641,"date":"2025-01-11T14:10:57","date_gmt":"2025-01-11T14:10:57","guid":{"rendered":"https:\/\/nglgreece.org\/?page_id=6641"},"modified":"2025-02-09T21:23:55","modified_gmt":"2025-02-09T21:23:55","slug":"hfaistia","status":"publish","type":"page","link":"https:\/\/nglgreece.org\/de\/hfaistia\/","title":{"rendered":"\u0397\u03a6\u0391\u0399\u03a3\u03a4\u0399\u0391"},"content":{"rendered":"<p>S. St. VOLCANO, Nr. 112<\/p>\n\n\n\n\n<p style=\"text-align: right; \"><span style=\"font-size: 20px; color: rgb(255, 255, 255);\"><strong style=\"line-height: 1;\">LOREM CORPORATE CEO<\/strong><\/span><\/p><p style=\"text-align: center;\"><span style=\"color: rgb(255, 255, 255);\">Duis aute irure dolor in reprehenderit in voluptate velit esse cillum dolore eu fugiat nulla pariatur. Excepteur sint occaecat cupidatat non proident, sunt in culpa qui officia deserunt mollit anim id est laborum.<\/span><\/p><p style=\"text-align: left;\"><sign>&nbsp; &nbsp; &nbsp; <span style=\"line-height: 2.0;\">Benn Marshall<\/span><\/sign><\/p>\n\n\n\n\n<h2><strong>WAPPEN<\/strong><\/h2><br>\n\n\n<strong>Die Sonderforschungsloge \u201eIPHAESTIA\u201c<\/strong> Das Wappen ist eine Synthese aus altgriechischen Symbolen, Mysterien und Mystik und sch\u00f6pft Inspiration aus Mythologie, Philosophie und der Kunst der Metallurgie, verbunden mit der Freimaurertradition. Es ist ein Werk von tiefer symbolischer Bedeutung, das die Geschichte und den Zweck der Loge erz\u00e4hlt.<br>\n<br>\n<h6><strong>Der goldene Hintergrund<\/strong><\/h6><br>\n\nDie goldene Farbe, die den Schild dominiert, symbolisiert die Sonne, Quelle des Lebens und des Lichts, und verweist damit auf den Sonnengott Apollon. Gold steht als Metall f\u00fcr g\u00f6ttliche Weisheit, Erleuchtung und Transformation. So wie Hephaistos, der Gott der Metalle, Metall durch Feuer formt, so strebt \u201eHEPHAESTIA\u201c danach, Wahrheit und Wissen durch die Hitze der Forschung und Sch\u00f6pfung zu gestalten.<br><br>\n\n\n\n\n\n<h6><strong>Der Amboss als zentrales Symbol<\/strong><\/h6><br>\n\nDer Amboss, der den Schild dominiert, symbolisiert das wichtigste Werkzeug der fr\u00fchen Metallarbeiter von Hephaistos, der antiken Stadt, die eng mit Hephaistos, dem Gott des Feuers und der Metallurgie, verbunden ist. Die ersten Ingenieure der Geschichte arbeiteten mit diesen Werkzeugen, die die Verbindung der Loge mit Kreativit\u00e4t, Erfindungsreichtum und Wissenschaft verk\u00f6rpern. Der Amboss wird zur Br\u00fccke zwischen Antike und moderner Technologie, wobei die Br\u00fcder der Loge die \u201eneuen Metallarbeiter\u201c, die Ingenieure und Technologiespezialisten, repr\u00e4sentieren.<br><br>\n\n<h6><strong>Der goldene Buchstabe \u201eH\u201c<\/strong><\/h6><br>\n\nDer Buchstabe \u201eH\u201c, der den Schild dominiert, tr\u00e4gt vielf\u00e4ltige Bedeutungen. Er symbolisiert Hephaistos, die ihm geweihte Stadt und verweist zugleich auf die Sonne (Helios), die Quelle sch\u00f6pferischer Energie. Der Buchstabe \u201eH\u201c wird so zum Bindeglied zwischen Erde und Himmel, genau wie Hephaistos, der im Inneren der Erde wirkt, um die g\u00f6ttlichen Waffen und Symbole der Harmonie zu erschaffen.<br><br>\n\n<h6><strong>Gnomon und Diabetes<\/strong><\/h6><br>\n\nGnomon und Kompass, als klassische Symbole der Freimaurerei, verleihen dem Schild eine besondere Bedeutung. Sie symbolisieren Ausgewogenheit, Pr\u00e4zision, Ordnung und Harmonie \u2013 jene Werte, die die Forscher der Loge anstreben. Sie stehen f\u00fcr die wissenschaftliche Methode und philosophische Auseinandersetzung und bekr\u00e4ftigen zugleich das Engagement f\u00fcr eine bessere Welt.<br>\n\n<h6><strong>Bezeichnung<\/strong><\/h6><br>\n\nHephaistia, eine antike Stadt auf Lemnos, ist eng mit den Mysterien der Kabeiren verbunden, die die Sch\u00f6pferkraft des Hephaistos und die urspr\u00fcngliche Weisheit der Natur verehrten. Die Br\u00fcder der Loge sch\u00f6pfen Inspiration aus diesen Mysterien und ehren die Tradition der Kabeiren, die das Wissen um Feuer und Metallurgie als heilige Kunst bewahren.<br><br>\n\n<h6><strong>Mitteilung des Herolds<\/strong><\/h6><br>\n\nDas Wappen der Loge \u201eHEPHAESTIA\u201c ist mehr als ein Emblem; es verk\u00f6rpert die Mission der Loge. Verwurzelt in der Tradition alter Handwerker und mit Blick in die Zukunft, strebt die Loge danach, die Weisheit der Antike mit der Technologie der Gegenwart zu vereinen. Es ist eine Einladung an alle Br\u00fcder, sich an diesem gro\u00dfen Vorhaben f\u00fcr Aufkl\u00e4rung, Wissen und Sch\u00f6pfung zu beteiligen.\n\n\n\n\n\n\n\n\n<h2>Zweck der Sonderforschungsloge \u201eIFASTIA\u201c<\/h2>\n\n\n\n<strong>Die Forschungsloge \u201eIFASTIA\u201c verfolgt die Vision, Br\u00fcder mit herausragenden F\u00e4higkeiten und Fachkenntnissen in Technologie, Wissenschaft und Ingenieurwesen zusammenzubringen, um eine starke und innovative Gemeinschaft zu schaffen. Ihr Zweck ist die technologische Unterst\u00fctzung der Nationalen Gro\u00dfloge von Griechenland (NGLG) und die Vorbereitung auf die Zukunft durch Ethik, Wissenschaft und Br\u00fcderlichkeit.<\/strong>\n\n\n\n\n<p>Lorem Ipsum has been the industry&#8217;s standard dummy text ever since the 1500s.<\/p>\n\n\n\n\n\n\n\n<h2>Die Mission<\/h2>\n\nDie Mission von \u201eIFASTIA\u201c ist zweigeteilt. Zum einen m\u00f6chten wir junge, talentierte Br\u00fcder gewinnen, die die technologische Zukunft der Griechischen Ingenieursgesellschaft pr\u00e4gen werden. Zum anderen wollen wir Ethik und Wissenschaft eng miteinander verbinden. Erstmals basiert die Mitgliedschaft in einer Loge auf der moralischen Integrit\u00e4t des Kandidaten und seinem Bezug zu Technologie und Wissenschaft. So entsteht eine Gemeinschaft, die Ethik und Wissen vereint.\n\n<h2>DIE WERTE<\/h2>\n\nIn \u201eIFASTIA\u201c steht Ethik an erster Stelle. Hauptkriterium f\u00fcr die Aufnahme eines neuen Mitglieds ist seine moralische Integrit\u00e4t. Ebenso wichtig ist jedoch seine technische Ausbildung oder Spezialisierung in den Natur- und Ingenieurwissenschaften. Die Br\u00fcder, die f\u00fcr die Mitgliedschaft in der Loge vorgeschlagen werden, sollten Wissensdurst, technisches K\u00f6nnen und den Wunsch, einen Beitrag zur Gesellschaft und zur EMStE zu leisten, vereinen.\n\n\n\n\n\n<h2>Die Vision<\/h2>\n\nDr. med. Ioannis Benetatos hat die Nationale Gro\u00dfloge zu einer Weltklasse-Gro\u00dfloge geformt und gef\u00fchrt, sodass es nun notwendig ist, ihre technologische Weiterentwicklung zu f\u00f6rdern. Mit der Unterst\u00fctzung der Gr\u00fcndungsbr\u00fcder, des \u201eSauerteigs\u201c des Hephaistos, wird die Grundlage f\u00fcr den Zusammenschluss von Br\u00fcdern geschaffen, die zur modernen Entwicklung der Nationalen Gro\u00dfloge beitragen werden. Im \u201eHEPHAESTUS\u201c ist Technologie nicht nur ein Werkzeug, sondern ein Mittel zur Erleuchtung, zur Br\u00fcderlichkeit und zur Sch\u00f6pfung.\n\n\n\n\n\n\n<p>Lorem Ipsum has been the industry&#8217;s standard dummy text ever since the 1500s.<\/p>\n\n\n\n\n<h2>Wer sind die Br\u00fcder von \u201eIFAISTIA\u201c?<\/h2>\n\n\nDie Br\u00fcder, die an \u201eIFAISTIA\u201c teilnehmen, sind <strong>INNOVATOREN<\/strong>&nbsp; \u03bc\u03b5 \u03c0\u03ac\u03b8\u03bf\u03c2 \u03b3\u03b9\u03b1 \u03c4\u03b7 \u03b3\u03bd\u03ce\u03c3\u03b7 \u03ba\u03b1\u03b9 \u03c4\u03b7 \u03b4\u03b7\u03bc\u03b9\u03bf\u03c5\u03c1\u03b3\u03af\u03b1. \u0395\u03af\u03bd\u03b1\u03b9 \u03bf\u03b9 \u03c3\u03cd\u03b3\u03c7\u03c1\u03bf\u03bd\u03bf\u03b9 \u201c\u03bc\u03b5\u03c4\u03b1\u03bb\u03bb\u03bf\u03c5\u03c1\u03b3\u03bf\u03af\u201d, \u03c0\u03bf\u03c5 \u03b5\u03c1\u03b3\u03ac\u03b6\u03bf\u03bd\u03c4\u03b1\u03b9 \u03b3\u03b9\u03b1 \u03bd\u03b1 \u03b4\u03b7\u03bc\u03b9\u03bf\u03c5\u03c1\u03b3\u03ae\u03c3\u03bf\u03c5\u03bd, \u03bd\u03b1 \u03b2\u03b5\u03bb\u03c4\u03b9\u03ce\u03c3\u03bf\u03c5\u03bd \u03ba\u03b1\u03b9 \u03bd\u03b1 \u03b5\u03bc\u03c0\u03bd\u03b5\u03cd\u03c3\u03bf\u03c5\u03bd. \u038c\u03c0\u03c9\u03c2 \u03bf\u03b9 \u03b1\u03c1\u03c7\u03b1\u03af\u03bf\u03b9 \u03c4\u03b5\u03c7\u03bd\u03af\u03c4\u03b5\u03c2 \u03c4\u03b7\u03c2 \u0397\u03c6\u03b1\u03b9\u03c3\u03c4\u03af\u03b1\u03c2, \u03ad\u03c4\u03c3\u03b9 \u03ba\u03b1\u03b9 \u03bf\u03b9 \u03b1\u03b4\u03b5\u03bb\u03c6\u03bf\u03af \u03bc\u03b1\u03c2 \u03b5\u03c1\u03b3\u03ac\u03b6\u03bf\u03bd\u03c4\u03b1\u03b9 \u03bc\u03b5 \u03b3\u03bd\u03ce\u03bc\u03bf\u03bd\u03b1 \u03c4\u03b7 \u03b3\u03bd\u03ce\u03c3\u03b7, \u03c4\u03b7\u03bd \u03b1\u03bb\u03ae\u03b8\u03b5\u03b9\u03b1 \u03ba\u03b1\u03b9 \u03c4\u03b7\u03bd \u03b1\u03c1\u03bc\u03bf\u03bd\u03af\u03b1.\n\n\n\n\u0397 \u03a3\u03c4\u03bf\u03ac \u201c\u0397\u03a6\u0391\u0399\u03a3\u03a4\u0399\u0391\u201d \u03b4\u03b5\u03bd \u03b5\u03af\u03bd\u03b1\u03b9 \u03b1\u03c0\u03bb\u03ce\u03c2 \u03bc\u03b9\u03b1 \u03ba\u03bf\u03b9\u03bd\u03cc\u03c4\u03b7\u03c4\u03b1\u00b7 \u03b5\u03af\u03bd\u03b1\u03b9 \u03ad\u03bd\u03b1 \u03cc\u03c1\u03b1\u03bc\u03b1 \u03b3\u03b9\u03b1 \u03c4\u03bf \u03bc\u03ad\u03bb\u03bb\u03bf\u03bd. \u0395\u03af\u03bd\u03b1\u03b9 \u03bf \u03c3\u03c5\u03bd\u03b4\u03b5\u03c4\u03b9\u03ba\u03cc\u03c2 \u03ba\u03c1\u03af\u03ba\u03bf\u03c2 \u03bc\u03b5\u03c4\u03b1\u03be\u03cd \u03c4\u03b7\u03c2 \u03b7\u03b8\u03b9\u03ba\u03ae\u03c2 \u03ba\u03b1\u03b9 \u03c4\u03b7\u03c2 \u03b5\u03c0\u03b9\u03c3\u03c4\u03ae\u03bc\u03b7\u03c2, \u03c0\u03bf\u03c5 \u03c0\u03c1\u03bf\u03c3\u03ba\u03b1\u03bb\u03b5\u03af \u03cc\u03bb\u03bf\u03c5\u03c2 \u03c4\u03bf\u03c5\u03c2 \u03b1\u03b4\u03b5\u03bb\u03c6\u03bf\u03cd\u03c2 \u03bd\u03b1 \u03b3\u03af\u03bd\u03bf\u03c5\u03bd \u03bc\u03ad\u03c1\u03bf\u03c2 \u03b1\u03c5\u03c4\u03ae\u03c2 \u03c4\u03b7\u03c2 \u03bc\u03bf\u03bd\u03b1\u03b4\u03b9\u03ba\u03ae\u03c2 \u03b1\u03c0\u03bf\u03c3\u03c4\u03bf\u03bb\u03ae\u03c2. \u039c\u03b5 \u03b3\u03bd\u03ce\u03bc\u03bf\u03bd\u03b1 \u03c4\u03bf \u03ae\u03b8\u03bf\u03c2 \u03ba\u03b1\u03b9 \u03c4\u03b7\u03bd \u03ba\u03b1\u03b9\u03bd\u03bf\u03c4\u03bf\u03bc\u03af\u03b1, \u03c7\u03c4\u03af\u03b6\u03bf\u03c5\u03bc\u03b5 \u03bc\u03b1\u03b6\u03af \u03c4\u03bf \u03b1\u03cd\u03c1\u03b9\u03bf.","protected":false},"excerpt":{"rendered":"","protected":false},"author":1,"featured_media":0,"parent":0,"menu_order":0,"comment_status":"closed","ping_status":"closed","template":"","meta":{"pagelayer_contact_templates":[],"_pagelayer_content":"","footnotes":""},"class_list":["post-6641","page","type-page","status-publish","hentry"],"_links":{"self":[{"href":"https:\/\/nglgreece.org\/de\/wp-json\/wp\/v2\/pages\/6641","targetHints":{"allow":["GET"]}}],"collection":[{"href":"https:\/\/nglgreece.org\/de\/wp-json\/wp\/v2\/pages"}],"about":[{"href":"https:\/\/nglgreece.org\/de\/wp-json\/wp\/v2\/types\/page"}],"author":[{"embeddable":true,"href":"https:\/\/nglgreece.org\/de\/wp-json\/wp\/v2\/users\/1"}],"replies":[{"embeddable":true,"href":"https:\/\/nglgreece.org\/de\/wp-json\/wp\/v2\/comments?post=6641"}],"version-history":[{"count":86,"href":"https:\/\/nglgreece.org\/de\/wp-json\/wp\/v2\/pages\/6641\/revisions"}],"predecessor-version":[{"id":7198,"href":"https:\/\/nglgreece.org\/de\/wp-json\/wp\/v2\/pages\/6641\/revisions\/7198"}],"wp:attachment":[{"href":"https:\/\/nglgreece.org\/de\/wp-json\/wp\/v2\/media?parent=6641"}],"curies":[{"name":"wp","href":"https:\/\/api.w.org\/{rel}","templated":true}]}}