{"id":6073,"date":"2024-12-02T20:44:04","date_gmt":"2024-12-02T20:44:04","guid":{"rendered":"https:\/\/nglgreece.org\/?page_id=6073"},"modified":"2025-05-02T21:04:56","modified_gmt":"2025-05-02T21:04:56","slug":"provinzialgrosloge-von-athen","status":"publish","type":"page","link":"https:\/\/nglgreece.org\/de\/provinzialgrosloge-von-athen\/","title":{"rendered":"P.G.L. OF ATHENS"},"content":{"rendered":"<h2>Wappen der Provinzialgro\u00dfloge von Athen<\/h2>\n\n\n\n\n\n\n\n\n\n\n\n\n\n\n\n\n\n\n\n\n\n\n\n\n\n\n\n\n\n\n\n\n\n\n\n\n\n\n\nDas Wappen der Provinzialloge von Athen ist reich an Symbolik, die in zwei Haupt- und deutlich voneinander abgegrenzte Teile, links und rechts, unterteilt ist.<br\/><br\/>\nAuf der linken Seite sind die drei Hauptstile der altgriechischen Architektur dargestellt. Die dorische Ordnung, Symbol f\u00fcr St\u00e4rke, Schlichtheit und Mut, die korinthische Ordnung, Symbol f\u00fcr Vollkommenheit, Sch\u00f6nheit und k\u00fcnstlerischen Ausdruck, und die ionische Ordnung, Symbol f\u00fcr Weisheit, Zartheit und Sch\u00f6nheit, zieren die linke Seite des Schildes auf wei\u00dfem Grund, der wiederum Frieden, Harmonie und Licht symbolisiert.<br\/><br>\nDarunter befinden sich nur der Gnomon und der Diabetus, Symbole der Freimaurerei, bei denen sich in der Mitte jeweils der Buchstabe G befindet, der den Gro\u00dfen Architekten des Universums symbolisiert. Dieser goldene Mittelpunkt steht f\u00fcr Prestige, g\u00f6ttliche Energie und Optimismus.<br\/><br\/>\nAuf der rechten Seite befindet sich eine Eule, ein uraltes Symbol Athens und unseres kulturellen Erbes, neben einem Olivenzweig, dem universellen Symbol des Friedens.<br\/><br\/>\nDer blaue Hintergrund symbolisiert Stabilit\u00e4t, Spiritualit\u00e4t und Freiheit. Der Lorbeerkranz im letzten Abschnitt steht f\u00fcr Sieg, Ehre und Ewigkeit, die wir nur durch sorgf\u00e4ltige Vorbereitung und Anstrengung erlangen k\u00f6nnen.<br\/><br\/>\n\u03a4\u03ad\u03bb\u03bf\u03c2 \u03c4\u03bf \u03c0\u03bf\u03c1\u03c6\u03c5\u03c1\u03cc \u03c7\u03c1\u03ce\u03bc\u03b1 \u03c0\u03bf\u03c5 \u03ad\u03c7\u03b5\u03b9 \u03b5\u03c0\u03b9\u03bb\u03b5\u03b3\u03b5\u03af \u03b5\u03af\u03bd\u03b1\u03b9 \u03c3\u03cd\u03bc\u03b2\u03bf\u03bb\u03bf \u03c3\u03b5\u03b2\u03b1\u03c3\u03bc\u03bf\u03cd, \u03c0\u03bd\u03b5\u03c5\u03bc\u03b1\u03c4\u03b9\u03ba\u03cc\u03c4\u03b7\u03c4\u03b1\u03c2 \u03ba\u03b1\u03b9 \u03b4\u03b7\u03bc\u03b9\u03bf\u03c5\u03c1\u03b3\u03b9\u03ba\u03cc\u03c4\u03b7\u03c4\u03b1\u03c2.\n\n\n\n\n\n\n\n\n\n\n\n\u03a7\u03b1\u03b9\u03c1\u03b5\u03c4\u03b9\u03c3\u03bc\u03cc\u03c2 \u0395\u03c0.\u039c\u0394 \u0391\u03b8\u03b7\u03bd\u03ce\u03bd\n\n\n\n\n\n\n\n\n\n\u039b\u03bf\u03c5\u03ba\u03ac\u03c2 \u0394\u03bf\u03bc\u03ad\u03c3\u03c4\u03b9\u03c7\u03bf\u03c2\n<p><span style=\"font-size: 16px; color: rgb(89, 89, 89);\">Liebe Br\u00fcder,\n<br><br>\nIm Namen der Provinzialgro\u00dfloge von Athen unter der Schirmherrschaft der Nationalgro\u00dfloge von Griechenland und in meiner Funktion \u00fcbermittle ich Ihnen herzliche Gr\u00fc\u00dfe.\n<br><br>\nUnser freimaurerisches Erbe ist von unsch\u00e4tzbarem Wert und stellt nicht nur ein Privileg, sondern auch unsere gewissenhafte Pflicht dar, es zu bewahren, um es unversehrt an k\u00fcnftige Generationen weiterzugeben.\n<br><br>\nDie Distriktgro\u00dfloge von Athen, als H\u00fcterin der Verfassung der Nationalen Gro\u00dfloge von Griechenland, arbeitet unerm\u00fcdlich f\u00fcr den reibungslosen Ablauf der 31 Symbolischen Logen der Region und die Einhaltung der freimaurerischen Traditionen.\n<br><br>\nDer Provinzialgro\u00dfsekret\u00e4r spielt eine zentrale Rolle bei der Sicherstellung der kontinuierlichen Kommunikation mit den Sekret\u00e4ren der Symbolischen Logen und \u00fcbernimmt die offizielle Rolle bei der \u00dcbermittlung und dem Empfang aller freimaurerischen Angelegenheiten und Handlungen.\n<br><br>\nDie j\u00e4hrliche Gro\u00dfversammlung der Provinzialgro\u00dfloge ist das wichtigste Ereignis. Hier werden der Bericht und die Bewertung der Arbeit des vergangenen Jahres erstellt und auf dieser Grundlage die Gro\u00dfbeamten ernannt.\n<br><br>\nUnsere Hauptaufgabe bleibt die kontinuierliche Unterst\u00fctzung der Arbeit des Gro\u00dfmeisters der Nationalen Gro\u00dfloge f\u00fcr die symbolischen Logen des Athener Raums.\n<br><br>\nMit br\u00fcderlichen Gr\u00fc\u00dfen,\n<br><strong>\nDer Provinzialgro\u00dfmeister von Athen\n<br>\nRev. Ad. Loukas Domestichos<\/span><\/p>\n\n\n\n\n\n\n\n\n\n\n\n\n\n\n\n\n\n\n\n\n<h2>Logen unter der Jurisdiktion der Metropolitanloge von Athen<\/h2>\n\n\n\n\n\n\n1. \u0391\u039a\u03a1\u039f\u03a0\u039f\u039b\u0397 2\n\n\n2. \u0397\u039b\u0399\u039f\u03a4\u03a1\u039f\u03a0\u0399\u039f\u039d 8\n\n\n3. \u0399\u03a3\u0399\u03a3 9\n\n\n4. \u0391\u0398\u0397\u039d\u0391 \u03a3\u039f\u03a6\u0399\u0391 11\n\n\n5. \u0397\u03a1\u0391\u039a\u039b\u0395\u0399\u03a4\u039f\u03a3 10\n\n\n6. GARIBALDI 13\n\n\n7. \u0391\u039d\u0391\u0393\u0395\u039d\u039d\u0397\u03a3\u0399\u03a3 17\n\n\n8. \u0395\u0393\u039a\u0391\u03a4\u0395\u03a3\u03a4\u0397\u039c\u0395\u039d\u03a9\u039d \u03a3\u0395\u0392\u0391\u03a3\u039c\u0399\u03a9\u039d 18\n\n\n9. \u03a4\u03a1\u0399\u03a0\u03a4\u039f\u039b\u0395\u039c\u039f\u03a3 19\n\n\n10. \u0391\u03a4\u03a4\u0399\u039a\u039f\u03a3 \u0391\u03a3\u03a4\u0397\u03a1 21\n\n\n11. \u03a0\u03a5\u0398\u0391\u0393\u039f\u03a1\u0391\u03a3 23\n\n\n12. \u0391\u0394\u0391\u039c\u0391\u039d\u03a4\u0399\u039f\u03a3 \u039a\u039f\u03a1\u0391\u0397\u03a3 42\n\n\n13. ST.GEORGE 52\n\n\n14. \u0391\u03a1\u0393\u03a9 54\n\n\n15. LA FRANCE 58\n\n\n16. \u039f\u039c\u0397\u03a1\u039f\u03a3 59\n\n\n17. \u03a0\u039b\u039f\u03a5\u03a4\u0391\u03a1\u03a7\u039f\u03a3 62\n\n\n18. \u0395\u039b\u039b. \u039e\u0395\u039d\u039f\u0394\u039f\u03a7\u0395\u0399\u039f 67\n\n\n19. \u03a0\u039b\u0391\u03a4\u03a9\u039d 70\n\n\n20. \u039c\u0395\u0393. \u0395\u03a0\u0399\u039c\u0395\u039b\u0397\u03a4\u03a9\u039d 74\n\n\n21. \u039b\u039f\u03a1\u0394\u039f\u03a3 \u0392\u03a5\u03a1\u03a9\u039d 76\n\n\n22. \u0391\u0398\u0397\u039d\u0391 \u03a3\u03a4\u0391\u0398\u039c\u0399\u0391 78\n\n\n23. \u0391\u0393\u0399\u039f\u03a3 \u0399\u03a9\u0391\u039d\u039d\u0397\u03a3 88\n\n\n24. \u039b\u039f\u0393\u039f\u03a3 89\n\n\n25. \u0391\u0398.\u039b\u0395\u03a5\u039a\u0391\u0394\u0399\u03a4\u0397\u03a3 90\n\n\n26. \u0399\u03a3\u039f\u03a4\u0399\u03a3 1882 \u2013 97\n\n\n27. \u03a6\u0395\u03a1\u0394\u0399\u039d\u0391\u039d\u0394\u039f\u03a3 102\n\n\n28. \u03a0\u039b\u0391\u03a4\u03a9\u039d 103\n\n\n29. \u0391\u039a\u03a1\u039f\u03a0\u039f\u039b\u0399\u03a3 104\n\n\n30. \u03a0\u03a1\u039f\u039c\u0397\u0398\u0395\u03a5\u03a3 105\n\n\n31. \u0395\u03a5\u03a1\u03a9\u03a0\u0397 108\n\n\n32. \u03a3\u03a0\u03a5\u03a1\u0399\u0394\u03a9\u039d \u039d\u0391\u0393\u039f\u03a3 111\n\n\n\n\n\n\n\n\n\n<h2>Galerie-Arbeitsprogramm der Handelskammer Athen<\/h2>\n\n\n\n\n{\u201ctitle\u201d:\u201d\u201d,,\u201dcontent\u201d:\u201d<iframe style=\"\\\"border:\" 0;\\\" src=\"\\\"https:><\/iframe>&#8220;}","protected":false},"excerpt":{"rendered":"","protected":false},"author":1,"featured_media":0,"parent":0,"menu_order":0,"comment_status":"closed","ping_status":"closed","template":"","meta":{"pagelayer_contact_templates":[],"_pagelayer_content":"","footnotes":""},"class_list":["post-6073","page","type-page","status-publish","hentry"],"_links":{"self":[{"href":"https:\/\/nglgreece.org\/de\/wp-json\/wp\/v2\/pages\/6073","targetHints":{"allow":["GET"]}}],"collection":[{"href":"https:\/\/nglgreece.org\/de\/wp-json\/wp\/v2\/pages"}],"about":[{"href":"https:\/\/nglgreece.org\/de\/wp-json\/wp\/v2\/types\/page"}],"author":[{"embeddable":true,"href":"https:\/\/nglgreece.org\/de\/wp-json\/wp\/v2\/users\/1"}],"replies":[{"embeddable":true,"href":"https:\/\/nglgreece.org\/de\/wp-json\/wp\/v2\/comments?post=6073"}],"version-history":[{"count":13,"href":"https:\/\/nglgreece.org\/de\/wp-json\/wp\/v2\/pages\/6073\/revisions"}],"predecessor-version":[{"id":7846,"href":"https:\/\/nglgreece.org\/de\/wp-json\/wp\/v2\/pages\/6073\/revisions\/7846"}],"wp:attachment":[{"href":"https:\/\/nglgreece.org\/de\/wp-json\/wp\/v2\/media?parent=6073"}],"curies":[{"name":"wp","href":"https:\/\/api.w.org\/{rel}","templated":true}]}}