{"id":6044,"date":"2024-12-02T18:56:12","date_gmt":"2024-12-02T18:56:12","guid":{"rendered":"https:\/\/nglgreece.org\/?page_id=6044"},"modified":"2025-12-11T19:15:42","modified_gmt":"2025-12-11T19:15:42","slug":"uber-das-handwerk-hinaus","status":"publish","type":"page","link":"https:\/\/nglgreece.org\/de\/uber-das-handwerk-hinaus\/","title":{"rendered":"BEYOND THE CRAFT"},"content":{"rendered":"Jenseits der Gilde\n\n\n\n<p [object namednodemap]>Au\u00dferordentliche Organisationen innerhalb der Freimaurerei bieten neben den symbolischen Graden der Logen zus\u00e4tzliche Lehren, Grade und Zeremonien an. Sie sind mit der Freimaurerei verbunden und konzentrieren sich auf spezielle Aspekte wie den schottischen Typus oder den Royal Arch.<\/p>\n\n\n\n\n<br>PRINZ GROSSER PERISTYLION DER FREIMAHER DES K\u00d6NIGLICHEN BURGS VON GRIECHENLAND * 1977 *\n<br><br><br><br><br>\n\n\n\n\n<br>\nHOHER RAT DES 33. GRADES F\u00dcR GRIECHENLAND DES ALTEN UND ANERKANNTEN SCHOTTISCHEN TYPE\n<br>\n<br><br><br>\n\n\n\n\n<br>\nGROSSE LOGE DER MEISTERMAHERREN DES MARKES VON GRIECHENLAND UND IHRE \u00dcBERSEELLOGE<br>\n<br>\n<br>\n<br>\n\n\n\n\n\n\nGROSSE B\u00dcHNE VON GRIECHENLAND DES VEREINIGTEN RELIGI\u00d6SEN, MILIT\u00c4RISCHEN UND FREIMAURERISCHEN ORDEN DES TEMPELS DES HEILIGEN JOHANNES VON JERUSALEM, PAL\u00c4STINA, ZYPERN, RHODES, KRETA UND MALTA, F\u00dcR GRIECHENLAND UND SEINE GEMEINSCHAFTEN UND VERBUNDENHEITEN IM AUSLAND.\n\n\n\n\n<br>GROSSE KAISERLICHE KO-KATHEDRALEN VON GRIECHENLAND UND SEINER KO-KATHEDRALEN IM AUSLAND DES FREIMAURERISCHEN UND MILIT\u00c4RISCHEN ORDENS VOM ROTEN KREUZ DES K\u00d6NIGLICHEN KONSTATINERS UND DES ORDENS VOM HEILIGEN GRAB UND DES HEILIGEN JOHANNES DES EVANGELISTEN\n\n\n\n<br>\u0395\u03a0\u0391\u03a1\u03a7\u0399\u0391 \u0395\u039b\u039b\u0391\u0394\u039f\u03a3 &#8211; \u03a4\u0395\u039a\u03a4\u039f\u039d\u0399\u039a\u039f \u03a4\u0391\u0393\u039c\u0391 \u03a4\u039f\u03a5 \u0386\u0398\u0395\u039b\u03a3\u03a4\u0391\u039d \u03a3\u03a4\u0397\u039d \u0391\u0393\u0393\u039b\u0399\u0391, \u03a4\u0397\u039d \u039f\u03a5\u0391\u039b\u0399\u0391 \u039a\u0391\u0399 \u03a4\u03a9\u039d \u03a5\u03a0\u0395\u03a1\u03a0\u039f\u039d\u03a4\u0399\u03a9\u039d \u0391\u03a5\u03a4\u039f\u03a5 \u0395\u03a0\u0391\u03a1\u03a7\u0399\u03a9\u039d<br><br><br><br>\n\n\n\n\n\n<br>DER GROSSE RAT DER K\u00d6NIGLICHEN UND GEW\u00c4HLTEN LEHRER GRIECHENLANDS UND SEINE R\u00c4TZE IM AUSLAND<br><br><br><br><br>\n\n\n\n\n<br>Der Orden des Geheimen W\u00e4chters oder die Bruderschaft von David und Jonathan<br><br><strong>Damon &amp; Phintias Konklave Nr. 627<\/strong><br><br><br><br><br><br><br>\n\n\n\n\nDer Alte und Freimaurerische Orden des Scharlachroten Bandes<br><br><strong>Akropolis-Konsistorium Nr. 163<\/strong> <br><br><br><br><br><br><br><br><br><br><br>\n\n\n\n\n\n\n<br><br>RITTERLICHE FREIMAUREREI <br><br><br><br><br><br><br><br><br><br><br>","protected":false},"excerpt":{"rendered":"","protected":false},"author":1,"featured_media":0,"parent":0,"menu_order":0,"comment_status":"closed","ping_status":"closed","template":"","meta":{"pagelayer_contact_templates":[],"_pagelayer_content":"","footnotes":""},"class_list":["post-6044","page","type-page","status-publish","hentry"],"_links":{"self":[{"href":"https:\/\/nglgreece.org\/de\/wp-json\/wp\/v2\/pages\/6044","targetHints":{"allow":["GET"]}}],"collection":[{"href":"https:\/\/nglgreece.org\/de\/wp-json\/wp\/v2\/pages"}],"about":[{"href":"https:\/\/nglgreece.org\/de\/wp-json\/wp\/v2\/types\/page"}],"author":[{"embeddable":true,"href":"https:\/\/nglgreece.org\/de\/wp-json\/wp\/v2\/users\/1"}],"replies":[{"embeddable":true,"href":"https:\/\/nglgreece.org\/de\/wp-json\/wp\/v2\/comments?post=6044"}],"version-history":[{"count":68,"href":"https:\/\/nglgreece.org\/de\/wp-json\/wp\/v2\/pages\/6044\/revisions"}],"predecessor-version":[{"id":8385,"href":"https:\/\/nglgreece.org\/de\/wp-json\/wp\/v2\/pages\/6044\/revisions\/8385"}],"wp:attachment":[{"href":"https:\/\/nglgreece.org\/de\/wp-json\/wp\/v2\/media?parent=6044"}],"curies":[{"name":"wp","href":"https:\/\/api.w.org\/{rel}","templated":true}]}}