{"id":408,"date":"2024-11-24T16:25:20","date_gmt":"2024-11-24T16:25:20","guid":{"rendered":"https:\/\/nglgreece.org\/?page_id=408"},"modified":"2025-06-19T17:48:42","modified_gmt":"2025-06-19T17:48:42","slug":"kalender-der-provinziallogen-der-pirausinseln-des-agaischen-archipels","status":"publish","type":"page","link":"https:\/\/nglgreece.org\/de\/kalender-der-provinziallogen-der-pirausinseln-des-agaischen-archipels\/","title":{"rendered":"KALENDER DER PROVINZIALLOGENS VON PIRAUS UND DEN INSELN DES \u00c4G\u00c4ISCHEN ARCHIPELS"},"content":{"rendered":"<h1>KALENDER DES BEZIRKS GREAT STORIA VON PIRAEUS UND DEN INSELN DES \u00c4G\u00c4ISCHEN ARCHIPELS<\/h1>\n\n\n\n\n{\u201ctitle\u201d:\u201d\u201d,,\u201dcontent\u201d:\u201d<iframe src=\"\\\"https:><\/iframe>&#8220;}","protected":false},"excerpt":{"rendered":"","protected":false},"author":1,"featured_media":0,"parent":0,"menu_order":0,"comment_status":"closed","ping_status":"closed","template":"","meta":{"pagelayer_contact_templates":[],"_pagelayer_content":"","footnotes":""},"class_list":["post-408","page","type-page","status-publish","hentry"],"_links":{"self":[{"href":"https:\/\/nglgreece.org\/de\/wp-json\/wp\/v2\/pages\/408","targetHints":{"allow":["GET"]}}],"collection":[{"href":"https:\/\/nglgreece.org\/de\/wp-json\/wp\/v2\/pages"}],"about":[{"href":"https:\/\/nglgreece.org\/de\/wp-json\/wp\/v2\/types\/page"}],"author":[{"embeddable":true,"href":"https:\/\/nglgreece.org\/de\/wp-json\/wp\/v2\/users\/1"}],"replies":[{"embeddable":true,"href":"https:\/\/nglgreece.org\/de\/wp-json\/wp\/v2\/comments?post=408"}],"version-history":[{"count":7,"href":"https:\/\/nglgreece.org\/de\/wp-json\/wp\/v2\/pages\/408\/revisions"}],"predecessor-version":[{"id":8097,"href":"https:\/\/nglgreece.org\/de\/wp-json\/wp\/v2\/pages\/408\/revisions\/8097"}],"wp:attachment":[{"href":"https:\/\/nglgreece.org\/de\/wp-json\/wp\/v2\/media?parent=408"}],"curies":[{"name":"wp","href":"https:\/\/api.w.org\/{rel}","templated":true}]}}