{"id":315,"date":"2024-11-22T20:53:05","date_gmt":"2024-11-22T20:53:05","guid":{"rendered":"https:\/\/nglgreece.org\/?page_id=315"},"modified":"2024-11-24T18:06:08","modified_gmt":"2024-11-24T18:06:08","slug":"englisches-museum","status":"publish","type":"page","link":"https:\/\/nglgreece.org\/de\/englisches-museum\/","title":{"rendered":"Museum"},"content":{"rendered":"<h2>E.M.S.E. Museum<\/h2>\n\n<strong>Das Freimaurermuseum wurde 2006 gegr\u00fcndet.<\/strong> auf Initiative der Br\u00fcder der \u00e4ltesten Loge Griechenlands, PHOENIX CORFU, und befindet sich im zweiten Stock des in Privatbesitz befindlichen Geb\u00e4udes der Loge auf Korfu und nimmt eine Fl\u00e4che von 70 Quadratmetern ein.<br>\n<br>\nEs beherbergt tektonische Erinnerungsst\u00fccke, sowohl aus der <strong>Phoenix Lodge, gegr\u00fcndet 1818<\/strong>sowie von \u00e4lteren Logen ausl\u00e4ndischer Freimaurerm\u00e4chte, die vom sp\u00e4ten 18. bis zum fr\u00fchen 19. Jahrhundert auf Korfu t\u00e4tig waren.<br><br>\n\n<h6>Eine reichhaltige Freimaurersammlung<\/h6>\n<br>\nZu ihrer reichen Sammlung geh\u00f6ren Erbst\u00fccke der Logen PYTHAGORAS, SAN NAPOLEON, LA PAIX, BENEFICENZA, UNITED BENEFICENZA, Philogenia, PROGRESS, Lefkada Association und anderer, wie zum Beispiel alte Schwerter, Porzellangeschirr, Sch\u00fcrzen und Schmuck, Diplome sowie viele Erinnerungsst\u00fccke aus der Geschichte der Phoenix Lodge von 1818 bis heute.<br><br>\n\n<strong>Ein besonders wichtiges Ausstellungsst\u00fcck ist das einzige Originalstatut der ersten Gro\u00dfloge auf griechischem Gebiet.<\/strong>, von <a href=\"https:\/\/www.irish-freemasonry.org.uk\/CORFU%20Article.pdf\">Das beschauliche Grand Orient Griechenlands<\/a>, geschaffen von Dionysios Romas, zusammen mit seinem Schwert sowie zahlreichen historischen Dokumenten aus dem reichen historischen Freimaurerarchiv der Phoenix Lodge.\n<br><br>\n\nSeit 2013 ist das Freimaurermuseum der Loge Mitglied der Internationalen Vereinigung der Freimaurermuseen, -bibliotheken und -archive.\n<br><br>\n\n\nSie k\u00f6nnen das Griechische Freimaurermuseum besuchen, indem Sie die Foinikas-Loge von Korfu kontaktieren.","protected":false},"excerpt":{"rendered":"","protected":false},"author":1,"featured_media":0,"parent":0,"menu_order":0,"comment_status":"closed","ping_status":"closed","template":"","meta":{"pagelayer_contact_templates":[],"_pagelayer_content":"","footnotes":""},"class_list":["post-315","page","type-page","status-publish","hentry"],"_links":{"self":[{"href":"https:\/\/nglgreece.org\/de\/wp-json\/wp\/v2\/pages\/315","targetHints":{"allow":["GET"]}}],"collection":[{"href":"https:\/\/nglgreece.org\/de\/wp-json\/wp\/v2\/pages"}],"about":[{"href":"https:\/\/nglgreece.org\/de\/wp-json\/wp\/v2\/types\/page"}],"author":[{"embeddable":true,"href":"https:\/\/nglgreece.org\/de\/wp-json\/wp\/v2\/users\/1"}],"replies":[{"embeddable":true,"href":"https:\/\/nglgreece.org\/de\/wp-json\/wp\/v2\/comments?post=315"}],"version-history":[{"count":14,"href":"https:\/\/nglgreece.org\/de\/wp-json\/wp\/v2\/pages\/315\/revisions"}],"predecessor-version":[{"id":466,"href":"https:\/\/nglgreece.org\/de\/wp-json\/wp\/v2\/pages\/315\/revisions\/466"}],"wp:attachment":[{"href":"https:\/\/nglgreece.org\/de\/wp-json\/wp\/v2\/media?parent=315"}],"curies":[{"name":"wp","href":"https:\/\/api.w.org\/{rel}","templated":true}]}}