{"id":199,"date":"2024-11-18T23:10:22","date_gmt":"2024-11-18T23:10:22","guid":{"rendered":"https:\/\/nglgreece.org\/?page_id=199"},"modified":"2026-03-27T12:12:51","modified_gmt":"2026-03-27T12:12:51","slug":"grosmeisterkalender","status":"publish","type":"page","link":"https:\/\/nglgreece.org\/de\/grosmeisterkalender\/","title":{"rendered":"Grand Master&#8217;s Calendar"},"content":{"rendered":"Tagebuch des Gro\u00dfmeisters\n<center><h6>&#038;<\/h6><\/center>\n<center><strong style=\"color: red;\">\n    \u03a0\u03c1\u03ce\u03c4\u03bf\u03c5 \u039c\u03b5\u03b3\u03ac\u03bb\u03bf\u03c5 &#8216;\u0391\u03c1\u03c7\u03bf\u03bd\u03c4\u03bf\u03c2 \u03c3\u03c4\u03bf \u03a5\u03a0\u0391\u03a4\u039f\u039d \u039c\u0395\u0393\u0391 \u03a0\u0395\u03a1\u0399\u03a3\u03a4\u03a5\u039b\u0399\u039f\u039d \u03c4\u03c9\u03bd \u03a4\u0395\u039a\u03a4\u039f\u039d\u03a9\u039d \u03c4\u03b7\u03c2 \u0392\u0391\u03a3\u0399\u039b\u0399\u039a\u0397\u03a3 \u0391\u03a8\u0399\u0394\u039f\u03a3 \u03c4\u03b7\u03c2 \u0395\u039b\u039b\u0391\u0394\u039f\u03a3\n\n<\/strong><\/center>\n\n\n\n\n\n\n\nApril 2027 Punta Cana, Dominikanische Republik\n<br\/>\n<strong>CMI-Generalversammlung und 80. Jahrestag<\/strong>\n\n\n\n\n\n\n\n\n\n2027 Cancun, Mexiko\n<br\/>XXI. Weltkongress der regul\u00e4ren Freimaurer-Gro\u00dflogen<br\/>\n<strong>Gran Logia Del Estado &#8220;Andres Quintana Roo&#8221;<\/strong>\n\n\n\n\n\n\n\n\n\n2026 S\u00fcdafrika<br>\nXX. Weltkongress der regul\u00e4ren Freimaurer-Gro\u00dflogen\n<br>\n<strong>Gro\u00dfloge von S\u00fcdafrika<\/strong>\n\n\n\n\n\n\n\n\n\n5. Dezember 2026, Deutschland<br>\n\nGro\u00dfer Rat<strong><br><\/strong><p data-start=\"204\" data-end=\"276\"><strong data-start=\"204\" data-end=\"276\">Hohes Gro\u00dfperistyle des britischen Royal Arch in Deutschland<\/strong><\/p>\n<p data-start=\"278\" data-end=\"291\"><\/p>\n\n\n\n\n\n\n\n\n\n27. November 2026, Schottland<br>\n\nGro\u00dfer Rat<strong><br>Oberste Gro\u00dfe Peristyl des Heiligen K\u00f6niglichen Bogens von Schottland<\/strong>\n\n\n\n\n\n\n\n\n\n31. Oktober 2026, Istanbul, T\u00fcrkei<br>\n\n10\u03b7 \u0395\u03c5\u03c1\u03c9\u03c0\u03b1\u03ca\u03ba\u03ae \u0394\u03b9\u03ac\u03c3\u03ba\u03b5\u03c8\u03b7 \u039c\u03b5\u03b3\u03ac\u03bb\u03c9\u03bd \u0394\u03b9\u03b4\u03b1\u03c3\u03ba\u03ac\u03bb\u03c9\u03bd\n\n\n\n\n\n\n\n\n\n10 \u039f\u03ba\u03c4\u03c9\u03b2\u03c1\u03af\u03bf\u03c5 2026, \u039b\u03bf\u03bd\u03b4\u03af\u03bd\u03bf, \u0391\u03b3\u03b3\u03bb\u03af\u03b1<br>\n\nEurop\u00e4ische Konferenz der Gro\u00dfsekret\u00e4re und Gro\u00dfkanzler<strong><br>Vereinigte Gro\u00dfloge von England<\/strong>\n\n\n\n\n\n\n\n\n\n3.\u20136. September 2026, Guatemala<br><span style=\"font-family: &quot;Open Sans&quot;; font-size: 16px; font-style: normal; font-variant-ligatures: normal; font-variant-caps: normal; font-weight: 400;\">Gro\u00dfe Versammlung<\/span><br><strong>Gro\u00dfloge von Guatemala<\/strong>\n\n\n\n\n\n\n\n\n\n24.\u201325. Juli 2026, S\u00e3o Paulo, Brasilien<br>\n\nInternationale Konferenz<strong><br>Gro\u00dfartiger Sonnenaufgang von S\u00e3o Paulo<\/strong>\n\n\n\n\n\n\n\n\n\n19. Juni 2026, Schottland<br>\n\nGro\u00dfer Rat<strong><br>Oberste Gro\u00dfe Peristyl des Heiligen K\u00f6niglichen Bogens von Schottland<\/strong>\n\n\n\n\n\n\n\n\n\n23. Mai 2026, Riga, Lettland<br>\n\nGro\u00dfe Versammlung<br><strong>GROSSE GESCHICHTE LETTLANDS<\/strong>\n\n\n\n\n\n\n\n\n\n2. Mai 2026, Tallinn, Estland<br>\n\nGro\u00dfe Versammlung<br><strong>GROSSE GESCHICHTE ESTLANDS<\/strong>\n\n\n\n\n\n\n\n\n\n11. April 2026, Rom, Italien<br>\n\nGro\u00dfe Versammlung<br><strong>NORMALE GROSSE GESCHICHTEN ITALIENS<\/strong>\n\n\n\n\n\n\n\n\n\n27. M\u00e4rz 2026, Surquillo, Peru<br>\n\nGro\u00dfer Rat<strong><br>Oberstes gro\u00dfes Peristyl der Heiligen Basilika von Peru<\/strong>\n\n\n\n\n\n\n\n\n\n25. M\u00e4rz 2026, Lima, Peru<br>\n\nGro\u00dfe Versammlung<br><strong>\nGROSSE GESCHICHTEN VON PERU<\/strong>\n\n\n\n\n\n\n\n\n\n20. M\u00e4rz 2026, Schottland<br>\n\nInstallation<strong><br>Oberste Gro\u00dfe Peristyl des Heiligen K\u00f6niglichen Bogens von Schottland<\/strong>\n\n\n\n\n\n\n\n\n\n7. M\u00e4rz 2026, Antananarivo, Madagaskar<br>\n\nGro\u00dfe Versammlung<br><strong>\nGROSSE NATIONALE B\u00dcHNE VON MADAGASKAR<\/strong>\n\n\n\n\n\n\n\n\n\n27. Februar 2026, Caracas, Venezuela<br>\n\nGro\u00dfe Versammlung<br><strong>\nDIE GROSSE GESCHICHTE VENEZUELA<\/strong>\n\n\n\n\n\n\n\n\n\n4. Februar 2026, Irland<br>\n\nGro\u00dfer Rat<br>\u03a5\u03c0\u03ac\u03c4\u03bf\u03c5 \u039c\u03b5\u03b3\u03ac\u03bb\u03bf\u03c5 \u03a0\u03b5\u03c1\u03b9\u03c3\u03c4\u03c5\u03bb\u03af\u03bf\u03c5 \u03c4\u03b7\u03c2 \u0399\u03b5\u03c1\u03ae\u03c2 \u0392\u03b1\u03c3\u03b9\u03bb\u03b9\u03ba\u03ae\u03c2 \u0391\u03c8\u03af\u03b4\u03b1\u03c2 \u03c4\u03b7\u03c2 \u0399\u03c1\u03bb\u03b1\u03bd\u03b4\u03af\u03b1\u03c2\n\n\n\n\n\n\n\n\n\n31 \u0399\u03b1\u03bd\u03bf\u03c5\u03b1\u03c1\u03af\u03bf\u03c5 2026, \u03a3\u03ac\u03bf \u03a0\u03ac\u03bf\u03bb\u03bf, \u0392\u03c1\u03b1\u03b6\u03b9\u03bb\u03af\u03b1<br>\n\nGro\u00dfe Versammlung<strong><br>Gro\u00dfartiger Sonnenaufgang von S\u00e3o Paulo<\/strong>\n\n\n\n\n\n\n\n\n\n10. Januar 2026, Kongo<br>\n\nGro\u00dfe Versammlung<strong><br>Gro\u00dfloge von Kongo<\/strong>\n\n\n\n\n\n\n\n\n\n13. Dezember 2025, Rom, Italien\n<br>\nGro\u00dfe Versammlung\n<br>\n\u039a\u0391\u039d\u039f\u039d\u0399\u039a\u0397 \u039c\u0395\u0393\u0391\u039b\u0397 \u03a3\u03a4\u039f\u0391 \u03a4\u0397\u03a3 \u0399\u03a4\u0391\u039b\u0399\u0391\u03a3\n\n\n\n\n\n\n\n\n\n6 \u0394\u03b5\u03ba\u03b5\u03bc\u03b2\u03c1\u03af\u03bf\u03c5 2025, \u03a4\u03af\u03c1\u03b1\u03bd\u03b1, \u0391\u03bb\u03b2\u03b1\u03bd\u03af\u03b1<br>\n\nGro\u00dfe Versammlung<br><strong>\nGROSSE GESCHICHTEN ALBANIENS<\/strong>\n\n\n\n\n\n\n\n\n\n5.-6. Dezember 2025, Paderborn, Deutschland<div>&nbsp;Gro\u00dfer Rat<br>\n\nOberster Gro\u00dfperistil der britischen Freimaurerei des Royal Arch in Deutschland<br><\/div>\n\n\n\n\n\n\n\n\n\n28. November 2025, Schottland<br>\n\nGro\u00dfer Rat<br>\u03a5\u03c0\u03ac\u03c4\u03bf\u03c5 \u039c\u03b5\u03b3\u03ac\u03bb\u03bf\u03c5 \u03a0\u03b5\u03c1\u03b9\u03c3\u03c4\u03c5\u03bb\u03af\u03bf\u03c5 \u03c4\u03b7\u03c2 \u0399\u03b5\u03c1\u03ae\u03c2 \u0392\u03b1\u03c3\u03b9\u03bb\u03b9\u03ba\u03ae\u03c2 \u0391\u03c8\u03af\u03b4\u03b1\u03c2 \u03c4\u03b7\u03c2 \u03a3\u03ba\u03c9\u03c4\u03af\u03b1\u03c2\n\n\n\n\n\n\n\n\n\n27 \u039d\u03bf\u03b5\u03bc\u03b2\u03c1\u03af\u03bf\u03c5 2025, \u0395\u03b4\u03b9\u03bc\u03b2\u03bf\u03cd\u03c1\u03b3\u03bf, \u03a3\u03ba\u03c9\u03c4\u03af\u03b1  \n<br\/>\n\n\u039c\u03b5\u03b3\u03ac\u03bb\u03b7 \u03a3\u03c5\u03bd\u03ad\u03bb\u03b5\u03c5\u03c3\u03b7 &#8211; \u0395\u03b3\u03ba\u03b1\u03c4\u03ac\u03c3\u03c4\u03b1\u03c3\u03b7 \u039d\u03ad\u03bf\u03c5 \u039c\u03b5\u03b3\u03ac\u03bb\u03bf\u03c5 \u0394\u03b9\u03b4\u03b1\u03c3\u03ba\u03ac\u03bb\u03bf\u03c5<br\/>\n\u039c\u03b5\u03b3\u03ac\u03bb\u03b7 \u03a3\u03c4\u03bf\u03ac \u03c4\u03c9\u03bd \u0391\u03c1\u03c7\u03b1\u03af\u03c9\u03bd \u0395\u03bb\u03b5\u03c5\u03b8\u03ad\u03c1\u03c9\u03bd \u03ba\u03b1\u03b9 \u0391\u03c0\u03bf\u03b4\u03b5\u03b4\u03b5\u03b3\u03bc\u03ad\u03bd\u03c9\u03bd \u03a4\u03b5\u03ba\u03c4\u03cc\u03bd\u03c9\u03bd \u03c4\u03b7\u03c2 \u03a3\u03ba\u03c9\u03c4\u03af\u03b1\u03c2\n\n\n\n\n\n\n\n\n\n5 \u039d\u03bf\u03b5\u03bc\u03b2\u03c1\u03af\u03bf\u03c5 2025, \u0394\u03bf\u03c5\u03b2\u03bb\u03af\u03bd\u03bf, \u0399\u03c1\u03bb\u03b1\u03bd\u03b4\u03af\u03b1<br>\n\nGro\u00dfer Rat<br>\u03a5\u03c0\u03ac\u03c4\u03bf\u03c5 \u039c\u03b5\u03b3\u03ac\u03bb\u03bf\u03c5 \u03a0\u03b5\u03c1\u03b9\u03c3\u03c4\u03c5\u03bb\u03af\u03bf\u03c5 \u03c4\u03b7\u03c2 \u0399\u03b5\u03c1\u03ae\u03c2 \u0392\u03b1\u03c3\u03b9\u03bb\u03b9\u03ba\u03ae\u03c2 \u0391\u03c8\u03af\u03b4\u03b1\u03c2.\n\n\n\n\n\n\n\n\n\n30 \u039f\u03ba\u03c4\u03c9\u03b2\u03c1\u03af\u03bf\u03c5 2025, \u0395\u03b4\u03b9\u03bc\u03b2\u03bf\u03cd\u03c1\u03b3\u03bf, \u03a3\u03ba\u03c9\u03c4\u03af\u03b1  \n<br\/>\n\nGro\u00dfe Versammlung<br\/>\n\u039c\u03b5\u03b3\u03ac\u03bb\u03b7 \u03a3\u03c4\u03bf\u03ac \u03c4\u03c9\u03bd \u0391\u03c1\u03c7\u03b1\u03af\u03c9\u03bd \u0395\u03bb\u03b5\u03c5\u03b8\u03ad\u03c1\u03c9\u03bd \u03ba\u03b1\u03b9 \u0391\u03c0\u03bf\u03b4\u03b5\u03b4\u03b5\u03b3\u03bc\u03ad\u03bd\u03c9\u03bd \u03a4\u03b5\u03ba\u03c4\u03cc\u03bd\u03c9\u03bd \u03c4\u03b7\u03c2 \u03a3\u03ba\u03c9\u03c4\u03af\u03b1\u03c2\n\n\n\n\n\n\n\n\n\n22-24 \u0399\u03bf\u03c5\u03bd\u03af\u03bf\u03c5 2025, \u0394\u03bf\u03c5\u03b2\u03bb\u03af\u03bd\u03bf, \u0399\u03c1\u03bb\u03b1\u03bd\u03b4\u03af\u03b1<br\/>\n\u03a4\u03c1\u03b9\u03b1\u03ba\u03bf\u03c3\u03b9\u03bf\u03c3\u03c4\u03ae \u0395\u03c0\u03ad\u03c4\u03b5\u03b9\u03bf\u03c2 \u03c4\u03b7\u03c2 \u039c\u03b5\u03b3\u03ac\u03bb\u03b7\u03c2 \u03a3\u03c4\u03bf\u03ac\u03c2 \u03c4\u03b7\u03c2 \u0399\u03c1\u03bb\u03b1\u03bd\u03b4\u03af\u03b1\u03c2\n\n\n\n\n\n\n\n\n\n12-15 \u0399\u03bf\u03c5\u03bd\u03af\u03bf\u03c5 2025, \u0396\u03ad\u03b9\u03c3\u03c4, \u039f\u03bb\u03bb\u03b1\u03bd\u03b4\u03af\u03b1<br>\n\nGro\u00dfer Rat<br\/>\n75\u03b7 \u0395\u03c0\u03ad\u03c4\u03b5\u03b9\u03bf\u03c2 \u03c4\u03bf\u03c5 \u03a5\u03c0\u03ac\u03c4\u03bf\u03c5 \u039c\u03b5\u03b3\u03ac\u03bb\u03bf\u03c5 \u03a0\u03b5\u03c1\u03b9\u03c3\u03c4\u03c5\u03bb\u03af\u03bf\u03c5 \u03c4\u03b7\u03c2 \u0399\u03b5\u03c1\u03ae\u03c2 \u0392\u03b1\u03c3\u03b9\u03bb\u03b9\u03ba\u03ae\u03c2 \u0391\u03c8\u03af\u03b4\u03b1\u03c2.\n\n\n\n\n\n\n\n\n\n12 \u0399\u03bf\u03c5\u03bd\u03af\u03bf\u03c5 2025, \u0395\u03b4\u03b9\u03bc\u03b2\u03bf\u03cd\u03c1\u03b3\u03bf, \u03a3\u03ba\u03c9\u03c4\u03af\u03b1  \n<br\/>\n\nGro\u00dfe Versammlung<br\/>\n\u039c\u03b5\u03b3\u03ac\u03bb\u03b7 \u03a3\u03c4\u03bf\u03ac \u03c4\u03c9\u03bd \u0391\u03c1\u03c7\u03b1\u03af\u03c9\u03bd \u0395\u03bb\u03b5\u03c5\u03b8\u03ad\u03c1\u03c9\u03bd \u03ba\u03b1\u03b9 \u0391\u03c0\u03bf\u03b4\u03b5\u03b4\u03b5\u03b3\u03bc\u03ad\u03bd\u03c9\u03bd \u03a4\u03b5\u03ba\u03c4\u03cc\u03bd\u03c9\u03bd \u03c4\u03b7\u03c2 \u03a3\u03ba\u03c9\u03c4\u03af\u03b1\u03c2\n\n\n\n\n\n\n\n\n\n7 \u0399\u03bf\u03c5\u03bd\u03af\u03bf\u03c5 2025, \u0391\u03bd\u03b4\u03cc\u03c1\u03c1\u03b1  \n<br>\n\nGro\u00dfe Versammlung<br>\n\u039c\u03b5\u03b3\u03ac\u03bb\u03b7 \u03a3\u03c4\u03bf\u03ac \u03c4\u03b7\u03c2 \u0391\u03bd\u03b4\u03cc\u03c1\u03c1\u03b1\u03c2\n\n\n\n\n\n\n\n\n\n3 \u039c\u03b1\u0390\u03bf\u03c5 2025, \u03a4\u03b1\u03bb\u03af\u03bd, \u0395\u03c3\u03b8\u03bf\u03bd\u03af\u03b1<br\/>\n\nGro\u00dfe Versammlung<br\/>\n\u039c\u03b5\u03b3\u03ac\u03bb\u03b7 \u03a3\u03c4\u03bf\u03ac \u03c4\u03b7\u03c2 \u0395\u03c3\u03b8\u03bf\u03bd\u03af\u03b1\u03c2\n\n\n\n\n\n\n\n\n\n2-4 \u039c\u03b1\u0390\u03bf\u03c5 2025, \u039c\u03b5\u03bb\u03b2\u03bf\u03cd\u03c1\u03bd\u03b7, \u0391\u03c5\u03c3\u03c4\u03c1\u03b1\u03bb\u03af\u03b1<br>\n\nGro\u00dfer Rat<br\/>\n\u03a5\u03c0\u03ac\u03c4\u03bf \u039c\u03ad\u03b3\u03b1 \u03a0\u03b5\u03c1\u03b9\u03c3\u03c4\u03cd\u03bb\u03b9\u03bf \u03c4\u03b7\u03c2 \u0392\u03b1\u03c3\u03b9\u03bb\u03b9\u03ba\u03ae\u03c2 \u0391\u03c8\u03af\u03b4\u03b1\u03c2 \u03c4\u03b7\u03c2 \u0392\u03b9\u03ba\u03c4\u03ce\u03c1\u03b9\u03b1\u03c2\n\n\n\n\n\n\n\n\n\n11-13 \u0391\u03c0\u03c1\u03b9\u03bb\u03af\u03bf\u03c5 2025, \u03a3\u03b1\u03c1\u03ac\u03b3\u03b5\u03b2\u03bf, \u0392\u03bf\u03c3\u03bd\u03af\u03b1 \u03ba\u03b1\u03b9 \u0395\u03c1\u03b6\u03b5\u03b3\u03bf\u03b2\u03af\u03bd\u03b7<br\/>\n\n20. Jahrestag der Gro\u00dfloge von Bosnien und Herzegowina<br\/>\nUnd\n<br\/>25\u03b7 \u0395\u03c0\u03ad\u03c4\u03b5\u03b9\u03bf\u03c2 \u03c4\u03bf\u03c5 \u03a4\u03b5\u03ba\u03c4\u03bf\u03bd\u03b9\u03c3\u03bc\u03bf\u03cd \u03c3\u03c4\u03b7 \u0392\u03bf\u03c3\u03bd\u03af\u03b1 \u03ba\u03b1\u03b9 \u0395\u03c1\u03b6\u03b5\u03b3\u03bf\u03b2\u03af\u03bd\u03b7.\n\n\n\n\n\n\n\n\n\n21 \u039c\u03b1\u03c1\u03c4\u03af\u03bf\u03c5 2025, \u0395\u03b4\u03b9\u03bc\u03b2\u03bf\u03cd\u03c1\u03b3\u03bf, \u03a3\u03ba\u03c9\u03c4\u03af\u03b1<br\/>\nGro\u00dfer Rat<br\/>\n\u03a5\u03c0\u03ac\u03c4\u03bf \u039c\u03ad\u03b3\u03b1 \u03a0\u03b5\u03c1\u03b9\u03c3\u03c4\u03cd\u03bb\u03b9\u03bf \u03c4\u03b7\u03c2 \u0392\u03b1\u03c3\u03b9\u03bb\u03b9\u03ba\u03ae\u03c2 \u0391\u03c8\u03af\u03b4\u03b1\u03c2 \u03c4\u03b7\u03c2 \u03a3\u03ba\u03c9\u03c4\u03af\u03b1\u03c2\n\n\n\n\n\n\n\n\n\n14-16 \u039c\u03b1\u03c1\u03c4\u03af\u03bf\u03c5 2025, \u039c\u03bf\u03bd\u03b1\u03ba\u03cc <br\/>\nGro\u00dfe Versammlung\n<br\/>\nNationale kanonische Gro\u00dfloge des F\u00fcrstentums Monaco.  \n<br\/>\n\n\n\n\n\n\n\n\n\n1 \u039c\u03b1\u03c1\u03c4\u03af\u03bf\u03c5 2025, \u03a0\u03bf\u03c5\u03ad\u03bc\u03c0\u03bb\u03bf \u039b\u03af\u03bc\u03c0\u03c1\u03b5<\/b>, \u03a0\u03b5\u03c1\u03bf\u03cd<br>\u0395\u03c0\u03b5\u03c4\u03b5\u03b9\u03b1\u03ba\u03ae \u03a4\u03b5\u03bb\u03b5\u03c4\u03ae &amp;&nbsp;<\/b>Gro\u00dfer Rat<br>\n\u03a5\u03c0\u03ac\u03c4\u03bf \u039c\u03ad\u03b3\u03b1 \u03a0\u03b5\u03c1\u03b9\u03c3\u03c4\u03cd\u03bb\u03b9\u03bf \u03c4\u03bf\u03c5 \u03a0\u03b5\u03c1\u03bf\u03cd \u03c4\u03b7\u03c2 \u0392\u03b1\u03c3\u03b9\u03bb\u03b9\u03ba\u03ae\u03c2 \u0391\u03c8\u03af\u03b4\u03b1\u03c2 \u03c4\u03b7\u03c2 \u0399\u03b5\u03c1\u03bf\u03c5\u03c3\u03b1\u03bb\u03ae\u03bc\n\n\n\n\n\n\n\n\n\n4-5 \u03a6\u03b5\u03b2\u03c1\u03bf\u03c5\u03b1\u03c1\u03af\u03bf\u03c5 2025, \u0394\u03bf\u03c5\u03b2\u03bb\u03af\u03bd\u03bf, \u0399\u03c1\u03bb\u03b1\u03bd\u03b4\u03af\u03b1<br\/>\nGro\u00dfer Rat<br\/>\n\u03a5\u03c0\u03ac\u03c4\u03bf \u039c\u03ad\u03b3\u03b1 \u03a0\u03b5\u03c1\u03b9\u03c3\u03c4\u03cd\u03bb\u03b9\u03bf \u03c4\u03b7\u03c2 \u0392\u03b1\u03c3\u03b9\u03bb\u03b9\u03ba\u03ae\u03c2 \u0391\u03c8\u03af\u03b4\u03b1\u03c2 \u03c4\u03b7\u03c2 \u0399\u03c1\u03bb\u03b1\u03bd\u03b4\u03af\u03b1\u03c2\n\n\n\n\n\n\n\n\n\n14 \u0394\u03b5\u03ba\u03b5\u03bc\u03b2\u03c1\u03af\u03bf\u03c5 2024, \u03a4\u03bf\u03c1\u03af\u03bd\u03bf, \u0399\u03c4\u03b1\u03bb\u03af\u03b1  \n<br>\nRegionale Gro\u00dfloge des Piemont und des Aostatals  \n<br>\n\u039a\u03b1\u03bd\u03bf\u03bd\u03b9\u03ba\u03ae \u039c\u03b5\u03b3\u03ac\u03bb\u03b7 \u03a3\u03c4\u03bf\u03ac \u03c4\u03b7\u03c2 \u0399\u03c4\u03b1\u03bb\u03af\u03b1\u03c2\n\n\n\n\n\n\n\n\n\n7 \u0394\u03b5\u03ba\u03b5\u03bc\u03b2\u03c1\u03af\u03bf\u03c5 2024, \u03a1\u03ac\u03c4\u03b9\u03bd\u03b3\u03ba\u03b5\u03bd, \u0393\u03b5\u03c1\u03bc\u03b1\u03bd\u03af\u03b1\n<br>\nGro\u00dfer Rat<br>\n\nOberster Gro\u00dfperistil der britischen Freimaurerei des Royal Arch in Deutschland<br>\n\n\n\n\n\n\n\n\n\n27 \u03ad\u03c9\u03c2 30 \u039d\u03bf\u03b5\u03bc\u03b2\u03c1\u03af\u03bf\u03c5 2024, \u03a6\u03bf\u03c2 \u03bd\u03c4\u03bf \u0399\u03b3\u03ba\u03bf\u03c5\u03b1\u03c3\u03bf\u03cd &#8211; \u03a0\u03b1\u03c1\u03b1\u03bd\u03ac, \u0392\u03c1\u03b1\u03b6\u03b9\u03bb\u03af\u03b1<br>\n\nXIX \u03a0\u03b1\u03b3\u03ba\u03cc\u03c3\u03bc\u03b9\u03bf \u03a3\u03c5\u03bd\u03ad\u03b4\u03c1\u03b9\u03bf \u039a\u03b1\u03bd\u03bf\u03bd\u03b9\u03ba\u03ce\u03bd \u03a4\u03b5\u03ba\u03c4\u03bf\u03bd\u03b9\u03ba\u03ce\u03bd \u039c\u03b5\u03b3\u03ac\u03bb\u03c9\u03bd \u03a3\u03c4\u03bf\u03ce\u03bd &#8211; \u039c\u03ad\u03b3\u03b1\u03c2 \u0391\u03bd\u03b1\u03c4\u03bf\u03bb\u03ae \u03c4\u03bf\u03c5 \u03a0\u03b1\u03c1\u03b1\u03bd\u03ac.<br>  \nInstallation des Gro\u00dfmeisters des Gro\u00dforients von Paran\u00e1: 1. Dezember (Sonntagmorgen) \u2013 Gro\u00dfmeister und Delegationen.<br>\n\nVerabschiedung der Delegationen: 1. Dezember (Sonntagnachmittag) und 2. Dezember (Montag ganzt\u00e4gig)<br>\n\n\u0397 \u0395\u03b8\u03bd\u03b9\u03ba\u03ae \u039c\u03b5\u03b3\u03ac\u03bb\u03b7 \u03a3\u03c4\u03bf\u03ac \u03c4\u03b7\u03c2 \u0395\u03bb\u03bb\u03ac\u03b4\u03bf\u03c2 \u03b8\u03b1 \u03c8\u03b7\u03c6\u03af\u03c3\u03b5\u03b9 \u03b3\u03b9\u03b1 \u03c4\u03bf\u03bd \u03c5\u03c0\u03bf\u03c8\u03ae\u03c6\u03b9\u03bf \u03c0\u03bf\u03c5 \u03b8\u03b1 \u03b1\u03bd\u03b1\u03bb\u03ac\u03b2\u03b5\u03b9 \u03c4\u03b7 \u03b4\u03b9\u03bf\u03c1\u03b3\u03ac\u03bd\u03c9\u03c3\u03b7 \u03c4\u03bf\u03c5 XXI \u03a0\u03b1\u03b3\u03ba\u03bf\u03c3\u03bc\u03af\u03bf\u03c5 \u03a3\u03c5\u03bd\u03b5\u03b4\u03c1\u03af\u03bf\u03c5, \u03c4\u03bf \u03bf\u03c0\u03bf\u03af\u03bf \u03b8\u03b1 \u03c0\u03c1\u03b1\u03b3\u03bc\u03b1\u03c4\u03bf\u03c0\u03bf\u03b9\u03b7\u03b8\u03b5\u03af \u03c3\u03c4\u03b7 \u0392\u03cc\u03c1\u03b5\u03b9\u03b1 \u0391\u03bc\u03b5\u03c1\u03b9\u03ba\u03ae \u03c4\u03bf\u03bd \u039d\u03bf\u03ad\u03bc\u03b2\u03c1\u03b9\u03bf \u03c4\u03bf\u03c5 2027.\n\n\n\n\n\n\n\n\n\n\u03a3\u03ac\u03b2\u03b2\u03b1\u03c4\u03bf, 23 \u039d\u03bf\u03b5\u03bc\u03b2\u03c1\u03af\u03bf\u03c5 2024.  \n<br\/>\nDie Jahreshauptversammlung findet in Ouagadougou (Burkina Faso) statt.  \n<br\/>\n\u039c\u03b5\u03b3\u03ac\u03bb\u03b7 \u03a3\u03c4\u03bf\u03ac \u03c4\u03b7\u03c2 \u039c\u03c0\u03bf\u03c5\u03c1\u03ba\u03af\u03bd\u03b1 \u03a6\u03ac\u03c3\u03bf.\n\n\n\n\n\n\n\n\n\n23 \u03ad\u03c9\u03c2 27 \u039f\u03ba\u03c4\u03c9\u03b2\u03c1\u03af\u03bf\u03c5 2024, \u039c\u03b1\u03bd\u03ac\u03b3\u03ba\u03bf\u03c5\u03b1, \u039d\u03b9\u03ba\u03b1\u03c1\u03ac\u03b3\u03bf\u03c5\u03b1<br\/>\n\nCOMACA 2024  \n<br\/>\n\u0394\u03b9\u03bf\u03c1\u03b3\u03b1\u03bd\u03c9\u03c4\u03ae\u03c2: \u039a\u03c5\u03c1\u03af\u03b1\u03c1\u03c7\u03b7 \u039c\u03b5\u03b3\u03ac\u03bb\u03b7 \u03a3\u03c5\u03bc\u03b2\u03bf\u03bb\u03b9\u03ba\u03ae \u03a3\u03c4\u03bf\u03ac \u03c4\u03b7\u03c2 \u039d\u03b9\u03ba\u03b1\u03c1\u03ac\u03b3\u03bf\u03c5\u03b1\n\n\n\n\n\n\n\n\n\n\u03a3\u03ac\u03b2\u03b2\u03b1\u03c4\u03bf, 19 \u039f\u03ba\u03c4\u03c9\u03b2\u03c1\u03af\u03bf\u03c5 2024, \u03c3\u03c4\u03b9\u03c2 14:30, \u03a1\u03ce\u03bc\u03b7, \u0399\u03c4\u03b1\u03bb\u03af\u03b1.  \n<br\/>\nBekanntmachung der zweiten Mitteilung der Gro\u00dfloge 2024  \n<br\/>\n\u039a\u03b1\u03bd\u03bf\u03bd\u03b9\u03ba\u03ae \u039c\u03b5\u03b3\u03ac\u03bb\u03b7 \u03a3\u03c4\u03bf\u03ac \u03c4\u03b7\u03c2 \u0399\u03c4\u03b1\u03bb\u03af\u03b1\u03c2\n\n\n\n\n\n\n\n\n\n\u03a0\u03b1\u03c1\u03b1\u03c3\u03ba\u03b5\u03c5\u03ae 11 \u039f\u03ba\u03c4\u03c9\u03b2\u03c1\u03af\u03bf\u03c5 &#038; \u03a3\u03ac\u03b2\u03b2\u03b1\u03c4\u03bf 12 \u039f\u03ba\u03c4\u03c9\u03b2\u03c1\u03af\u03bf\u03c5 2024, \u0395\u03b4\u03b9\u03bc\u03b2\u03bf\u03cd\u03c1\u03b3\u03bf, \u03a3\u03ba\u03c9\u03c4\u03af\u03b1  \n<br\/>\n\n35\u03b7 \u0395\u03c5\u03c1\u03c9\u03c0\u03b1\u03ca\u03ba\u03ae \u0394\u03b9\u03ac\u03c3\u03ba\u03b5\u03c8\u03b7 \u039c\u03b5\u03b3\u03ac\u03bb\u03c9\u03bd \u0393\u03c1\u03b1\u03bc\u03bc\u03b1\u03c4\u03ad\u03c9\u03bd &#038; \u039c\u03b5\u03b3\u03ac\u03bb\u03c9\u03bd \u039a\u03b1\u03b3\u03ba\u03b5\u03bb\u03b1\u03c1\u03af\u03c9\u03bd  \n<br\/>\n\u039c\u03b5\u03b3\u03ac\u03bb\u03b7 \u03a3\u03c4\u03bf\u03ac \u03c4\u03c9\u03bd \u0391\u03c1\u03c7\u03b1\u03af\u03c9\u03bd \u0395\u03bb\u03b5\u03c5\u03b8\u03ad\u03c1\u03c9\u03bd \u03ba\u03b1\u03b9 \u0391\u03c0\u03bf\u03b4\u03b5\u03b4\u03b5\u03b3\u03bc\u03ad\u03bd\u03c9\u03bd \u03a4\u03b5\u03ba\u03c4\u03cc\u03bd\u03c9\u03bd \u03c4\u03b7\u03c2 \u03a3\u03ba\u03c9\u03c4\u03af\u03b1\u03c2\n\n\n\n\n\n\n\n\n\n\u039c\u03b5\u03b3\u03ac\u03bb\u03b7 \u03a3\u03cd\u03bd\u03bf\u03b4\u03bf\u03c2\n<br\/>Samstag, 28. September 2024, Kapstadt, S\u00fcdafrika  \n<br\/>\n\n\u03a5\u03a0\u0391\u03a4\u039f \u039c\u0395\u0393\u0391 \u03a0\u0395\u03a1\u0399\u03a3\u03a4\u03a5\u039b\u0399\u039f \u03a4\u0397\u03a3 \u0399\u0395\u03a1\u0397\u03a3 \u0392\u0391\u03a3\u0399\u039b\u0399\u039a\u0397\u03a3 \u0391\u03a8\u0399\u0394\u0391\u03a3 \u03a4\u0397\u03a3 \u039d\u039f\u03a4\u0399\u0391\u03a3 \u0391\u03a6\u03a1\u0399\u039a\u0397\u03a3\n\n\n\n\n\n\n\n\n\n19-22 \u03a3\u03b5\u03c0\u03c4\u03b5\u03bc\u03b2\u03c1\u03af\u03bf\u03c5 2024, \u03a3\u03b1\u03bd \u03a3\u03b1\u03bb\u03b2\u03b1\u03b4\u03cc\u03c1, \u0395\u03bb \u03a3\u03b1\u03bb\u03b2\u03b1\u03b4\u03cc\u03c1  \n<br\/>\n\nCOMACA LVII  \n<br\/>\n\u039c\u03b5\u03b3\u03ac\u03bb\u03b7 \u03a3\u03c4\u03bf\u03ac Cuscatlan \u03c4\u03bf\u03c5 \u0391\u03bd\u03b1\u03c4\u03bf\u03bb\u03b9\u03ba\u03bf\u03cd \u0395\u03bb \u03a3\u03b1\u03bb\u03b2\u03b1\u03b4\u03cc\u03c1\n\n\n\n\n\n\n\n\n\n31 \u0391\u03c5\u03b3\u03bf\u03cd\u03c3\u03c4\u03bf\u03c5 2024, \u03c3\u03c4\u03b9\u03c2 14:00, \u03a4\u03b1\u03bb\u03af\u03bd, \u0395\u03c3\u03b8\u03bf\u03bd\u03af\u03b1  \n<br\/>\nGro\u00dfer Rat\n<br\/>\n\u039c\u03b5\u03b3\u03ac\u03bb\u03bf \u03a0\u03b5\u03c1\u03b9\u03c3\u03c4\u03cd\u03bb\u03b9\u03bf \u03c4\u03c9\u03bd \u03a4\u03b5\u03ba\u03c4\u03cc\u03bd\u03c9\u03bd \u03c4\u03b7\u03c2 \u0392\u03b1\u03c3\u03b9\u03bb\u03b9\u03ba\u03ae\u03c2 \u0391\u03c8\u03af\u03b4\u03b1\u03c2 \u03c4\u03b7\u03c2 \u0395\u03c3\u03b8\u03bf\u03bd\u03af\u03b1\u03c2\n\n\n\n\n\n\n\n\n\n25-28 \u0391\u03c0\u03c1\u03b9\u03bb\u03af\u03bf\u03c5 2024  \n<br\/>\nCartagena, Kolumbien  \n<br\/>\n\u0395\u03c0\u03b9\u03c3\u03ba\u03ad\u03c0\u03c4\u03b5\u03c2 \u03c3\u03c4\u03b7\u03bd 27\u03b7 \u03a4\u03c1\u03b9\u03b5\u03c4\u03ae \u0394\u03b9\u03b5\u03b8\u03bd\u03ae \u03a3\u03c5\u03bd\u03ad\u03bb\u03b5\u03c5\u03c3\u03b7 \u03c4\u03bf\u03c5 CMI\n\n\n\n\n\n\n\n\n\n21 \u039f\u03ba\u03c4\u03c9\u03b2\u03c1\u03af\u03bf\u03c5 2023  \n<br\/>\nPunta Cana, Dominikanische Republik  \n<\/br>\nBesucher der j\u00e4hrlichen CMI-Zone-II-Treffen","protected":false},"excerpt":{"rendered":"","protected":false},"author":1,"featured_media":0,"parent":0,"menu_order":0,"comment_status":"closed","ping_status":"closed","template":"","meta":{"pagelayer_contact_templates":[],"_pagelayer_content":"","footnotes":""},"class_list":["post-199","page","type-page","status-publish","hentry"],"_links":{"self":[{"href":"https:\/\/nglgreece.org\/de\/wp-json\/wp\/v2\/pages\/199","targetHints":{"allow":["GET"]}}],"collection":[{"href":"https:\/\/nglgreece.org\/de\/wp-json\/wp\/v2\/pages"}],"about":[{"href":"https:\/\/nglgreece.org\/de\/wp-json\/wp\/v2\/types\/page"}],"author":[{"embeddable":true,"href":"https:\/\/nglgreece.org\/de\/wp-json\/wp\/v2\/users\/1"}],"replies":[{"embeddable":true,"href":"https:\/\/nglgreece.org\/de\/wp-json\/wp\/v2\/comments?post=199"}],"version-history":[{"count":157,"href":"https:\/\/nglgreece.org\/de\/wp-json\/wp\/v2\/pages\/199\/revisions"}],"predecessor-version":[{"id":8579,"href":"https:\/\/nglgreece.org\/de\/wp-json\/wp\/v2\/pages\/199\/revisions\/8579"}],"wp:attachment":[{"href":"https:\/\/nglgreece.org\/de\/wp-json\/wp\/v2\/media?parent=199"}],"curies":[{"name":"wp","href":"https:\/\/api.w.org\/{rel}","templated":true}]}}