{"id":112,"date":"2024-11-18T23:10:35","date_gmt":"2024-11-18T23:10:35","guid":{"rendered":"https:\/\/nglgreece.org\/?page_id=112"},"modified":"2025-06-19T17:24:39","modified_gmt":"2025-06-19T17:24:39","slug":"groskanzler","status":"publish","type":"page","link":"https:\/\/nglgreece.org\/de\/groskanzler\/","title":{"rendered":"Grand Chancellor"},"content":{"rendered":"Der Gro\u00dfmeister der Nationalen Gro\u00dfloge von Griechenland, Ehrw\u00fcrdigster Bruder <span>John Benetatos<\/span>\n\n\n\n\n38 Jahre Wachstum durch positives Denken und Handeln\n\n\n<h2>\u269c Ursprung<\/h2>\n\n\n<strong>Der Ursprung der Nationalen Gro\u00dfloge von Griechenland (NGLG) ist gem\u00e4\u00df der Verfassung der Vereinigten Gro\u00dfloge von England (UGLE), den Grundprinzipien f\u00fcr die Anerkennung von Gro\u00dflogen vom 4. September 1929, Regel 1, vollst\u00e4ndig kanonisch: \u201e\u2026 Kanonische Entstehung, das hei\u00dft, jede Gro\u00dfloge muss rechtm\u00e4\u00dfig von einer offiziell anerkannten Gro\u00dfloge oder von drei oder mehr regul\u00e4r konstituierten Logen gegr\u00fcndet worden sein\u2026\u201c. <\/strong>\n<p style=\"color: black !important; text-align: justify;\">Am 7. Juni 1986 beschlossen sechs Logen der Gro\u00dfloge von Griechenland aufgrund fortw\u00e4hrender Unregelm\u00e4\u00dfigkeiten, unzul\u00e4ssiger Disziplinarma\u00dfnahmen und der Verletzung der Rechte h\u00f6herer Gremien, auszutreten. Diese Logen waren \u201ePalaion Patron Germanos\u201c, \u201eAcropolis\u201c, \u201eParthenon\u201c, \u201eOmonoia\u201c, \u201eMiaoulis\u201c und \u201ePisti\u201c. Die anwesenden Vertreter dieser sechs Logen, darunter auch einige selbst, erkl\u00e4rten einstimmig ihren endg\u00fcltigen Austritt aus dem genannten Verband und gr\u00fcndeten die Nationale Gro\u00dfloge von Griechenland. Sie stimmten f\u00fcr deren erste Verfassung und w\u00e4hlten den ersten Rat sowie den ersten Gro\u00dfmeister, Stefanos Paipetis.<br><\/br>\n\nDie Einweihungszeremonie wurde vom verstorbenen Ehrw\u00fcrdigen Bruder William RJ Eve, ehemaliger Gro\u00dfdiakon der Vereinigten Gro\u00dfloge von England (UGLE) und erster stellvertretender Gro\u00dfmeister der Nationalen Gro\u00dfloge von Griechenland, in der Stadt Athen durchgef\u00fchrt.<\/p>\n\n\n\n\n<h2>\u269c Auszeichnungen <\/h2>\n\n\n<i class=\"fa fa-quote-left\"><\/i>&nbsp;88 gegenseitige Anerkennungen mit regul\u00e4ren Gro\u00dflogen auf der ganzen Welt, von denen die meisten von den 3 Mutterlogen anerkannt werden.\n\t\t\t\t\t<i class=\"fa fa-quote-right\"><\/i>\n\n\n\n\n\u0391\u03bc\u03bf\u03b9\u03b2\u03b1\u03af\u03b1 \u0391\u03bd\u03b1\u03b3\u03bd\u03ce\u03c1\u03b9\u03c3\u03b7 \u03bc\u03b5 \u03c4\u03b7 \u039c\u03b5\u03b3\u03ac\u03bb\u03b7 \u03a3\u03c4\u03bf\u03ac \u03c4\u03b7\u03c2 \u03a3\u03ba\u03c9\u03c4\u03af\u03b1\u03c2 \u03ba\u03b1\u03b9 \u03c4\u03b7 \u039c\u03b5\u03b3\u03ac\u03bb\u03b7 \u03a3\u03c4\u03bf\u03ac \u03c4\u03b7\u03c2 \u0399\u03c1\u03bb\u03b1\u03bd\u03b4\u03af\u03b1\u03c2, \u03c4\u03b9\u03c2 2 \u03b1\u03c0\u03cc \u03c4\u03b9\u03c2 3 \u039c\u03b7\u03c4\u03c1\u03b9\u03ba\u03ad\u03c2 \u039c\u03b5\u03b3\u03ac\u03bb\u03b5\u03c2 \u03a3\u03c4\u03bf\u03ad\u03c2, \u03ba\u03b1\u03b8\u03ce\u03c2 \u03ba\u03b1\u03b9 \u0391\u03bc\u03bf\u03b9\u03b2\u03b1\u03af\u03b1 \u0391\u03bd\u03b1\u03b3\u03bd\u03ce\u03c1\u03b9\u03c3\u03b7 \u03bc\u03b5 \u03c4\u03b7\u03bd \u0395\u03bd\u03c9\u03bc\u03ad\u03bd\u03b7 \u039c\u03b5\u03b3\u03ac\u03bb\u03b7 \u03a3\u03c4\u03bf\u03ac \u03c4\u03b7\u03c2 \u0391\u03b3\u03b3\u03bb\u03af\u03b1\u03c2 (UGLE) \u03ba\u03b1\u03c4\u03ac \u03c4\u03b7\u03bd \u03c0\u03b5\u03c1\u03af\u03bf\u03b4\u03bf 1993\u20131999.\n\n\n\n\n\u0397 \u0395\u03b8\u03bd\u03b9\u03ba\u03ae \u039c\u03b5\u03b3\u03ac\u03bb\u03b7 \u03a3\u03c4\u03bf\u03ac \u03c4\u03b7\u03c2 \u0395\u03bb\u03bb\u03ac\u03b4\u03bf\u03c2 (NGLG) \u03c3\u03c5\u03bc\u03bc\u03b5\u03c4\u03ad\u03c7\u03b5\u03b9 \u03c3\u03b5 \u03cc\u03bb\u03b1 \u03c4\u03b1 \u03c3\u03b7\u03bc\u03b1\u03bd\u03c4\u03b9\u03ba\u03ac \u03c3\u03c5\u03bd\u03ad\u03b4\u03c1\u03b9\u03b1 \u039a\u03b1\u03bd\u03bf\u03bd\u03b9\u03ba\u03ce\u03bd \u039c\u03b5\u03b3\u03ac\u03bb\u03c9\u03bd \u03a3\u03c4\u03bf\u03ce\u03bd\n(\u03a0\u03b1\u03b3\u03ba\u03cc\u03c3\u03bc\u03b9\u03b1, \u0395\u03c5\u03c1\u03c9\u03c0\u03b1\u03ca\u03ba\u03ac \u03a3\u03c5\u03bd\u03ad\u03b4\u03c1\u03b9\u03b1 \u039c\u03b5\u03b3\u03ac\u03bb\u03c9\u03bd \u0394\u03b9\u03b4\u03b1\u03c3\u03ba\u03ac\u03bb\u03c9\u03bd \u03ba\u03b1\u03b9 \u0393\u03b5\u03bd\u03b9\u03ba\u03ce\u03bd \u0393\u03c1\u03b1\u03bc\u03bc\u03b1\u03c4\u03ad\u03c9\u03bd, \u03ba\u03b1\u03b9 \u03c9\u03c2 \u03b5\u03c0\u03b9\u03c3\u03ba\u03ad\u03c0\u03c4\u03b7\u03c2 \u03c3\u03c4\u03bf CMI).\n\n\n\n\n60 \u039c\u03b5\u03b3\u03ac\u03bb\u03b5\u03c2 \u03a3\u03c4\u03bf\u03ad\u03c2 \u03c3\u03b5 \u03b1\u03b4\u03b5\u03bb\u03c6\u03b9\u03ba\u03ae \u03c3\u03c7\u03ad\u03c3\u03b7 \u03bc\u03b1\u03b6\u03af \u03bc\u03b1\u03c2 \u03b5\u03af\u03bd\u03b1\u03b9 \u03bc\u03ad\u03bb\u03b7 \u03c4\u03bf\u03c5 CMI.\n\n\n\n\n\n\n<h2> \u269c Veranstaltungen<\/h2>\n\n\n\n<ul style=\"font-size: 16px; font-style: normal; font-variant-caps: normal; outline: 0px; background-image: none; background-position: 0px 0px; background-size: auto; background-repeat: repeat; background-attachment: scroll; background-origin: padding-box; background-clip: border-box; caret-color: rgb(122, 122, 122); color: rgb(122, 122, 122); font-family: Roboto, sans-serif; text-align: center;\">     <li style=\"outline: 0px; font-size: 16px; background-image: none; background-position: 0px 0px; background-size: auto; background-repeat: repeat; background-attachment: scroll; background-origin: padding-box; background-clip: border-box; text-align: justify;\">         <h4 style=\"margin-top: 0.5rem; margin-bottom: 1rem; font-family: inherit; line-height: 1.2; font-size: 1.5rem;\">             <span style=\"color: rgb(0, 0, 0);\">Die Nationale Gro\u00dfloge von Griechenland ist die einzige Gro\u00dfloge in Griechenland, die seit ihrer Gr\u00fcndung ununterbrochen regelm\u00e4\u00dfig tagt und ihre Anerkennung nie aufgrund unregelm\u00e4\u00dfigen Verhaltens verloren hat.<\/span>         <\/h4>     <\/li> <\/ul>\n<ul style=\"font-size: 16px; font-style: normal; font-variant-caps: normal; outline: 0px; background-image: none; background-position: 0px 0px; background-size: auto; background-repeat: repeat; background-attachment: scroll; background-origin: padding-box; background-clip: border-box; caret-color: rgb(122, 122, 122); color: rgb(122, 122, 122); font-family: Roboto, sans-serif; text-align: center;\">     <li style=\"outline: 0px; font-size: 16px; background-image: none; background-position: 0px 0px; background-size: auto; background-repeat: repeat; background-attachment: scroll; background-origin: padding-box; background-clip: border-box; text-align: justify;\">         <h4 style=\"margin-top: 0.5rem; margin-bottom: 1rem; font-family: inherit; line-height: 1.2; font-size: 1.5rem;\">             <span style=\"color: rgb(0, 0, 0);\">Es ist uns eine Ehre, dass die Regelm\u00e4\u00dfigkeit von den 3 Mutter-Gro\u00dflogen best\u00e4tigt und anerkannt wird:<\/span>         <\/h4>     <\/li> <\/ul> <h4 style=\"font-style: normal; font-variant-caps: normal; margin-top: 0.5rem; margin-bottom: 1rem; font-family: Roboto, sans-serif; line-height: 1.2; color: rgb(122, 122, 122); font-size: 1.5rem; caret-color: rgb(122, 122, 122); text-align: justify;\">     <span style=\"color: rgb(0, 0, 0);\">UGLE &amp; Gro\u00dfloge von Schottland &amp; Gro\u00dfloge von Irland<\/span> <\/h4>\n<ul style=\"font-size: 16px; font-style: normal; font-variant-caps: normal; outline: 0px; background-image: none; background-position: 0px 0px; background-size: auto; background-repeat: repeat; background-attachment: scroll; background-origin: padding-box; background-clip: border-box; caret-color: rgb(122, 122, 122); color: rgb(122, 122, 122); font-family: Roboto, sans-serif; text-align: center;\">     <li style=\"outline: 0px; font-size: 16px; background-image: none; background-position: 0px 0px; background-size: auto; background-repeat: repeat; background-attachment: scroll; background-origin: padding-box; background-clip: border-box; text-align: justify;\">         <h4 style=\"margin-top: 0.5rem; margin-bottom: 1rem; font-family: inherit; line-height: 1.2; font-size: 1.5rem;\">             <span style=\"color: rgb(0, 0, 0);\">                 Die Gro\u00dfloge von Schottland begr\u00fc\u00dfte am 11. und 12. Oktober 2024 mehr als 60 Delegierte aus 41 verschiedenen Gro\u00dflogen zur 35. Europ\u00e4ischen Konferenz der Gro\u00dfsekret\u00e4re und Gro\u00dfkanzler.  <br><br>Sie trafen sich, um \u00fcber die \u201eBedeutung der Freimaurerei in der modernen Welt\u201c zu diskutieren, und der Gro\u00dfkanzler der Nationalen Gro\u00dfloge von Griechenland sprach \u00fcber das \u201eAnnehmen der Weisheit unserer \u00c4ltesten\u201c.             <\/span>         <\/h4>     <\/li> <\/ul>\n\n\n\n\n\n\n\n<h2>\n    <span style=\"caret-color: rgb(221, 129, 28); color: rgb(221, 129, 28); font-family: Lato; font-size: 22px; font-style: normal; font-variant-caps: normal; font-weight: 800; text-align: center;\">\n        35. Europ\u00e4ische Konferenz der Gro\u00dfsekret\u00e4re und Gro\u00dfkanzler 2024\n    <\/span>\n    <br>\n<\/h2>\n\n\n\n\n\n<h2>\n    <span style=\"caret-color: rgb(221, 129, 28); color: rgb(221, 129, 28); font-family: Lato; font-size: 22px; font-style: normal; font-variant-caps: normal; font-weight: 800; text-align: center;\">\n        Gro\u00dfloge von Irland, 24. November 2023\n    <\/span>\n    <br>\n<\/h2>\n\n\n\n\n\n<h2> \u269c Botschaft des Gro\u00dfkanzlers<\/h2>\n\n\nDas Amt des Gro\u00dfkanzlers wurde am 21. September 2021 eingerichtet, und der Hochw\u00fcrdige D. Sk. ist seit dem 20. Mai 2023 der dritte Gro\u00dfkanzler. Der Gro\u00dfkanzler nimmt stets die Aufgaben wahr (Pflege der Au\u00dfenbeziehungen, Teilnahme an Gro\u00dfversammlungen und Konferenzen sowie Austausch der Gro\u00dfrepr\u00e4sentanten unter strikter Einhaltung der in der Konstitution (can. 32) festgelegten alten Grenzen), die die Beziehungen der Gro\u00dfloge zu den kanonischen Gro\u00dflogen weltweit betreffen.\n<br><br>\n\n\n\n\n\n\n\n<h3> \u269c&nbsp;<\/h3>\n\n\n<em>Im Mittelalter zogen Steinmetze durchs ganze Land auf der Suche nach Arbeit. Da die meisten Menschen weder lesen noch schreiben konnten, ben\u00f6tigten sie einen Nachweis \u00fcber ihre erfolgreiche Ausbildung zum Steinmetzmeister. Wer den Meistertitel errang, erhielt spezielle W\u00f6rter und Gesten, die nur andere Steinmetze mit dieser Qualifikation kannten. So lie\u00df sich ihre berufliche Qualifikation \u00fcberpr\u00fcfen \u2013 vergleichbar mit dem mittelalterlichen Chip-und-PIN-System.<\/em>\n\n\n\n\n<em>Die Freimaurerei \u00fcbernimmt Traditionen der Steinmetze und hat neben Werkzeug und Sch\u00fcrze auch den symbolischen Handschlag eingef\u00fchrt. Dieser Handschlag, oder \u201eGriff\u201c, wie die Freimaurer ihn nennen, variiert je nach Grad. \u00c4hnlich wie die Qualifikationsstufen der Steinmetze dient er dazu, w\u00e4hrend der Sitzung zu best\u00e4tigen, dass man einen oder mehrere dieser rituellen Grade erreicht hat. Der besondere Handschlag war in der Vergangenheit von gro\u00dfer Bedeutung. Als reisender Freimaurer wollte man damit seine Zugeh\u00f6rigkeit zu einer Loge beweisen. Heute ist er rein traditionell und erinnert die Freimaurer bei jeder Handbewegung an ihre symbolische Verbindung zu diesen mittelalterlichen Handwerkern.<\/em>\n\n\n\n\n<em>Br\u00fcderliche Liebe, N\u00e4chstenliebe und Wahrheit sind die Grundpfeiler der Freimaurerei seit dem Bau des Tempels Salomos. In der Loge werden die Freimaurer daran erinnert, \u201esich auf Augenh\u00f6he zu begegnen, nach dem Prinzip der Rechtschaffenheit zu handeln und nach dem Prinzip der Tugend zu urteilen\u201c. Die Freimaurerei soll in keiner Weise die Glaubens-, Familien- oder Berufsverpflichtungen eines Einzelnen beeintr\u00e4chtigen. Sie ist kein Ersatz f\u00fcr diese wichtigen Institutionen und kann es auch niemals sein \u2013 vielmehr soll sie jeden Freimaurer an sich selbst, seine Familie, seine Gemeinschaft und seinen Glauben an einen H\u00f6chsten Sch\u00f6pfer (die individuelle Definition eines H\u00f6chsten Wesens) erinnern.<\/em>\n\n\n\n\n\n\n\n\n\n\n\n\n\n\n\n\n\n\n\n\n\n\n<h6>CMI-Besucher<\/h6>\n\n\n\n<h6>Teilnahme am Weltkongress<\/h6>","protected":false},"excerpt":{"rendered":"","protected":false},"author":1,"featured_media":0,"parent":0,"menu_order":0,"comment_status":"closed","ping_status":"closed","template":"","meta":{"pagelayer_contact_templates":[],"_pagelayer_content":"","footnotes":""},"class_list":["post-112","page","type-page","status-publish","hentry"],"_links":{"self":[{"href":"https:\/\/nglgreece.org\/de\/wp-json\/wp\/v2\/pages\/112","targetHints":{"allow":["GET"]}}],"collection":[{"href":"https:\/\/nglgreece.org\/de\/wp-json\/wp\/v2\/pages"}],"about":[{"href":"https:\/\/nglgreece.org\/de\/wp-json\/wp\/v2\/types\/page"}],"author":[{"embeddable":true,"href":"https:\/\/nglgreece.org\/de\/wp-json\/wp\/v2\/users\/1"}],"replies":[{"embeddable":true,"href":"https:\/\/nglgreece.org\/de\/wp-json\/wp\/v2\/comments?post=112"}],"version-history":[{"count":74,"href":"https:\/\/nglgreece.org\/de\/wp-json\/wp\/v2\/pages\/112\/revisions"}],"predecessor-version":[{"id":8090,"href":"https:\/\/nglgreece.org\/de\/wp-json\/wp\/v2\/pages\/112\/revisions\/8090"}],"wp:attachment":[{"href":"https:\/\/nglgreece.org\/de\/wp-json\/wp\/v2\/media?parent=112"}],"curies":[{"name":"wp","href":"https:\/\/api.w.org\/{rel}","templated":true}]}}